{"id":2746,"date":"2023-01-20T13:00:28","date_gmt":"2023-01-20T13:00:28","guid":{"rendered":"https:\/\/lunartecanarias.es\/?post_type=product&#038;p=2746"},"modified":"2024-12-11T22:29:36","modified_gmt":"2024-12-11T22:29:36","slug":"camiseta-escote-espalda","status":"publish","type":"product","link":"https:\/\/lunartecanarias.es\/en\/product\/camiseta-escote-espalda\/","title":{"rendered":"Open-back T-shirt"},"content":{"rendered":"<div id=\"output\" class=\"page-generator__output js-generator-output\">\n<p><strong>Product<\/strong><\/p>\n<p>Discover our Open-Back Lace-Knit T-Shirt in green, designed with a unique and fresh style. This piece stands out with its short sleeves and an elegant V-shaped back opening, adding a modern and sophisticated touch. Perfect for warm days or pairing for any occasion, it\u2019s a versatile wardrobe essential. Each T-shirt is carefully handcrafted, ensuring the quality and exclusivity that defines Lunarte Canarias.<\/p>\n<p><strong>Materials<\/strong><\/p>\n<p>The Open-Back T-Shirt is made with 100% high-quality cotton thread. This material is known for its softness, breathability, and suitability for any season. Additionally, its handcrafted construction ensures that each piece is unique and comfortable.<\/p>\n<p><strong>Care Instructions<\/strong><\/p>\n<p>To maintain the quality of this garment, it's important to follow the care recommendations. Hand wash in cold water using a gentle detergent. Additionally, lay it flat to dry to prevent it from losing its shape. With proper care, this T-shirt will stay in excellent condition for a long time.<\/p>\n<p><strong>Shipping Information<\/strong><\/p>\n<p>At Lunarte Canarias, all our garments are handcrafted with meticulous attention to detail, making each order truly unique. Once your purchase is complete, we will contact you to confirm the estimated shipping date. When your garment is ready, you will receive a tracking code to monitor the delivery status. If you're in Gran Canaria, you can choose to pick up your T-shirt at our workshop or have it delivered to your home, coordinating the most convenient delivery time in advance.<\/p>\n<p><strong>Size<\/strong><\/p>\n<p>We understand that every body is unique, which is why our garments are fully custom-made. Once your order is confirmed, we will contact you via email to request the necessary measurements. This ensures that the T-shirt fits you perfectly.<\/p>\n<\/div>\n<div id=\"output\" class=\"page-generator__output js-generator-output\">\n<p>&nbsp;<\/p>\n<\/div>","protected":false},"excerpt":{"rendered":"<ul>\n<li>Green lace-knit T-shirt with short sleeves and a V-shaped back opening<\/li>\n<li>100% cotton thread<\/li>\n<li>Hand wash in cold water<\/li>\n<li>Lay flat to dry<\/li>\n<li>Custom-made<\/li>\n<\/ul>","protected":false},"featured_media":3617,"template":"","meta":[],"product_brand":[],"product_cat":[21,24],"product_tag":[72,60,62,63],"class_list":{"0":"post-2746","1":"product","2":"type-product","3":"status-publish","4":"has-post-thumbnail","6":"product_cat-moda","7":"product_cat-tops-y-camisetas","8":"product_tag-camiseta","9":"product_tag-crochet","10":"product_tag-escote","11":"product_tag-espalda","13":"first","14":"instock","15":"purchasable","16":"product-type-simple"},"yoast_head":"<!-- This site is optimized with the Yoast SEO plugin v24.9 - https:\/\/yoast.com\/wordpress\/plugins\/seo\/ -->\n<title>Camiseta escote espalda - Lunarte Canarias<\/title>\n<meta name=\"description\" content=\"Camiseta escote espalda en punto calado verde, con manga corta y abertura en pico. Dise\u00f1o artesanal y a medida. \u00a1Elige la tuya ahora!\" \/>\n<meta name=\"robots\" content=\"index, follow, max-snippet:-1, max-image-preview:large, max-video-preview:-1\" \/>\n<link rel=\"canonical\" href=\"https:\/\/lunartecanarias.es\/en\/product\/camiseta-escote-espalda\/\" \/>\n<meta property=\"og:locale\" content=\"en_GB\" \/>\n<meta property=\"og:type\" content=\"article\" \/>\n<meta property=\"og:title\" content=\"Camiseta escote espalda - Lunarte Canarias\" \/>\n<meta property=\"og:description\" content=\"Camiseta escote espalda en punto calado verde, con manga corta y abertura en pico. Dise\u00f1o artesanal y a medida. \u00a1Elige la tuya ahora!\" \/>\n<meta property=\"og:url\" content=\"https:\/\/lunartecanarias.es\/en\/product\/camiseta-escote-espalda\/\" \/>\n<meta property=\"og:site_name\" content=\"Lunarte Canarias\" \/>\n<meta property=\"article:modified_time\" content=\"2024-12-11T22:29:36+00:00\" \/>\n<meta property=\"og:image\" content=\"https:\/\/lunartecanarias.es\/wp-content\/uploads\/2023\/01\/BLUSA_ESTHER_3.webp\" \/>\n\t<meta property=\"og:image:width\" content=\"1000\" \/>\n\t<meta property=\"og:image:height\" content=\"1333\" \/>\n\t<meta property=\"og:image:type\" content=\"image\/webp\" \/>\n<meta name=\"twitter:card\" content=\"summary_large_image\" \/>\n<meta name=\"twitter:label1\" content=\"Estimated reading time\" \/>\n\t<meta name=\"twitter:data1\" content=\"2 minutes\" \/>\n<script type=\"application\/ld+json\" class=\"yoast-schema-graph\">{\"@context\":\"https:\/\/schema.org\",\"@graph\":[{\"@type\":\"WebPage\",\"@id\":\"https:\/\/lunartecanarias.es\/producto\/camiseta-escote-espalda\/\",\"url\":\"https:\/\/lunartecanarias.es\/producto\/camiseta-escote-espalda\/\",\"name\":\"Camiseta escote espalda - Lunarte Canarias\",\"isPartOf\":{\"@id\":\"https:\/\/lunartecanarias.es\/#website\"},\"primaryImageOfPage\":{\"@id\":\"https:\/\/lunartecanarias.es\/producto\/camiseta-escote-espalda\/#primaryimage\"},\"image\":{\"@id\":\"https:\/\/lunartecanarias.es\/producto\/camiseta-escote-espalda\/#primaryimage\"},\"thumbnailUrl\":\"https:\/\/lunartecanarias.es\/wp-content\/uploads\/2023\/01\/BLUSA_ESTHER_3.webp\",\"datePublished\":\"2023-01-20T13:00:28+00:00\",\"dateModified\":\"2024-12-11T22:29:36+00:00\",\"description\":\"Camiseta escote espalda en punto calado verde, con manga corta y abertura en pico. Dise\u00f1o artesanal y a medida. \u00a1Elige la tuya ahora!\",\"breadcrumb\":{\"@id\":\"https:\/\/lunartecanarias.es\/producto\/camiseta-escote-espalda\/#breadcrumb\"},\"inLanguage\":\"en-GB\",\"potentialAction\":[{\"@type\":\"ReadAction\",\"target\":[\"https:\/\/lunartecanarias.es\/producto\/camiseta-escote-espalda\/\"]}]},{\"@type\":\"ImageObject\",\"inLanguage\":\"en-GB\",\"@id\":\"https:\/\/lunartecanarias.es\/producto\/camiseta-escote-espalda\/#primaryimage\",\"url\":\"https:\/\/lunartecanarias.es\/wp-content\/uploads\/2023\/01\/BLUSA_ESTHER_3.webp\",\"contentUrl\":\"https:\/\/lunartecanarias.es\/wp-content\/uploads\/2023\/01\/BLUSA_ESTHER_3.webp\",\"width\":1000,\"height\":1333,\"caption\":\"Camiseta escote espalda\"},{\"@type\":\"BreadcrumbList\",\"@id\":\"https:\/\/lunartecanarias.es\/producto\/camiseta-escote-espalda\/#breadcrumb\",\"itemListElement\":[{\"@type\":\"ListItem\",\"position\":1,\"name\":\"Portada\",\"item\":\"https:\/\/lunartecanarias.es\/\"},{\"@type\":\"ListItem\",\"position\":2,\"name\":\"Tienda\",\"item\":\"https:\/\/lunartecanarias.es\/tienda\/\"},{\"@type\":\"ListItem\",\"position\":3,\"name\":\"Camiseta escote espalda\"}]},{\"@type\":\"WebSite\",\"@id\":\"https:\/\/lunartecanarias.es\/#website\",\"url\":\"https:\/\/lunartecanarias.es\/\",\"name\":\"Lunarte Canarias\",\"description\":\"Lunarte Canarias es una tienda artesanal \u00fanica que ofrece productos exclusivos hechos a mano, reflejando la tradici\u00f3n y creatividad canaria. Cada pieza es cuidadosamente elaborada, brindando una experiencia aut\u00e9ntica y original.\",\"publisher\":{\"@id\":\"https:\/\/lunartecanarias.es\/#organization\"},\"potentialAction\":[{\"@type\":\"SearchAction\",\"target\":{\"@type\":\"EntryPoint\",\"urlTemplate\":\"https:\/\/lunartecanarias.es\/?s={search_term_string}\"},\"query-input\":{\"@type\":\"PropertyValueSpecification\",\"valueRequired\":true,\"valueName\":\"search_term_string\"}}],\"inLanguage\":\"en-GB\"},{\"@type\":\"Organization\",\"@id\":\"https:\/\/lunartecanarias.es\/#organization\",\"name\":\"Lunarte Canarias\",\"alternateName\":\"Lunarte\",\"url\":\"https:\/\/lunartecanarias.es\/\",\"logo\":{\"@type\":\"ImageObject\",\"inLanguage\":\"en-GB\",\"@id\":\"https:\/\/lunartecanarias.es\/#\/schema\/logo\/image\/\",\"url\":\"https:\/\/lunartecanarias.es\/wp-content\/uploads\/2023\/01\/Logotipo-Lunarte-200x200px-01.png\",\"contentUrl\":\"https:\/\/lunartecanarias.es\/wp-content\/uploads\/2023\/01\/Logotipo-Lunarte-200x200px-01.png\",\"width\":201,\"height\":201,\"caption\":\"Lunarte Canarias\"},\"image\":{\"@id\":\"https:\/\/lunartecanarias.es\/#\/schema\/logo\/image\/\"}}]}<\/script>\n<!-- \/ Yoast SEO plugin. -->","yoast_head_json":{"title":"Camiseta escote espalda - Lunarte Canarias","description":"Camiseta escote espalda en punto calado verde, con manga corta y abertura en pico. Dise\u00f1o artesanal y a medida. \u00a1Elige la tuya ahora!","robots":{"index":"index","follow":"follow","max-snippet":"max-snippet:-1","max-image-preview":"max-image-preview:large","max-video-preview":"max-video-preview:-1"},"canonical":"https:\/\/lunartecanarias.es\/en\/product\/camiseta-escote-espalda\/","og_locale":"en_GB","og_type":"article","og_title":"Camiseta escote espalda - Lunarte Canarias","og_description":"Camiseta escote espalda en punto calado verde, con manga corta y abertura en pico. Dise\u00f1o artesanal y a medida. \u00a1Elige la tuya ahora!","og_url":"https:\/\/lunartecanarias.es\/en\/product\/camiseta-escote-espalda\/","og_site_name":"Lunarte Canarias","article_modified_time":"2024-12-11T22:29:36+00:00","og_image":[{"width":1000,"height":1333,"url":"https:\/\/lunartecanarias.es\/wp-content\/uploads\/2023\/01\/BLUSA_ESTHER_3.webp","type":"image\/webp"}],"twitter_card":"summary_large_image","twitter_misc":{"Estimated reading time":"2 minutes"},"schema":{"@context":"https:\/\/schema.org","@graph":[{"@type":"WebPage","@id":"https:\/\/lunartecanarias.es\/producto\/camiseta-escote-espalda\/","url":"https:\/\/lunartecanarias.es\/producto\/camiseta-escote-espalda\/","name":"Camiseta escote espalda - Lunarte Canarias","isPartOf":{"@id":"https:\/\/lunartecanarias.es\/#website"},"primaryImageOfPage":{"@id":"https:\/\/lunartecanarias.es\/producto\/camiseta-escote-espalda\/#primaryimage"},"image":{"@id":"https:\/\/lunartecanarias.es\/producto\/camiseta-escote-espalda\/#primaryimage"},"thumbnailUrl":"https:\/\/lunartecanarias.es\/wp-content\/uploads\/2023\/01\/BLUSA_ESTHER_3.webp","datePublished":"2023-01-20T13:00:28+00:00","dateModified":"2024-12-11T22:29:36+00:00","description":"Camiseta escote espalda en punto calado verde, con manga corta y abertura en pico. Dise\u00f1o artesanal y a medida. \u00a1Elige la tuya ahora!","breadcrumb":{"@id":"https:\/\/lunartecanarias.es\/producto\/camiseta-escote-espalda\/#breadcrumb"},"inLanguage":"en-GB","potentialAction":[{"@type":"ReadAction","target":["https:\/\/lunartecanarias.es\/producto\/camiseta-escote-espalda\/"]}]},{"@type":"ImageObject","inLanguage":"en-GB","@id":"https:\/\/lunartecanarias.es\/producto\/camiseta-escote-espalda\/#primaryimage","url":"https:\/\/lunartecanarias.es\/wp-content\/uploads\/2023\/01\/BLUSA_ESTHER_3.webp","contentUrl":"https:\/\/lunartecanarias.es\/wp-content\/uploads\/2023\/01\/BLUSA_ESTHER_3.webp","width":1000,"height":1333,"caption":"Camiseta escote espalda"},{"@type":"BreadcrumbList","@id":"https:\/\/lunartecanarias.es\/producto\/camiseta-escote-espalda\/#breadcrumb","itemListElement":[{"@type":"ListItem","position":1,"name":"Portada","item":"https:\/\/lunartecanarias.es\/"},{"@type":"ListItem","position":2,"name":"Tienda","item":"https:\/\/lunartecanarias.es\/tienda\/"},{"@type":"ListItem","position":3,"name":"Camiseta escote espalda"}]},{"@type":"WebSite","@id":"https:\/\/lunartecanarias.es\/#website","url":"https:\/\/lunartecanarias.es\/","name":"Lunarte Canarias","description":"Lunarte Canarias es una tienda artesanal \u00fanica que ofrece productos exclusivos hechos a mano, reflejando la tradici\u00f3n y creatividad canaria. Cada pieza es cuidadosamente elaborada, brindando una experiencia aut\u00e9ntica y original.","publisher":{"@id":"https:\/\/lunartecanarias.es\/#organization"},"potentialAction":[{"@type":"SearchAction","target":{"@type":"EntryPoint","urlTemplate":"https:\/\/lunartecanarias.es\/?s={search_term_string}"},"query-input":{"@type":"PropertyValueSpecification","valueRequired":true,"valueName":"search_term_string"}}],"inLanguage":"en-GB"},{"@type":"Organization","@id":"https:\/\/lunartecanarias.es\/#organization","name":"Lunarte Canarias","alternateName":"Lunarte","url":"https:\/\/lunartecanarias.es\/","logo":{"@type":"ImageObject","inLanguage":"en-GB","@id":"https:\/\/lunartecanarias.es\/#\/schema\/logo\/image\/","url":"https:\/\/lunartecanarias.es\/wp-content\/uploads\/2023\/01\/Logotipo-Lunarte-200x200px-01.png","contentUrl":"https:\/\/lunartecanarias.es\/wp-content\/uploads\/2023\/01\/Logotipo-Lunarte-200x200px-01.png","width":201,"height":201,"caption":"Lunarte Canarias"},"image":{"@id":"https:\/\/lunartecanarias.es\/#\/schema\/logo\/image\/"}}]}},"_links":{"self":[{"href":"https:\/\/lunartecanarias.es\/en\/wp-json\/wp\/v2\/product\/2746","targetHints":{"allow":["GET"]}}],"collection":[{"href":"https:\/\/lunartecanarias.es\/en\/wp-json\/wp\/v2\/product"}],"about":[{"href":"https:\/\/lunartecanarias.es\/en\/wp-json\/wp\/v2\/types\/product"}],"wp:featuredmedia":[{"embeddable":true,"href":"https:\/\/lunartecanarias.es\/en\/wp-json\/wp\/v2\/media\/3617"}],"wp:attachment":[{"href":"https:\/\/lunartecanarias.es\/en\/wp-json\/wp\/v2\/media?parent=2746"}],"wp:term":[{"taxonomy":"product_brand","embeddable":true,"href":"https:\/\/lunartecanarias.es\/en\/wp-json\/wp\/v2\/product_brand?post=2746"},{"taxonomy":"product_cat","embeddable":true,"href":"https:\/\/lunartecanarias.es\/en\/wp-json\/wp\/v2\/product_cat?post=2746"},{"taxonomy":"product_tag","embeddable":true,"href":"https:\/\/lunartecanarias.es\/en\/wp-json\/wp\/v2\/product_tag?post=2746"}],"curies":[{"name":"wp","href":"https:\/\/api.w.org\/{rel}","templated":true}]}}