{"id":2817,"date":"2023-01-25T13:55:49","date_gmt":"2023-01-25T13:55:49","guid":{"rendered":"https:\/\/lunartecanarias.es\/?post_type=product&#038;p=2817"},"modified":"2025-01-02T00:38:11","modified_gmt":"2025-01-02T00:38:11","slug":"top-color-fucsia","status":"publish","type":"product","link":"https:\/\/lunartecanarias.es\/en\/product\/top-color-fucsia\/","title":{"rendered":"Fuchsia Top"},"content":{"rendered":"<div id=\"output\" class=\"page-generator__output js-generator-output\">\n<h4><strong>Product<\/strong><\/h4>\n<p>The <strong>Fuchsia Top<\/strong> is a vibrant and sophisticated garment is perfect for standing out on any occasion. Handcrafted in crochet, this design features a V-neckline that enhances the figure, delicate straps for comfort, and a corset-style closure for a personalized fit. Its vibrant fuchsia color adds energy and style, making it ideal to pair with pants, skirts, or shorts. This top is the perfect choice for warm days, outdoor events, or special outings where you want to showcase a fresh and modern look.<\/p>\n<h4><strong>Materials<\/strong><\/h4>\n<p>The <strong>Fuchsia Top<\/strong> is crafted with 100% high-quality cotton thread. This natural material ensures softness, breathability, and comfort, making it perfect for warm climates. Additionally, its artisanal craftsmanship guarantees a unique, durable garment with flawless finishes, designed for those who value exclusivity and quality in their clothing.<\/p>\n<h4><strong>Care Instructions<\/strong><\/h4>\n<p>To preserve the beauty and quality of your top:<\/p>\n<ul>\n<li>Hand wash it in cold water using a gentle detergent suitable for delicate fabrics.<\/li>\n<li>Lay it flat to dry to preserve its original shape and prevent stretching.<\/li>\n<\/ul>\n<p>With proper care, you'll enjoy a garment that stays flawless for a long time.<\/p>\n<h4><strong>Shipping Information<\/strong><\/h4>\n<p>In <strong>Lunarte Canarias<\/strong>, each garment is crafted with dedication and attention to detail. After placing your order:<\/p>\n<ol>\n<li>We will contact you to confirm the estimated shipping date.<\/li>\n<li>You will receive a tracking code once the garment is ready.<\/li>\n<\/ol>\n<p>If you live in Gran Canaria, you can choose to pick up your garment at our workshop or request home delivery, coordinating the drop-off with you for added convenience.<\/p>\n<h4><strong>Size<\/strong><\/h4>\n<p>Each <strong>Fuchsia Top<\/strong> is fully custom-made to ensure a perfect fit. After placing your order, we will contact you via email to request your measurements and personalize the garment according to your needs.<\/p>\n<\/div>\n<div id=\"output\" class=\"page-generator__output js-generator-output\">\n<p>&nbsp;<\/p>\n<\/div>","protected":false},"excerpt":{"rendered":"<ul>\n<li>Fuchsia V-Neck Top with Straps and Corset-Style Closure<\/li>\n<li>100% cotton thread<\/li>\n<li>Hand wash in cold water<\/li>\n<li>Lay flat to dry<\/li>\n<li>Custom-made<\/li>\n<\/ul>\n<p>&nbsp;<\/p>","protected":false},"featured_media":3954,"template":"","meta":[],"product_brand":[],"product_cat":[21,24],"product_tag":[60,77],"class_list":{"0":"post-2817","1":"product","2":"type-product","3":"status-publish","4":"has-post-thumbnail","6":"product_cat-moda","7":"product_cat-tops-y-camisetas","8":"product_tag-crochet","9":"product_tag-top","11":"first","12":"instock","13":"purchasable","14":"product-type-simple"},"yoast_head":"<!-- This site is optimized with the Yoast SEO plugin v24.9 - https:\/\/yoast.com\/wordpress\/plugins\/seo\/ -->\n<title>Top color fucsia - Lunarte Canarias<\/title>\n<meta name=\"description\" content=\"Top color fucsia en crochet, dise\u00f1o con escote en pico, tirantes y cierre cors\u00e9. Hecho a mano, c\u00f3modo y ajustado a medida. \u00a1Encarga el tuyo ahora!\" \/>\n<meta name=\"robots\" content=\"index, follow, max-snippet:-1, max-image-preview:large, max-video-preview:-1\" \/>\n<link rel=\"canonical\" href=\"https:\/\/lunartecanarias.es\/en\/product\/top-color-fucsia\/\" \/>\n<meta property=\"og:locale\" content=\"en_GB\" \/>\n<meta property=\"og:type\" content=\"article\" \/>\n<meta property=\"og:title\" content=\"Top color fucsia - Lunarte Canarias\" \/>\n<meta property=\"og:description\" content=\"Top color fucsia en crochet, dise\u00f1o con escote en pico, tirantes y cierre cors\u00e9. Hecho a mano, c\u00f3modo y ajustado a medida. \u00a1Encarga el tuyo ahora!\" \/>\n<meta property=\"og:url\" content=\"https:\/\/lunartecanarias.es\/en\/product\/top-color-fucsia\/\" \/>\n<meta property=\"og:site_name\" content=\"Lunarte Canarias\" \/>\n<meta property=\"article:modified_time\" content=\"2025-01-02T00:38:11+00:00\" \/>\n<meta property=\"og:image\" content=\"https:\/\/lunartecanarias.es\/wp-content\/uploads\/2024\/12\/TOP_CARLA_2.webp\" \/>\n\t<meta property=\"og:image:width\" content=\"1000\" \/>\n\t<meta property=\"og:image:height\" content=\"1333\" \/>\n\t<meta property=\"og:image:type\" content=\"image\/webp\" \/>\n<meta name=\"twitter:card\" content=\"summary_large_image\" \/>\n<meta name=\"twitter:label1\" content=\"Estimated reading time\" \/>\n\t<meta name=\"twitter:data1\" content=\"2 minutes\" \/>\n<script type=\"application\/ld+json\" class=\"yoast-schema-graph\">{\"@context\":\"https:\/\/schema.org\",\"@graph\":[{\"@type\":\"WebPage\",\"@id\":\"https:\/\/lunartecanarias.es\/producto\/top-color-fucsia\/\",\"url\":\"https:\/\/lunartecanarias.es\/producto\/top-color-fucsia\/\",\"name\":\"Top color fucsia - Lunarte Canarias\",\"isPartOf\":{\"@id\":\"https:\/\/lunartecanarias.es\/#website\"},\"primaryImageOfPage\":{\"@id\":\"https:\/\/lunartecanarias.es\/producto\/top-color-fucsia\/#primaryimage\"},\"image\":{\"@id\":\"https:\/\/lunartecanarias.es\/producto\/top-color-fucsia\/#primaryimage\"},\"thumbnailUrl\":\"https:\/\/lunartecanarias.es\/wp-content\/uploads\/2024\/12\/TOP_CARLA_2.webp\",\"datePublished\":\"2023-01-25T13:55:49+00:00\",\"dateModified\":\"2025-01-02T00:38:11+00:00\",\"description\":\"Top color fucsia en crochet, dise\u00f1o con escote en pico, tirantes y cierre cors\u00e9. Hecho a mano, c\u00f3modo y ajustado a medida. \u00a1Encarga el tuyo ahora!\",\"breadcrumb\":{\"@id\":\"https:\/\/lunartecanarias.es\/producto\/top-color-fucsia\/#breadcrumb\"},\"inLanguage\":\"en-GB\",\"potentialAction\":[{\"@type\":\"ReadAction\",\"target\":[\"https:\/\/lunartecanarias.es\/producto\/top-color-fucsia\/\"]}]},{\"@type\":\"ImageObject\",\"inLanguage\":\"en-GB\",\"@id\":\"https:\/\/lunartecanarias.es\/producto\/top-color-fucsia\/#primaryimage\",\"url\":\"https:\/\/lunartecanarias.es\/wp-content\/uploads\/2024\/12\/TOP_CARLA_2.webp\",\"contentUrl\":\"https:\/\/lunartecanarias.es\/wp-content\/uploads\/2024\/12\/TOP_CARLA_2.webp\",\"width\":1000,\"height\":1333,\"caption\":\"Top color fucsia\"},{\"@type\":\"BreadcrumbList\",\"@id\":\"https:\/\/lunartecanarias.es\/producto\/top-color-fucsia\/#breadcrumb\",\"itemListElement\":[{\"@type\":\"ListItem\",\"position\":1,\"name\":\"Portada\",\"item\":\"https:\/\/lunartecanarias.es\/\"},{\"@type\":\"ListItem\",\"position\":2,\"name\":\"Tienda\",\"item\":\"https:\/\/lunartecanarias.es\/tienda\/\"},{\"@type\":\"ListItem\",\"position\":3,\"name\":\"Top color fucsia\"}]},{\"@type\":\"WebSite\",\"@id\":\"https:\/\/lunartecanarias.es\/#website\",\"url\":\"https:\/\/lunartecanarias.es\/\",\"name\":\"Lunarte Canarias\",\"description\":\"Lunarte Canarias es una tienda artesanal \u00fanica que ofrece productos exclusivos hechos a mano, reflejando la tradici\u00f3n y creatividad canaria. Cada pieza es cuidadosamente elaborada, brindando una experiencia aut\u00e9ntica y original.\",\"publisher\":{\"@id\":\"https:\/\/lunartecanarias.es\/#organization\"},\"potentialAction\":[{\"@type\":\"SearchAction\",\"target\":{\"@type\":\"EntryPoint\",\"urlTemplate\":\"https:\/\/lunartecanarias.es\/?s={search_term_string}\"},\"query-input\":{\"@type\":\"PropertyValueSpecification\",\"valueRequired\":true,\"valueName\":\"search_term_string\"}}],\"inLanguage\":\"en-GB\"},{\"@type\":\"Organization\",\"@id\":\"https:\/\/lunartecanarias.es\/#organization\",\"name\":\"Lunarte Canarias\",\"alternateName\":\"Lunarte\",\"url\":\"https:\/\/lunartecanarias.es\/\",\"logo\":{\"@type\":\"ImageObject\",\"inLanguage\":\"en-GB\",\"@id\":\"https:\/\/lunartecanarias.es\/#\/schema\/logo\/image\/\",\"url\":\"https:\/\/lunartecanarias.es\/wp-content\/uploads\/2023\/01\/Logotipo-Lunarte-200x200px-01.png\",\"contentUrl\":\"https:\/\/lunartecanarias.es\/wp-content\/uploads\/2023\/01\/Logotipo-Lunarte-200x200px-01.png\",\"width\":201,\"height\":201,\"caption\":\"Lunarte Canarias\"},\"image\":{\"@id\":\"https:\/\/lunartecanarias.es\/#\/schema\/logo\/image\/\"}}]}<\/script>\n<!-- \/ Yoast SEO plugin. -->","yoast_head_json":{"title":"Top color fucsia - Lunarte Canarias","description":"Top color fucsia en crochet, dise\u00f1o con escote en pico, tirantes y cierre cors\u00e9. Hecho a mano, c\u00f3modo y ajustado a medida. \u00a1Encarga el tuyo ahora!","robots":{"index":"index","follow":"follow","max-snippet":"max-snippet:-1","max-image-preview":"max-image-preview:large","max-video-preview":"max-video-preview:-1"},"canonical":"https:\/\/lunartecanarias.es\/en\/product\/top-color-fucsia\/","og_locale":"en_GB","og_type":"article","og_title":"Top color fucsia - Lunarte Canarias","og_description":"Top color fucsia en crochet, dise\u00f1o con escote en pico, tirantes y cierre cors\u00e9. Hecho a mano, c\u00f3modo y ajustado a medida. \u00a1Encarga el tuyo ahora!","og_url":"https:\/\/lunartecanarias.es\/en\/product\/top-color-fucsia\/","og_site_name":"Lunarte Canarias","article_modified_time":"2025-01-02T00:38:11+00:00","og_image":[{"width":1000,"height":1333,"url":"https:\/\/lunartecanarias.es\/wp-content\/uploads\/2024\/12\/TOP_CARLA_2.webp","type":"image\/webp"}],"twitter_card":"summary_large_image","twitter_misc":{"Estimated reading time":"2 minutes"},"schema":{"@context":"https:\/\/schema.org","@graph":[{"@type":"WebPage","@id":"https:\/\/lunartecanarias.es\/producto\/top-color-fucsia\/","url":"https:\/\/lunartecanarias.es\/producto\/top-color-fucsia\/","name":"Top color fucsia - Lunarte Canarias","isPartOf":{"@id":"https:\/\/lunartecanarias.es\/#website"},"primaryImageOfPage":{"@id":"https:\/\/lunartecanarias.es\/producto\/top-color-fucsia\/#primaryimage"},"image":{"@id":"https:\/\/lunartecanarias.es\/producto\/top-color-fucsia\/#primaryimage"},"thumbnailUrl":"https:\/\/lunartecanarias.es\/wp-content\/uploads\/2024\/12\/TOP_CARLA_2.webp","datePublished":"2023-01-25T13:55:49+00:00","dateModified":"2025-01-02T00:38:11+00:00","description":"Top color fucsia en crochet, dise\u00f1o con escote en pico, tirantes y cierre cors\u00e9. Hecho a mano, c\u00f3modo y ajustado a medida. \u00a1Encarga el tuyo ahora!","breadcrumb":{"@id":"https:\/\/lunartecanarias.es\/producto\/top-color-fucsia\/#breadcrumb"},"inLanguage":"en-GB","potentialAction":[{"@type":"ReadAction","target":["https:\/\/lunartecanarias.es\/producto\/top-color-fucsia\/"]}]},{"@type":"ImageObject","inLanguage":"en-GB","@id":"https:\/\/lunartecanarias.es\/producto\/top-color-fucsia\/#primaryimage","url":"https:\/\/lunartecanarias.es\/wp-content\/uploads\/2024\/12\/TOP_CARLA_2.webp","contentUrl":"https:\/\/lunartecanarias.es\/wp-content\/uploads\/2024\/12\/TOP_CARLA_2.webp","width":1000,"height":1333,"caption":"Top color fucsia"},{"@type":"BreadcrumbList","@id":"https:\/\/lunartecanarias.es\/producto\/top-color-fucsia\/#breadcrumb","itemListElement":[{"@type":"ListItem","position":1,"name":"Portada","item":"https:\/\/lunartecanarias.es\/"},{"@type":"ListItem","position":2,"name":"Tienda","item":"https:\/\/lunartecanarias.es\/tienda\/"},{"@type":"ListItem","position":3,"name":"Top color fucsia"}]},{"@type":"WebSite","@id":"https:\/\/lunartecanarias.es\/#website","url":"https:\/\/lunartecanarias.es\/","name":"Lunarte Canarias","description":"Lunarte Canarias es una tienda artesanal \u00fanica que ofrece productos exclusivos hechos a mano, reflejando la tradici\u00f3n y creatividad canaria. Cada pieza es cuidadosamente elaborada, brindando una experiencia aut\u00e9ntica y original.","publisher":{"@id":"https:\/\/lunartecanarias.es\/#organization"},"potentialAction":[{"@type":"SearchAction","target":{"@type":"EntryPoint","urlTemplate":"https:\/\/lunartecanarias.es\/?s={search_term_string}"},"query-input":{"@type":"PropertyValueSpecification","valueRequired":true,"valueName":"search_term_string"}}],"inLanguage":"en-GB"},{"@type":"Organization","@id":"https:\/\/lunartecanarias.es\/#organization","name":"Lunarte Canarias","alternateName":"Lunarte","url":"https:\/\/lunartecanarias.es\/","logo":{"@type":"ImageObject","inLanguage":"en-GB","@id":"https:\/\/lunartecanarias.es\/#\/schema\/logo\/image\/","url":"https:\/\/lunartecanarias.es\/wp-content\/uploads\/2023\/01\/Logotipo-Lunarte-200x200px-01.png","contentUrl":"https:\/\/lunartecanarias.es\/wp-content\/uploads\/2023\/01\/Logotipo-Lunarte-200x200px-01.png","width":201,"height":201,"caption":"Lunarte Canarias"},"image":{"@id":"https:\/\/lunartecanarias.es\/#\/schema\/logo\/image\/"}}]}},"_links":{"self":[{"href":"https:\/\/lunartecanarias.es\/en\/wp-json\/wp\/v2\/product\/2817","targetHints":{"allow":["GET"]}}],"collection":[{"href":"https:\/\/lunartecanarias.es\/en\/wp-json\/wp\/v2\/product"}],"about":[{"href":"https:\/\/lunartecanarias.es\/en\/wp-json\/wp\/v2\/types\/product"}],"wp:featuredmedia":[{"embeddable":true,"href":"https:\/\/lunartecanarias.es\/en\/wp-json\/wp\/v2\/media\/3954"}],"wp:attachment":[{"href":"https:\/\/lunartecanarias.es\/en\/wp-json\/wp\/v2\/media?parent=2817"}],"wp:term":[{"taxonomy":"product_brand","embeddable":true,"href":"https:\/\/lunartecanarias.es\/en\/wp-json\/wp\/v2\/product_brand?post=2817"},{"taxonomy":"product_cat","embeddable":true,"href":"https:\/\/lunartecanarias.es\/en\/wp-json\/wp\/v2\/product_cat?post=2817"},{"taxonomy":"product_tag","embeddable":true,"href":"https:\/\/lunartecanarias.es\/en\/wp-json\/wp\/v2\/product_tag?post=2817"}],"curies":[{"name":"wp","href":"https:\/\/api.w.org\/{rel}","templated":true}]}}