{"id":2868,"date":"2023-01-27T13:27:36","date_gmt":"2023-01-27T13:27:36","guid":{"rendered":"https:\/\/lunartecanarias.es\/?post_type=product&#038;p=2868"},"modified":"2024-12-22T18:38:22","modified_gmt":"2024-12-22T18:38:22","slug":"vestido-volantes","status":"publish","type":"product","link":"https:\/\/lunartecanarias.es\/en\/product\/vestido-volantes\/","title":{"rendered":"Ruffled dress"},"content":{"rendered":"<div id=\"output\" class=\"page-generator__output js-generator-output\">\n<h4><strong>Product<\/strong><\/h4>\n<p>The <strong>Ruffled dress<\/strong> is a unique and elegant piece designed for those who want to stand out on any occasion. Handcrafted in crochet, this orange top blends freshness and style. Its off-shoulder design and arm-length sleeves add a romantic and modern touch, while the corset-style back closure ensures a personalized and comfortable fit. Perfect for pairing with pants, skirts, or shorts, this top is ideal for special events, night outings, or warm days, adding a vibrant and sophisticated touch to your look.<\/p>\n<h4><strong>Materials<\/strong><\/h4>\n<p>The Ruffled Dress is crafted with 100% high-quality cotton thread, a natural material that ensures softness, breathability, and comfort. This fabric is perfect for warm climates and feels pleasant against the skin. The artisanal craftsmanship guarantees a well-made, durable finish, making this garment an exclusive piece. <strong>Lunarte Canarias<\/strong>.<\/p>\n<h4><strong>Care Instructions<\/strong><\/h4>\n<p>To maintain the quality and beauty of your ruffled dress:<\/p>\n<ul>\n<li>L\u00e1valo a mano en agua fr\u00eda con un detergente suave para tejidos delicados.<\/li>\n<li>Lay it flat to dry to maintain its shape and prevent deformations.<\/li>\n<\/ul>\n<p>With proper care, you'll enjoy a garment that stays flawless for a long time.<\/p>\n<h4><strong>Shipping Information<\/strong><\/h4>\n<p class=\"translation-block\">Each garment at Lunarte Canarias is handcrafted and fully customized. Once your order is placed:<\/p>\n<ol>\n<li>We will contact you to confirm the estimated shipping date.<\/li>\n<li>Once the garment is completed, you will receive a tracking code to monitor your order.<\/li>\n<\/ol>\n<p>If you're in Gran Canaria, you can choose to pick up your garment at our workshop or request home delivery, coordinating the delivery with you for added convenience.<\/p>\n<h4><strong>Size<\/strong><\/h4>\n<p>is custom-made to ensure an ideal fit. After completing your order, we will contact you via email to request your measurements and create a personalized garment that fits you perfectly.<\/p>\n<\/div>\n<div id=\"output\" class=\"page-generator__output js-generator-output\">\n<p>&nbsp;<\/p>\n<\/div>","protected":false},"excerpt":{"rendered":"<ul>\n<li>Cream-colored dress with ruffles at the hem and shoulders, body-con fit, and multi-position sleeves<\/li>\n<li>100% cotton thread<\/li>\n<li>Hand wash in cold water<\/li>\n<li>Lay flat to dry<\/li>\n<li>Custom-made<\/li>\n<\/ul>\n<p>&nbsp;<\/p>","protected":false},"featured_media":4022,"template":"","meta":[],"product_brand":[],"product_cat":[21,27],"product_tag":[60,81,70],"class_list":{"0":"post-2868","1":"product","2":"type-product","3":"status-publish","4":"has-post-thumbnail","6":"product_cat-moda","7":"product_cat-vestidos","8":"product_tag-crochet","9":"product_tag-vestido","10":"product_tag-volantes","12":"first","13":"instock","14":"purchasable","15":"product-type-simple"},"yoast_head":"<!-- This site is optimized with the Yoast SEO plugin v24.9 - https:\/\/yoast.com\/wordpress\/plugins\/seo\/ -->\n<title>Vestido volantes - Lunarte Canarias<\/title>\n<meta name=\"description\" content=\"Vestido volantes en color crudo con dise\u00f1o ajustado y manga multiposici\u00f3n. Hecho a mano en crochet, suave y a medida. \u00a1Encarga el tuyo ahora!\" \/>\n<meta name=\"robots\" content=\"index, follow, max-snippet:-1, max-image-preview:large, max-video-preview:-1\" \/>\n<link rel=\"canonical\" href=\"https:\/\/lunartecanarias.es\/en\/product\/vestido-volantes\/\" \/>\n<meta property=\"og:locale\" content=\"en_GB\" \/>\n<meta property=\"og:type\" content=\"article\" \/>\n<meta property=\"og:title\" content=\"Vestido volantes - Lunarte Canarias\" \/>\n<meta property=\"og:description\" content=\"Vestido volantes en color crudo con dise\u00f1o ajustado y manga multiposici\u00f3n. Hecho a mano en crochet, suave y a medida. \u00a1Encarga el tuyo ahora!\" \/>\n<meta property=\"og:url\" content=\"https:\/\/lunartecanarias.es\/en\/product\/vestido-volantes\/\" \/>\n<meta property=\"og:site_name\" content=\"Lunarte Canarias\" \/>\n<meta property=\"article:modified_time\" content=\"2024-12-22T18:38:22+00:00\" \/>\n<meta property=\"og:image\" content=\"https:\/\/lunartecanarias.es\/wp-content\/uploads\/2024\/12\/VESTIDO_BEIGE_4.webp\" \/>\n\t<meta property=\"og:image:width\" content=\"1000\" \/>\n\t<meta property=\"og:image:height\" content=\"1333\" \/>\n\t<meta property=\"og:image:type\" content=\"image\/webp\" \/>\n<meta name=\"twitter:card\" content=\"summary_large_image\" \/>\n<meta name=\"twitter:label1\" content=\"Estimated reading time\" \/>\n\t<meta name=\"twitter:data1\" content=\"2 minutes\" \/>\n<script type=\"application\/ld+json\" class=\"yoast-schema-graph\">{\"@context\":\"https:\/\/schema.org\",\"@graph\":[{\"@type\":\"WebPage\",\"@id\":\"https:\/\/lunartecanarias.es\/producto\/vestido-volantes\/\",\"url\":\"https:\/\/lunartecanarias.es\/producto\/vestido-volantes\/\",\"name\":\"Vestido volantes - Lunarte Canarias\",\"isPartOf\":{\"@id\":\"https:\/\/lunartecanarias.es\/#website\"},\"primaryImageOfPage\":{\"@id\":\"https:\/\/lunartecanarias.es\/producto\/vestido-volantes\/#primaryimage\"},\"image\":{\"@id\":\"https:\/\/lunartecanarias.es\/producto\/vestido-volantes\/#primaryimage\"},\"thumbnailUrl\":\"https:\/\/lunartecanarias.es\/wp-content\/uploads\/2024\/12\/VESTIDO_BEIGE_4.webp\",\"datePublished\":\"2023-01-27T13:27:36+00:00\",\"dateModified\":\"2024-12-22T18:38:22+00:00\",\"description\":\"Vestido volantes en color crudo con dise\u00f1o ajustado y manga multiposici\u00f3n. Hecho a mano en crochet, suave y a medida. \u00a1Encarga el tuyo ahora!\",\"breadcrumb\":{\"@id\":\"https:\/\/lunartecanarias.es\/producto\/vestido-volantes\/#breadcrumb\"},\"inLanguage\":\"en-GB\",\"potentialAction\":[{\"@type\":\"ReadAction\",\"target\":[\"https:\/\/lunartecanarias.es\/producto\/vestido-volantes\/\"]}]},{\"@type\":\"ImageObject\",\"inLanguage\":\"en-GB\",\"@id\":\"https:\/\/lunartecanarias.es\/producto\/vestido-volantes\/#primaryimage\",\"url\":\"https:\/\/lunartecanarias.es\/wp-content\/uploads\/2024\/12\/VESTIDO_BEIGE_4.webp\",\"contentUrl\":\"https:\/\/lunartecanarias.es\/wp-content\/uploads\/2024\/12\/VESTIDO_BEIGE_4.webp\",\"width\":1000,\"height\":1333,\"caption\":\"Vestido volantes\"},{\"@type\":\"BreadcrumbList\",\"@id\":\"https:\/\/lunartecanarias.es\/producto\/vestido-volantes\/#breadcrumb\",\"itemListElement\":[{\"@type\":\"ListItem\",\"position\":1,\"name\":\"Portada\",\"item\":\"https:\/\/lunartecanarias.es\/\"},{\"@type\":\"ListItem\",\"position\":2,\"name\":\"Tienda\",\"item\":\"https:\/\/lunartecanarias.es\/tienda\/\"},{\"@type\":\"ListItem\",\"position\":3,\"name\":\"Vestido volantes\"}]},{\"@type\":\"WebSite\",\"@id\":\"https:\/\/lunartecanarias.es\/#website\",\"url\":\"https:\/\/lunartecanarias.es\/\",\"name\":\"Lunarte Canarias\",\"description\":\"Lunarte Canarias es una tienda artesanal \u00fanica que ofrece productos exclusivos hechos a mano, reflejando la tradici\u00f3n y creatividad canaria. Cada pieza es cuidadosamente elaborada, brindando una experiencia aut\u00e9ntica y original.\",\"publisher\":{\"@id\":\"https:\/\/lunartecanarias.es\/#organization\"},\"potentialAction\":[{\"@type\":\"SearchAction\",\"target\":{\"@type\":\"EntryPoint\",\"urlTemplate\":\"https:\/\/lunartecanarias.es\/?s={search_term_string}\"},\"query-input\":{\"@type\":\"PropertyValueSpecification\",\"valueRequired\":true,\"valueName\":\"search_term_string\"}}],\"inLanguage\":\"en-GB\"},{\"@type\":\"Organization\",\"@id\":\"https:\/\/lunartecanarias.es\/#organization\",\"name\":\"Lunarte Canarias\",\"alternateName\":\"Lunarte\",\"url\":\"https:\/\/lunartecanarias.es\/\",\"logo\":{\"@type\":\"ImageObject\",\"inLanguage\":\"en-GB\",\"@id\":\"https:\/\/lunartecanarias.es\/#\/schema\/logo\/image\/\",\"url\":\"https:\/\/lunartecanarias.es\/wp-content\/uploads\/2023\/01\/Logotipo-Lunarte-200x200px-01.png\",\"contentUrl\":\"https:\/\/lunartecanarias.es\/wp-content\/uploads\/2023\/01\/Logotipo-Lunarte-200x200px-01.png\",\"width\":201,\"height\":201,\"caption\":\"Lunarte Canarias\"},\"image\":{\"@id\":\"https:\/\/lunartecanarias.es\/#\/schema\/logo\/image\/\"}}]}<\/script>\n<!-- \/ Yoast SEO plugin. -->","yoast_head_json":{"title":"Vestido volantes - Lunarte Canarias","description":"Vestido volantes en color crudo con dise\u00f1o ajustado y manga multiposici\u00f3n. Hecho a mano en crochet, suave y a medida. \u00a1Encarga el tuyo ahora!","robots":{"index":"index","follow":"follow","max-snippet":"max-snippet:-1","max-image-preview":"max-image-preview:large","max-video-preview":"max-video-preview:-1"},"canonical":"https:\/\/lunartecanarias.es\/en\/product\/vestido-volantes\/","og_locale":"en_GB","og_type":"article","og_title":"Vestido volantes - Lunarte Canarias","og_description":"Vestido volantes en color crudo con dise\u00f1o ajustado y manga multiposici\u00f3n. Hecho a mano en crochet, suave y a medida. \u00a1Encarga el tuyo ahora!","og_url":"https:\/\/lunartecanarias.es\/en\/product\/vestido-volantes\/","og_site_name":"Lunarte Canarias","article_modified_time":"2024-12-22T18:38:22+00:00","og_image":[{"width":1000,"height":1333,"url":"https:\/\/lunartecanarias.es\/wp-content\/uploads\/2024\/12\/VESTIDO_BEIGE_4.webp","type":"image\/webp"}],"twitter_card":"summary_large_image","twitter_misc":{"Estimated reading time":"2 minutes"},"schema":{"@context":"https:\/\/schema.org","@graph":[{"@type":"WebPage","@id":"https:\/\/lunartecanarias.es\/producto\/vestido-volantes\/","url":"https:\/\/lunartecanarias.es\/producto\/vestido-volantes\/","name":"Vestido volantes - Lunarte Canarias","isPartOf":{"@id":"https:\/\/lunartecanarias.es\/#website"},"primaryImageOfPage":{"@id":"https:\/\/lunartecanarias.es\/producto\/vestido-volantes\/#primaryimage"},"image":{"@id":"https:\/\/lunartecanarias.es\/producto\/vestido-volantes\/#primaryimage"},"thumbnailUrl":"https:\/\/lunartecanarias.es\/wp-content\/uploads\/2024\/12\/VESTIDO_BEIGE_4.webp","datePublished":"2023-01-27T13:27:36+00:00","dateModified":"2024-12-22T18:38:22+00:00","description":"Vestido volantes en color crudo con dise\u00f1o ajustado y manga multiposici\u00f3n. Hecho a mano en crochet, suave y a medida. \u00a1Encarga el tuyo ahora!","breadcrumb":{"@id":"https:\/\/lunartecanarias.es\/producto\/vestido-volantes\/#breadcrumb"},"inLanguage":"en-GB","potentialAction":[{"@type":"ReadAction","target":["https:\/\/lunartecanarias.es\/producto\/vestido-volantes\/"]}]},{"@type":"ImageObject","inLanguage":"en-GB","@id":"https:\/\/lunartecanarias.es\/producto\/vestido-volantes\/#primaryimage","url":"https:\/\/lunartecanarias.es\/wp-content\/uploads\/2024\/12\/VESTIDO_BEIGE_4.webp","contentUrl":"https:\/\/lunartecanarias.es\/wp-content\/uploads\/2024\/12\/VESTIDO_BEIGE_4.webp","width":1000,"height":1333,"caption":"Vestido volantes"},{"@type":"BreadcrumbList","@id":"https:\/\/lunartecanarias.es\/producto\/vestido-volantes\/#breadcrumb","itemListElement":[{"@type":"ListItem","position":1,"name":"Portada","item":"https:\/\/lunartecanarias.es\/"},{"@type":"ListItem","position":2,"name":"Tienda","item":"https:\/\/lunartecanarias.es\/tienda\/"},{"@type":"ListItem","position":3,"name":"Vestido volantes"}]},{"@type":"WebSite","@id":"https:\/\/lunartecanarias.es\/#website","url":"https:\/\/lunartecanarias.es\/","name":"Lunarte Canarias","description":"Lunarte Canarias es una tienda artesanal \u00fanica que ofrece productos exclusivos hechos a mano, reflejando la tradici\u00f3n y creatividad canaria. Cada pieza es cuidadosamente elaborada, brindando una experiencia aut\u00e9ntica y original.","publisher":{"@id":"https:\/\/lunartecanarias.es\/#organization"},"potentialAction":[{"@type":"SearchAction","target":{"@type":"EntryPoint","urlTemplate":"https:\/\/lunartecanarias.es\/?s={search_term_string}"},"query-input":{"@type":"PropertyValueSpecification","valueRequired":true,"valueName":"search_term_string"}}],"inLanguage":"en-GB"},{"@type":"Organization","@id":"https:\/\/lunartecanarias.es\/#organization","name":"Lunarte Canarias","alternateName":"Lunarte","url":"https:\/\/lunartecanarias.es\/","logo":{"@type":"ImageObject","inLanguage":"en-GB","@id":"https:\/\/lunartecanarias.es\/#\/schema\/logo\/image\/","url":"https:\/\/lunartecanarias.es\/wp-content\/uploads\/2023\/01\/Logotipo-Lunarte-200x200px-01.png","contentUrl":"https:\/\/lunartecanarias.es\/wp-content\/uploads\/2023\/01\/Logotipo-Lunarte-200x200px-01.png","width":201,"height":201,"caption":"Lunarte Canarias"},"image":{"@id":"https:\/\/lunartecanarias.es\/#\/schema\/logo\/image\/"}}]}},"_links":{"self":[{"href":"https:\/\/lunartecanarias.es\/en\/wp-json\/wp\/v2\/product\/2868","targetHints":{"allow":["GET"]}}],"collection":[{"href":"https:\/\/lunartecanarias.es\/en\/wp-json\/wp\/v2\/product"}],"about":[{"href":"https:\/\/lunartecanarias.es\/en\/wp-json\/wp\/v2\/types\/product"}],"wp:featuredmedia":[{"embeddable":true,"href":"https:\/\/lunartecanarias.es\/en\/wp-json\/wp\/v2\/media\/4022"}],"wp:attachment":[{"href":"https:\/\/lunartecanarias.es\/en\/wp-json\/wp\/v2\/media?parent=2868"}],"wp:term":[{"taxonomy":"product_brand","embeddable":true,"href":"https:\/\/lunartecanarias.es\/en\/wp-json\/wp\/v2\/product_brand?post=2868"},{"taxonomy":"product_cat","embeddable":true,"href":"https:\/\/lunartecanarias.es\/en\/wp-json\/wp\/v2\/product_cat?post=2868"},{"taxonomy":"product_tag","embeddable":true,"href":"https:\/\/lunartecanarias.es\/en\/wp-json\/wp\/v2\/product_tag?post=2868"}],"curies":[{"name":"wp","href":"https:\/\/api.w.org\/{rel}","templated":true}]}}