{"id":3345,"date":"2023-06-16T14:37:32","date_gmt":"2023-06-16T14:37:32","guid":{"rendered":"https:\/\/lunartecanarias.es\/?post_type=product&#038;p=3345"},"modified":"2024-12-28T13:40:34","modified_gmt":"2024-12-28T13:40:34","slug":"top-multicolor","status":"publish","type":"product","link":"https:\/\/lunartecanarias.es\/en\/product\/top-multicolor\/","title":{"rendered":"Multicolor top"},"content":{"rendered":"<div id=\"output\" class=\"page-generator__output js-generator-output\">\n<h4><strong>Product<\/strong><\/h4>\n<p>The <strong>Multicolor top<\/strong> is a cheerful and versatile piece perfect for those seeking a fresh and unique style. Handcrafted in crochet with a granny square design, this multicolor strap top blends a vibrant range of tones, adding dynamism and personality to any outfit. Ideal for warm days, outdoor walks, or enhancing a casual style with a charming, artisanal touch.<\/p>\n<h4><strong>Materials<\/strong><\/h4>\n<p>The <strong>Multicolor top<\/strong> is crafted with 100% high-quality cotton thread. This natural material ensures softness, breathability, and comfort, making it ideal for warm climates. Its artisanal craftsmanship guarantees an exclusive, durable design with flawless finishes, reflecting the dedication and care in every detail.<\/p>\n<h4><strong>Care Instructions<\/strong><\/h4>\n<p>To preserve the quality and design of your top:<\/p>\n<ul>\n<li>Hand wash it in cold water using a gentle detergent suitable for delicate fabrics.<\/li>\n<li>Lay it flat to dry to preserve its original shape and maintain the vibrant colors.<\/li>\n<\/ul>\n<p>With proper care, you\u2019ll enjoy a garment that stays in perfect condition for a long time.<\/p>\n<h4><strong>Shipping Information<\/strong><\/h4>\n<p>In <strong>Lunarte Canarias<\/strong>, each garment is handcrafted with care and attention to detail. After placing your order:<\/p>\n<ol>\n<li>We will contact you to confirm the estimated shipping date.<\/li>\n<li>You will receive a tracking code once the bikini is completed to monitor your order.<\/li>\n<\/ol>\n<p>If you live in Gran Canaria, you can choose to pick up your top at our workshop or request home delivery, coordinating the timing with you for greater convenience.<\/p>\n<h4><strong>Size<\/strong><\/h4>\n<p>Each <strong>Multicolor top<\/strong> it is fully custom-made to ensure a perfect fit. After placing your order, we will contact you via email to request your measurements and tailor the garment to your specific needs.<\/p>\n<\/div>\n<div id=\"output\" class=\"page-generator__output js-generator-output\">\n<p>&nbsp;<\/p>\n<\/div>","protected":false},"excerpt":{"rendered":"<ul>\n<li>Multicolor granny strap top, handcrafted in crochet<\/li>\n<li>100% cotton thread<\/li>\n<li>Hand wash in cold water<\/li>\n<li>Lay flat to dry<\/li>\n<li>Custom-made<\/li>\n<\/ul>\n<p>&nbsp;<\/p>","protected":false},"featured_media":4117,"template":"","meta":[],"product_brand":[],"product_cat":[21,24],"product_tag":[60,74,77],"class_list":{"0":"post-3345","1":"product","2":"type-product","3":"status-publish","4":"has-post-thumbnail","6":"product_cat-moda","7":"product_cat-tops-y-camisetas","8":"product_tag-crochet","9":"product_tag-tirantes","10":"product_tag-top","12":"first","13":"instock","14":"purchasable","15":"product-type-simple"},"yoast_head":"<!-- This site is optimized with the Yoast SEO plugin v24.9 - https:\/\/yoast.com\/wordpress\/plugins\/seo\/ -->\n<title>Top multicolor - Lunarte Canarias<\/title>\n<meta name=\"description\" content=\"Top multicolor de crochet, dise\u00f1o tipo granny con tirantes. Hecho a mano, c\u00f3modo y ajustado a medida. \u00a1Encarga el tuyo ahora en Lunarte Canarias!\" \/>\n<meta name=\"robots\" content=\"index, follow, max-snippet:-1, max-image-preview:large, max-video-preview:-1\" \/>\n<link rel=\"canonical\" href=\"https:\/\/lunartecanarias.es\/en\/product\/top-multicolor\/\" \/>\n<meta property=\"og:locale\" content=\"en_GB\" \/>\n<meta property=\"og:type\" content=\"article\" \/>\n<meta property=\"og:title\" content=\"Top multicolor - Lunarte Canarias\" \/>\n<meta property=\"og:description\" content=\"Top multicolor de crochet, dise\u00f1o tipo granny con tirantes. Hecho a mano, c\u00f3modo y ajustado a medida. \u00a1Encarga el tuyo ahora en Lunarte Canarias!\" \/>\n<meta property=\"og:url\" content=\"https:\/\/lunartecanarias.es\/en\/product\/top-multicolor\/\" \/>\n<meta property=\"og:site_name\" content=\"Lunarte Canarias\" \/>\n<meta property=\"article:modified_time\" content=\"2024-12-28T13:40:34+00:00\" \/>\n<meta property=\"og:image\" content=\"https:\/\/lunartecanarias.es\/wp-content\/uploads\/2024\/12\/BLUSA_COLORES_1-1.webp\" \/>\n\t<meta property=\"og:image:width\" content=\"1000\" \/>\n\t<meta property=\"og:image:height\" content=\"1333\" \/>\n\t<meta property=\"og:image:type\" content=\"image\/webp\" \/>\n<meta name=\"twitter:card\" content=\"summary_large_image\" \/>\n<meta name=\"twitter:label1\" content=\"Estimated reading time\" \/>\n\t<meta name=\"twitter:data1\" content=\"2 minutes\" \/>\n<script type=\"application\/ld+json\" class=\"yoast-schema-graph\">{\"@context\":\"https:\/\/schema.org\",\"@graph\":[{\"@type\":\"WebPage\",\"@id\":\"https:\/\/lunartecanarias.es\/producto\/top-multicolor\/\",\"url\":\"https:\/\/lunartecanarias.es\/producto\/top-multicolor\/\",\"name\":\"Top multicolor - Lunarte Canarias\",\"isPartOf\":{\"@id\":\"https:\/\/lunartecanarias.es\/#website\"},\"primaryImageOfPage\":{\"@id\":\"https:\/\/lunartecanarias.es\/producto\/top-multicolor\/#primaryimage\"},\"image\":{\"@id\":\"https:\/\/lunartecanarias.es\/producto\/top-multicolor\/#primaryimage\"},\"thumbnailUrl\":\"https:\/\/lunartecanarias.es\/wp-content\/uploads\/2024\/12\/BLUSA_COLORES_1-1.webp\",\"datePublished\":\"2023-06-16T14:37:32+00:00\",\"dateModified\":\"2024-12-28T13:40:34+00:00\",\"description\":\"Top multicolor de crochet, dise\u00f1o tipo granny con tirantes. Hecho a mano, c\u00f3modo y ajustado a medida. \u00a1Encarga el tuyo ahora en Lunarte Canarias!\",\"breadcrumb\":{\"@id\":\"https:\/\/lunartecanarias.es\/producto\/top-multicolor\/#breadcrumb\"},\"inLanguage\":\"en-GB\",\"potentialAction\":[{\"@type\":\"ReadAction\",\"target\":[\"https:\/\/lunartecanarias.es\/producto\/top-multicolor\/\"]}]},{\"@type\":\"ImageObject\",\"inLanguage\":\"en-GB\",\"@id\":\"https:\/\/lunartecanarias.es\/producto\/top-multicolor\/#primaryimage\",\"url\":\"https:\/\/lunartecanarias.es\/wp-content\/uploads\/2024\/12\/BLUSA_COLORES_1-1.webp\",\"contentUrl\":\"https:\/\/lunartecanarias.es\/wp-content\/uploads\/2024\/12\/BLUSA_COLORES_1-1.webp\",\"width\":1000,\"height\":1333,\"caption\":\"Top multicolor\"},{\"@type\":\"BreadcrumbList\",\"@id\":\"https:\/\/lunartecanarias.es\/producto\/top-multicolor\/#breadcrumb\",\"itemListElement\":[{\"@type\":\"ListItem\",\"position\":1,\"name\":\"Portada\",\"item\":\"https:\/\/lunartecanarias.es\/\"},{\"@type\":\"ListItem\",\"position\":2,\"name\":\"Tienda\",\"item\":\"https:\/\/lunartecanarias.es\/tienda\/\"},{\"@type\":\"ListItem\",\"position\":3,\"name\":\"Top multicolor\"}]},{\"@type\":\"WebSite\",\"@id\":\"https:\/\/lunartecanarias.es\/#website\",\"url\":\"https:\/\/lunartecanarias.es\/\",\"name\":\"Lunarte Canarias\",\"description\":\"Lunarte Canarias es una tienda artesanal \u00fanica que ofrece productos exclusivos hechos a mano, reflejando la tradici\u00f3n y creatividad canaria. Cada pieza es cuidadosamente elaborada, brindando una experiencia aut\u00e9ntica y original.\",\"publisher\":{\"@id\":\"https:\/\/lunartecanarias.es\/#organization\"},\"potentialAction\":[{\"@type\":\"SearchAction\",\"target\":{\"@type\":\"EntryPoint\",\"urlTemplate\":\"https:\/\/lunartecanarias.es\/?s={search_term_string}\"},\"query-input\":{\"@type\":\"PropertyValueSpecification\",\"valueRequired\":true,\"valueName\":\"search_term_string\"}}],\"inLanguage\":\"en-GB\"},{\"@type\":\"Organization\",\"@id\":\"https:\/\/lunartecanarias.es\/#organization\",\"name\":\"Lunarte Canarias\",\"alternateName\":\"Lunarte\",\"url\":\"https:\/\/lunartecanarias.es\/\",\"logo\":{\"@type\":\"ImageObject\",\"inLanguage\":\"en-GB\",\"@id\":\"https:\/\/lunartecanarias.es\/#\/schema\/logo\/image\/\",\"url\":\"https:\/\/lunartecanarias.es\/wp-content\/uploads\/2023\/01\/Logotipo-Lunarte-200x200px-01.png\",\"contentUrl\":\"https:\/\/lunartecanarias.es\/wp-content\/uploads\/2023\/01\/Logotipo-Lunarte-200x200px-01.png\",\"width\":201,\"height\":201,\"caption\":\"Lunarte Canarias\"},\"image\":{\"@id\":\"https:\/\/lunartecanarias.es\/#\/schema\/logo\/image\/\"}}]}<\/script>\n<!-- \/ Yoast SEO plugin. -->","yoast_head_json":{"title":"Top multicolor - Lunarte Canarias","description":"Top multicolor de crochet, dise\u00f1o tipo granny con tirantes. Hecho a mano, c\u00f3modo y ajustado a medida. \u00a1Encarga el tuyo ahora en Lunarte Canarias!","robots":{"index":"index","follow":"follow","max-snippet":"max-snippet:-1","max-image-preview":"max-image-preview:large","max-video-preview":"max-video-preview:-1"},"canonical":"https:\/\/lunartecanarias.es\/en\/product\/top-multicolor\/","og_locale":"en_GB","og_type":"article","og_title":"Top multicolor - Lunarte Canarias","og_description":"Top multicolor de crochet, dise\u00f1o tipo granny con tirantes. Hecho a mano, c\u00f3modo y ajustado a medida. \u00a1Encarga el tuyo ahora en Lunarte Canarias!","og_url":"https:\/\/lunartecanarias.es\/en\/product\/top-multicolor\/","og_site_name":"Lunarte Canarias","article_modified_time":"2024-12-28T13:40:34+00:00","og_image":[{"width":1000,"height":1333,"url":"https:\/\/lunartecanarias.es\/wp-content\/uploads\/2024\/12\/BLUSA_COLORES_1-1.webp","type":"image\/webp"}],"twitter_card":"summary_large_image","twitter_misc":{"Estimated reading time":"2 minutes"},"schema":{"@context":"https:\/\/schema.org","@graph":[{"@type":"WebPage","@id":"https:\/\/lunartecanarias.es\/producto\/top-multicolor\/","url":"https:\/\/lunartecanarias.es\/producto\/top-multicolor\/","name":"Top multicolor - Lunarte Canarias","isPartOf":{"@id":"https:\/\/lunartecanarias.es\/#website"},"primaryImageOfPage":{"@id":"https:\/\/lunartecanarias.es\/producto\/top-multicolor\/#primaryimage"},"image":{"@id":"https:\/\/lunartecanarias.es\/producto\/top-multicolor\/#primaryimage"},"thumbnailUrl":"https:\/\/lunartecanarias.es\/wp-content\/uploads\/2024\/12\/BLUSA_COLORES_1-1.webp","datePublished":"2023-06-16T14:37:32+00:00","dateModified":"2024-12-28T13:40:34+00:00","description":"Top multicolor de crochet, dise\u00f1o tipo granny con tirantes. Hecho a mano, c\u00f3modo y ajustado a medida. \u00a1Encarga el tuyo ahora en Lunarte Canarias!","breadcrumb":{"@id":"https:\/\/lunartecanarias.es\/producto\/top-multicolor\/#breadcrumb"},"inLanguage":"en-GB","potentialAction":[{"@type":"ReadAction","target":["https:\/\/lunartecanarias.es\/producto\/top-multicolor\/"]}]},{"@type":"ImageObject","inLanguage":"en-GB","@id":"https:\/\/lunartecanarias.es\/producto\/top-multicolor\/#primaryimage","url":"https:\/\/lunartecanarias.es\/wp-content\/uploads\/2024\/12\/BLUSA_COLORES_1-1.webp","contentUrl":"https:\/\/lunartecanarias.es\/wp-content\/uploads\/2024\/12\/BLUSA_COLORES_1-1.webp","width":1000,"height":1333,"caption":"Top multicolor"},{"@type":"BreadcrumbList","@id":"https:\/\/lunartecanarias.es\/producto\/top-multicolor\/#breadcrumb","itemListElement":[{"@type":"ListItem","position":1,"name":"Portada","item":"https:\/\/lunartecanarias.es\/"},{"@type":"ListItem","position":2,"name":"Tienda","item":"https:\/\/lunartecanarias.es\/tienda\/"},{"@type":"ListItem","position":3,"name":"Top multicolor"}]},{"@type":"WebSite","@id":"https:\/\/lunartecanarias.es\/#website","url":"https:\/\/lunartecanarias.es\/","name":"Lunarte Canarias","description":"Lunarte Canarias es una tienda artesanal \u00fanica que ofrece productos exclusivos hechos a mano, reflejando la tradici\u00f3n y creatividad canaria. Cada pieza es cuidadosamente elaborada, brindando una experiencia aut\u00e9ntica y original.","publisher":{"@id":"https:\/\/lunartecanarias.es\/#organization"},"potentialAction":[{"@type":"SearchAction","target":{"@type":"EntryPoint","urlTemplate":"https:\/\/lunartecanarias.es\/?s={search_term_string}"},"query-input":{"@type":"PropertyValueSpecification","valueRequired":true,"valueName":"search_term_string"}}],"inLanguage":"en-GB"},{"@type":"Organization","@id":"https:\/\/lunartecanarias.es\/#organization","name":"Lunarte Canarias","alternateName":"Lunarte","url":"https:\/\/lunartecanarias.es\/","logo":{"@type":"ImageObject","inLanguage":"en-GB","@id":"https:\/\/lunartecanarias.es\/#\/schema\/logo\/image\/","url":"https:\/\/lunartecanarias.es\/wp-content\/uploads\/2023\/01\/Logotipo-Lunarte-200x200px-01.png","contentUrl":"https:\/\/lunartecanarias.es\/wp-content\/uploads\/2023\/01\/Logotipo-Lunarte-200x200px-01.png","width":201,"height":201,"caption":"Lunarte Canarias"},"image":{"@id":"https:\/\/lunartecanarias.es\/#\/schema\/logo\/image\/"}}]}},"_links":{"self":[{"href":"https:\/\/lunartecanarias.es\/en\/wp-json\/wp\/v2\/product\/3345","targetHints":{"allow":["GET"]}}],"collection":[{"href":"https:\/\/lunartecanarias.es\/en\/wp-json\/wp\/v2\/product"}],"about":[{"href":"https:\/\/lunartecanarias.es\/en\/wp-json\/wp\/v2\/types\/product"}],"wp:featuredmedia":[{"embeddable":true,"href":"https:\/\/lunartecanarias.es\/en\/wp-json\/wp\/v2\/media\/4117"}],"wp:attachment":[{"href":"https:\/\/lunartecanarias.es\/en\/wp-json\/wp\/v2\/media?parent=3345"}],"wp:term":[{"taxonomy":"product_brand","embeddable":true,"href":"https:\/\/lunartecanarias.es\/en\/wp-json\/wp\/v2\/product_brand?post=3345"},{"taxonomy":"product_cat","embeddable":true,"href":"https:\/\/lunartecanarias.es\/en\/wp-json\/wp\/v2\/product_cat?post=3345"},{"taxonomy":"product_tag","embeddable":true,"href":"https:\/\/lunartecanarias.es\/en\/wp-json\/wp\/v2\/product_tag?post=3345"}],"curies":[{"name":"wp","href":"https:\/\/api.w.org\/{rel}","templated":true}]}}