{"id":3361,"date":"2023-06-16T14:50:59","date_gmt":"2023-06-16T14:50:59","guid":{"rendered":"https:\/\/lunartecanarias.es\/?post_type=product&#038;p=3361"},"modified":"2024-12-28T13:54:50","modified_gmt":"2024-12-28T13:54:50","slug":"bolso-botella-azul","status":"publish","type":"product","link":"https:\/\/lunartecanarias.es\/en\/product\/bolso-botella-azul\/","title":{"rendered":"Blue bottle bag"},"content":{"rendered":"<div id=\"output\" class=\"page-generator__output js-generator-output\">\n<h4><strong>Product<\/strong><\/h4>\n<p>The <strong>Blue bottle bag<\/strong> It's a small, practical, and elegant accessory designed for multiple uses and occasions. Handcrafted in crochet, this bag blends functionality and style, making it perfect for carrying your essentials comfortably and neatly. Its compact and unique design in deep blue makes it ideal for strolls, casual outings, or as a complement to a modern and original look. Moreover, its versatility makes it a must-have piece for those who value functionality without compromising on design.<\/p>\n<h4><strong>Materials<\/strong><\/h4>\n<p>The <strong>Blue bottle bag<\/strong> It's crafted from 100% high-quality cotton yarn. This material ensures softness, durability, and strength, offering a practical and easy-to-maintain accessory. The handcrafted construction guarantees an exclusive design, with detailed finishes that reflect dedication and care in every stitch. Thanks to the quality of the material, the bag is lightweight and comfortable to carry, making it perfect for daily use or travel.<\/p>\n<h4><strong>Care Instructions<\/strong><\/h4>\n<p>To maintain the quality and design of your bag:<\/p>\n<ul>\n<li>Hand wash it in cold water using a gentle detergent suitable for delicate fabrics.<\/li>\n<li>Lay it flat to dry to preserve its original shape and maintain its soft texture.<\/li>\n<\/ul>\n<p>With these care tips, you'll enjoy an accessory that stays flawless over time, looking as good as new.<\/p>\n<h4><strong>Shipping Information<\/strong><\/h4>\n<p>In <strong>Lunarte Canarias<\/strong>Each bag is meticulously handcrafted with care and attention to detail. After placing your order:<\/p>\n<ol>\n<li>We will contact you to confirm the estimated shipping date.<\/li>\n<li>You will receive a tracking code once the bikini is completed to monitor your order.<\/li>\n<\/ol>\n<p>If you're in Gran Canaria, you can choose to pick up your bag at our workshop or request home delivery, coordinating the drop-off for your convenience.<\/p>\n<h4><strong>Size<\/strong><\/h4>\n<p>Each <strong>Blue bottle bag<\/strong> is entirely handcrafted to ensure a perfect fit and meet your needs.<\/p>\n<\/div>\n<div id=\"output\" class=\"page-generator__output js-generator-output\">\n<p>&nbsp;<\/p>\n<\/div>","protected":false},"excerpt":{"rendered":"<ul>\n<li>Small multipurpose crochet bag<\/li>\n<li>100% cotton thread<\/li>\n<li>Hand wash in cold water<\/li>\n<li>Lay flat to dry<\/li>\n<li>Custom-made<\/li>\n<\/ul>\n<p>&nbsp;<\/p>","protected":false},"featured_media":4132,"template":"","meta":[],"product_brand":[],"product_cat":[38,37],"product_tag":[87,60],"class_list":{"0":"post-3361","1":"product","2":"type-product","3":"status-publish","4":"has-post-thumbnail","6":"product_cat-bolsos-y-mochilas","7":"product_cat-complementos","8":"product_tag-bolso","9":"product_tag-crochet","11":"first","12":"instock","13":"purchasable","14":"product-type-simple"},"yoast_head":"<!-- This site is optimized with the Yoast SEO plugin v24.9 - https:\/\/yoast.com\/wordpress\/plugins\/seo\/ -->\n<title>Bolso botella azul - Lunarte Canarias<\/title>\n<meta name=\"description\" content=\"Bolso botella azul de crochet, peque\u00f1o y multiusos. Hecho a mano con hilo 100% algod\u00f3n. Ideal para salidas casuales. \u00a1Encarga el tuyo en Lunarte Canarias!\" \/>\n<meta name=\"robots\" content=\"index, follow, max-snippet:-1, max-image-preview:large, max-video-preview:-1\" \/>\n<link rel=\"canonical\" href=\"https:\/\/lunartecanarias.es\/en\/product\/bolso-botella-azul\/\" \/>\n<meta property=\"og:locale\" content=\"en_GB\" \/>\n<meta property=\"og:type\" content=\"article\" \/>\n<meta property=\"og:title\" content=\"Bolso botella azul - Lunarte Canarias\" \/>\n<meta property=\"og:description\" content=\"Bolso botella azul de crochet, peque\u00f1o y multiusos. Hecho a mano con hilo 100% algod\u00f3n. Ideal para salidas casuales. \u00a1Encarga el tuyo en Lunarte Canarias!\" \/>\n<meta property=\"og:url\" content=\"https:\/\/lunartecanarias.es\/en\/product\/bolso-botella-azul\/\" \/>\n<meta property=\"og:site_name\" content=\"Lunarte Canarias\" \/>\n<meta property=\"article:modified_time\" content=\"2024-12-28T13:54:50+00:00\" \/>\n<meta property=\"og:image\" content=\"https:\/\/lunartecanarias.es\/wp-content\/uploads\/2024\/12\/BOLSO_BOTELLA_AZUL_3-1.webp\" \/>\n\t<meta property=\"og:image:width\" content=\"1000\" \/>\n\t<meta property=\"og:image:height\" content=\"1333\" \/>\n\t<meta property=\"og:image:type\" content=\"image\/webp\" \/>\n<meta name=\"twitter:card\" content=\"summary_large_image\" \/>\n<meta name=\"twitter:label1\" content=\"Estimated reading time\" \/>\n\t<meta name=\"twitter:data1\" content=\"2 minutes\" \/>\n<script type=\"application\/ld+json\" class=\"yoast-schema-graph\">{\"@context\":\"https:\/\/schema.org\",\"@graph\":[{\"@type\":\"WebPage\",\"@id\":\"https:\/\/lunartecanarias.es\/producto\/bolso-botella-azul\/\",\"url\":\"https:\/\/lunartecanarias.es\/producto\/bolso-botella-azul\/\",\"name\":\"Bolso botella azul - Lunarte Canarias\",\"isPartOf\":{\"@id\":\"https:\/\/lunartecanarias.es\/#website\"},\"primaryImageOfPage\":{\"@id\":\"https:\/\/lunartecanarias.es\/producto\/bolso-botella-azul\/#primaryimage\"},\"image\":{\"@id\":\"https:\/\/lunartecanarias.es\/producto\/bolso-botella-azul\/#primaryimage\"},\"thumbnailUrl\":\"https:\/\/lunartecanarias.es\/wp-content\/uploads\/2024\/12\/BOLSO_BOTELLA_AZUL_3-1.webp\",\"datePublished\":\"2023-06-16T14:50:59+00:00\",\"dateModified\":\"2024-12-28T13:54:50+00:00\",\"description\":\"Bolso botella azul de crochet, peque\u00f1o y multiusos. Hecho a mano con hilo 100% algod\u00f3n. Ideal para salidas casuales. \u00a1Encarga el tuyo en Lunarte Canarias!\",\"breadcrumb\":{\"@id\":\"https:\/\/lunartecanarias.es\/producto\/bolso-botella-azul\/#breadcrumb\"},\"inLanguage\":\"en-GB\",\"potentialAction\":[{\"@type\":\"ReadAction\",\"target\":[\"https:\/\/lunartecanarias.es\/producto\/bolso-botella-azul\/\"]}]},{\"@type\":\"ImageObject\",\"inLanguage\":\"en-GB\",\"@id\":\"https:\/\/lunartecanarias.es\/producto\/bolso-botella-azul\/#primaryimage\",\"url\":\"https:\/\/lunartecanarias.es\/wp-content\/uploads\/2024\/12\/BOLSO_BOTELLA_AZUL_3-1.webp\",\"contentUrl\":\"https:\/\/lunartecanarias.es\/wp-content\/uploads\/2024\/12\/BOLSO_BOTELLA_AZUL_3-1.webp\",\"width\":1000,\"height\":1333,\"caption\":\"Bolso botella azul\"},{\"@type\":\"BreadcrumbList\",\"@id\":\"https:\/\/lunartecanarias.es\/producto\/bolso-botella-azul\/#breadcrumb\",\"itemListElement\":[{\"@type\":\"ListItem\",\"position\":1,\"name\":\"Portada\",\"item\":\"https:\/\/lunartecanarias.es\/\"},{\"@type\":\"ListItem\",\"position\":2,\"name\":\"Tienda\",\"item\":\"https:\/\/lunartecanarias.es\/tienda\/\"},{\"@type\":\"ListItem\",\"position\":3,\"name\":\"Bolso botella azul\"}]},{\"@type\":\"WebSite\",\"@id\":\"https:\/\/lunartecanarias.es\/#website\",\"url\":\"https:\/\/lunartecanarias.es\/\",\"name\":\"Lunarte Canarias\",\"description\":\"Lunarte Canarias es una tienda artesanal \u00fanica que ofrece productos exclusivos hechos a mano, reflejando la tradici\u00f3n y creatividad canaria. Cada pieza es cuidadosamente elaborada, brindando una experiencia aut\u00e9ntica y original.\",\"publisher\":{\"@id\":\"https:\/\/lunartecanarias.es\/#organization\"},\"potentialAction\":[{\"@type\":\"SearchAction\",\"target\":{\"@type\":\"EntryPoint\",\"urlTemplate\":\"https:\/\/lunartecanarias.es\/?s={search_term_string}\"},\"query-input\":{\"@type\":\"PropertyValueSpecification\",\"valueRequired\":true,\"valueName\":\"search_term_string\"}}],\"inLanguage\":\"en-GB\"},{\"@type\":\"Organization\",\"@id\":\"https:\/\/lunartecanarias.es\/#organization\",\"name\":\"Lunarte Canarias\",\"alternateName\":\"Lunarte\",\"url\":\"https:\/\/lunartecanarias.es\/\",\"logo\":{\"@type\":\"ImageObject\",\"inLanguage\":\"en-GB\",\"@id\":\"https:\/\/lunartecanarias.es\/#\/schema\/logo\/image\/\",\"url\":\"https:\/\/lunartecanarias.es\/wp-content\/uploads\/2023\/01\/Logotipo-Lunarte-200x200px-01.png\",\"contentUrl\":\"https:\/\/lunartecanarias.es\/wp-content\/uploads\/2023\/01\/Logotipo-Lunarte-200x200px-01.png\",\"width\":201,\"height\":201,\"caption\":\"Lunarte Canarias\"},\"image\":{\"@id\":\"https:\/\/lunartecanarias.es\/#\/schema\/logo\/image\/\"}}]}<\/script>\n<!-- \/ Yoast SEO plugin. -->","yoast_head_json":{"title":"Bolso botella azul - Lunarte Canarias","description":"Bolso botella azul de crochet, peque\u00f1o y multiusos. Hecho a mano con hilo 100% algod\u00f3n. Ideal para salidas casuales. \u00a1Encarga el tuyo en Lunarte Canarias!","robots":{"index":"index","follow":"follow","max-snippet":"max-snippet:-1","max-image-preview":"max-image-preview:large","max-video-preview":"max-video-preview:-1"},"canonical":"https:\/\/lunartecanarias.es\/en\/product\/bolso-botella-azul\/","og_locale":"en_GB","og_type":"article","og_title":"Bolso botella azul - Lunarte Canarias","og_description":"Bolso botella azul de crochet, peque\u00f1o y multiusos. Hecho a mano con hilo 100% algod\u00f3n. Ideal para salidas casuales. \u00a1Encarga el tuyo en Lunarte Canarias!","og_url":"https:\/\/lunartecanarias.es\/en\/product\/bolso-botella-azul\/","og_site_name":"Lunarte Canarias","article_modified_time":"2024-12-28T13:54:50+00:00","og_image":[{"width":1000,"height":1333,"url":"https:\/\/lunartecanarias.es\/wp-content\/uploads\/2024\/12\/BOLSO_BOTELLA_AZUL_3-1.webp","type":"image\/webp"}],"twitter_card":"summary_large_image","twitter_misc":{"Estimated reading time":"2 minutes"},"schema":{"@context":"https:\/\/schema.org","@graph":[{"@type":"WebPage","@id":"https:\/\/lunartecanarias.es\/producto\/bolso-botella-azul\/","url":"https:\/\/lunartecanarias.es\/producto\/bolso-botella-azul\/","name":"Bolso botella azul - Lunarte Canarias","isPartOf":{"@id":"https:\/\/lunartecanarias.es\/#website"},"primaryImageOfPage":{"@id":"https:\/\/lunartecanarias.es\/producto\/bolso-botella-azul\/#primaryimage"},"image":{"@id":"https:\/\/lunartecanarias.es\/producto\/bolso-botella-azul\/#primaryimage"},"thumbnailUrl":"https:\/\/lunartecanarias.es\/wp-content\/uploads\/2024\/12\/BOLSO_BOTELLA_AZUL_3-1.webp","datePublished":"2023-06-16T14:50:59+00:00","dateModified":"2024-12-28T13:54:50+00:00","description":"Bolso botella azul de crochet, peque\u00f1o y multiusos. Hecho a mano con hilo 100% algod\u00f3n. Ideal para salidas casuales. \u00a1Encarga el tuyo en Lunarte Canarias!","breadcrumb":{"@id":"https:\/\/lunartecanarias.es\/producto\/bolso-botella-azul\/#breadcrumb"},"inLanguage":"en-GB","potentialAction":[{"@type":"ReadAction","target":["https:\/\/lunartecanarias.es\/producto\/bolso-botella-azul\/"]}]},{"@type":"ImageObject","inLanguage":"en-GB","@id":"https:\/\/lunartecanarias.es\/producto\/bolso-botella-azul\/#primaryimage","url":"https:\/\/lunartecanarias.es\/wp-content\/uploads\/2024\/12\/BOLSO_BOTELLA_AZUL_3-1.webp","contentUrl":"https:\/\/lunartecanarias.es\/wp-content\/uploads\/2024\/12\/BOLSO_BOTELLA_AZUL_3-1.webp","width":1000,"height":1333,"caption":"Bolso botella azul"},{"@type":"BreadcrumbList","@id":"https:\/\/lunartecanarias.es\/producto\/bolso-botella-azul\/#breadcrumb","itemListElement":[{"@type":"ListItem","position":1,"name":"Portada","item":"https:\/\/lunartecanarias.es\/"},{"@type":"ListItem","position":2,"name":"Tienda","item":"https:\/\/lunartecanarias.es\/tienda\/"},{"@type":"ListItem","position":3,"name":"Bolso botella azul"}]},{"@type":"WebSite","@id":"https:\/\/lunartecanarias.es\/#website","url":"https:\/\/lunartecanarias.es\/","name":"Lunarte Canarias","description":"Lunarte Canarias es una tienda artesanal \u00fanica que ofrece productos exclusivos hechos a mano, reflejando la tradici\u00f3n y creatividad canaria. Cada pieza es cuidadosamente elaborada, brindando una experiencia aut\u00e9ntica y original.","publisher":{"@id":"https:\/\/lunartecanarias.es\/#organization"},"potentialAction":[{"@type":"SearchAction","target":{"@type":"EntryPoint","urlTemplate":"https:\/\/lunartecanarias.es\/?s={search_term_string}"},"query-input":{"@type":"PropertyValueSpecification","valueRequired":true,"valueName":"search_term_string"}}],"inLanguage":"en-GB"},{"@type":"Organization","@id":"https:\/\/lunartecanarias.es\/#organization","name":"Lunarte Canarias","alternateName":"Lunarte","url":"https:\/\/lunartecanarias.es\/","logo":{"@type":"ImageObject","inLanguage":"en-GB","@id":"https:\/\/lunartecanarias.es\/#\/schema\/logo\/image\/","url":"https:\/\/lunartecanarias.es\/wp-content\/uploads\/2023\/01\/Logotipo-Lunarte-200x200px-01.png","contentUrl":"https:\/\/lunartecanarias.es\/wp-content\/uploads\/2023\/01\/Logotipo-Lunarte-200x200px-01.png","width":201,"height":201,"caption":"Lunarte Canarias"},"image":{"@id":"https:\/\/lunartecanarias.es\/#\/schema\/logo\/image\/"}}]}},"_links":{"self":[{"href":"https:\/\/lunartecanarias.es\/en\/wp-json\/wp\/v2\/product\/3361","targetHints":{"allow":["GET"]}}],"collection":[{"href":"https:\/\/lunartecanarias.es\/en\/wp-json\/wp\/v2\/product"}],"about":[{"href":"https:\/\/lunartecanarias.es\/en\/wp-json\/wp\/v2\/types\/product"}],"wp:featuredmedia":[{"embeddable":true,"href":"https:\/\/lunartecanarias.es\/en\/wp-json\/wp\/v2\/media\/4132"}],"wp:attachment":[{"href":"https:\/\/lunartecanarias.es\/en\/wp-json\/wp\/v2\/media?parent=3361"}],"wp:term":[{"taxonomy":"product_brand","embeddable":true,"href":"https:\/\/lunartecanarias.es\/en\/wp-json\/wp\/v2\/product_brand?post=3361"},{"taxonomy":"product_cat","embeddable":true,"href":"https:\/\/lunartecanarias.es\/en\/wp-json\/wp\/v2\/product_cat?post=3361"},{"taxonomy":"product_tag","embeddable":true,"href":"https:\/\/lunartecanarias.es\/en\/wp-json\/wp\/v2\/product_tag?post=3361"}],"curies":[{"name":"wp","href":"https:\/\/api.w.org\/{rel}","templated":true}]}}