{"id":3374,"date":"2023-06-16T14:59:34","date_gmt":"2023-06-16T14:59:34","guid":{"rendered":"https:\/\/lunartecanarias.es\/?post_type=product&#038;p=3374"},"modified":"2024-12-28T14:03:52","modified_gmt":"2024-12-28T14:03:52","slug":"bolso-para-movil-rosa","status":"publish","type":"product","link":"https:\/\/lunartecanarias.es\/en\/product\/bolso-para-movil-rosa\/","title":{"rendered":"Pink phone bag"},"content":{"rendered":"<div id=\"output\" class=\"page-generator__output js-generator-output\">\n<h4><strong>Product<\/strong><\/h4>\n<p>The <strong>Pink phone bag<\/strong> it\u2019s a practical and delicate accessory designed to protect and carry your mobile device in style. handcrafted in crochet, this small pink bag combines elegance and functionality, making it ideal for strolls, quick outings, or any occasion where you need to carry your phone securely and comfortably. its compact design makes it a versatile and perfect accessory for those who appreciate simplicity without compromising on style.<\/p>\n<h4><strong>Materials<\/strong><\/h4>\n<p>The <strong>Pink phone bag<\/strong> it is made from 100% high-quality cotton yarn. this natural material ensures softness, breathability, and durability, offering a long-lasting and pleasant-to-touch accessory. the handcrafted construction guarantees an exclusive design, with detailed finishes that reflect care and dedication in every piece.<\/p>\n<h4><strong>Care Instructions<\/strong><\/h4>\n<p>To preserve the quality and design of your bag:<\/p>\n<ul>\n<li>Hand wash it in cold water using a gentle detergent suitable for delicate fabrics.<\/li>\n<li>Lay it flat to dry to maintain its original shape and soft texture.<\/li>\n<\/ul>\n<p>Con estos cuidados, disfrutar\u00e1s de un accesorio impecable y listo para acompa\u00f1arte durante mucho tiempo.<\/p>\n<h4><strong>Shipping Information<\/strong><\/h4>\n<p>In <strong>Lunarte Canarias<\/strong>, each bag is meticulously handcrafted with care and attention to detail. After placing your order:<\/p>\n<ol>\n<li>We will contact you to confirm the estimated shipping date.<\/li>\n<li>You will receive a tracking code once the bikini is completed to monitor your order.<\/li>\n<\/ol>\n<p>If you're in Gran Canaria, you can choose to pick up your bag at our workshop or request home delivery, coordinating the drop-off for your convenience.<\/p>\n<h4><strong>Versatility<\/strong><\/h4>\n<p>The <strong>Pink phone bag<\/strong> not only is it ideal for storing your phone, but it\u2019s also perfect for carrying small items like cards, keys, or money. Its compact and functional design makes it the must-have accessory for your daily life.<\/p>\n<\/div>\n<div id=\"output\" class=\"page-generator__output js-generator-output\">\n<p>&nbsp;<\/p>\n<\/div>","protected":false},"excerpt":{"rendered":"<ul>\n<li>Small crochet mobile bag in pink<\/li>\n<li>100% cotton thread<\/li>\n<li>Hand wash in cold water<\/li>\n<li>Lay flat to dry<\/li>\n<li>Custom-made<\/li>\n<\/ul>\n<p>&nbsp;<\/p>","protected":false},"featured_media":4140,"template":"","meta":[],"product_brand":[],"product_cat":[38,37],"product_tag":[87,60,88],"class_list":{"0":"post-3374","1":"product","2":"type-product","3":"status-publish","4":"has-post-thumbnail","6":"product_cat-bolsos-y-mochilas","7":"product_cat-complementos","8":"product_tag-bolso","9":"product_tag-crochet","10":"product_tag-movil","12":"first","13":"instock","14":"purchasable","15":"product-type-simple"},"yoast_head":"<!-- This site is optimized with the Yoast SEO plugin v24.9 - https:\/\/yoast.com\/wordpress\/plugins\/seo\/ -->\n<title>Bolso para m\u00f3vil rosa - Lunarte Canarias<\/title>\n<meta name=\"description\" content=\"Bolso para m\u00f3vil rosa en crochet, elegante y pr\u00e1ctico. Hecho a mano con hilo 100% algod\u00f3n. Ideal para salidas r\u00e1pidas. \u00a1Encarga el tuyo en Lunarte Canarias!\" \/>\n<meta name=\"robots\" content=\"index, follow, max-snippet:-1, max-image-preview:large, max-video-preview:-1\" \/>\n<link rel=\"canonical\" href=\"https:\/\/lunartecanarias.es\/en\/product\/bolso-para-movil-rosa\/\" \/>\n<meta property=\"og:locale\" content=\"en_GB\" \/>\n<meta property=\"og:type\" content=\"article\" \/>\n<meta property=\"og:title\" content=\"Bolso para m\u00f3vil rosa - Lunarte Canarias\" \/>\n<meta property=\"og:description\" content=\"Bolso para m\u00f3vil rosa en crochet, elegante y pr\u00e1ctico. Hecho a mano con hilo 100% algod\u00f3n. Ideal para salidas r\u00e1pidas. \u00a1Encarga el tuyo en Lunarte Canarias!\" \/>\n<meta property=\"og:url\" content=\"https:\/\/lunartecanarias.es\/en\/product\/bolso-para-movil-rosa\/\" \/>\n<meta property=\"og:site_name\" content=\"Lunarte Canarias\" \/>\n<meta property=\"article:modified_time\" content=\"2024-12-28T14:03:52+00:00\" \/>\n<meta property=\"og:image\" content=\"https:\/\/lunartecanarias.es\/wp-content\/uploads\/2024\/12\/BOLSO_MOVIL_ROSA_1-1.webp\" \/>\n\t<meta property=\"og:image:width\" content=\"1000\" \/>\n\t<meta property=\"og:image:height\" content=\"1333\" \/>\n\t<meta property=\"og:image:type\" content=\"image\/webp\" \/>\n<meta name=\"twitter:card\" content=\"summary_large_image\" \/>\n<meta name=\"twitter:label1\" content=\"Estimated reading time\" \/>\n\t<meta name=\"twitter:data1\" content=\"2 minutes\" \/>\n<script type=\"application\/ld+json\" class=\"yoast-schema-graph\">{\"@context\":\"https:\/\/schema.org\",\"@graph\":[{\"@type\":\"WebPage\",\"@id\":\"https:\/\/lunartecanarias.es\/producto\/bolso-para-movil-rosa\/\",\"url\":\"https:\/\/lunartecanarias.es\/producto\/bolso-para-movil-rosa\/\",\"name\":\"Bolso para m\u00f3vil rosa - Lunarte Canarias\",\"isPartOf\":{\"@id\":\"https:\/\/lunartecanarias.es\/#website\"},\"primaryImageOfPage\":{\"@id\":\"https:\/\/lunartecanarias.es\/producto\/bolso-para-movil-rosa\/#primaryimage\"},\"image\":{\"@id\":\"https:\/\/lunartecanarias.es\/producto\/bolso-para-movil-rosa\/#primaryimage\"},\"thumbnailUrl\":\"https:\/\/lunartecanarias.es\/wp-content\/uploads\/2024\/12\/BOLSO_MOVIL_ROSA_1-1.webp\",\"datePublished\":\"2023-06-16T14:59:34+00:00\",\"dateModified\":\"2024-12-28T14:03:52+00:00\",\"description\":\"Bolso para m\u00f3vil rosa en crochet, elegante y pr\u00e1ctico. Hecho a mano con hilo 100% algod\u00f3n. Ideal para salidas r\u00e1pidas. \u00a1Encarga el tuyo en Lunarte Canarias!\",\"breadcrumb\":{\"@id\":\"https:\/\/lunartecanarias.es\/producto\/bolso-para-movil-rosa\/#breadcrumb\"},\"inLanguage\":\"en-GB\",\"potentialAction\":[{\"@type\":\"ReadAction\",\"target\":[\"https:\/\/lunartecanarias.es\/producto\/bolso-para-movil-rosa\/\"]}]},{\"@type\":\"ImageObject\",\"inLanguage\":\"en-GB\",\"@id\":\"https:\/\/lunartecanarias.es\/producto\/bolso-para-movil-rosa\/#primaryimage\",\"url\":\"https:\/\/lunartecanarias.es\/wp-content\/uploads\/2024\/12\/BOLSO_MOVIL_ROSA_1-1.webp\",\"contentUrl\":\"https:\/\/lunartecanarias.es\/wp-content\/uploads\/2024\/12\/BOLSO_MOVIL_ROSA_1-1.webp\",\"width\":1000,\"height\":1333,\"caption\":\"Bolso para m\u00f3vil rosa\"},{\"@type\":\"BreadcrumbList\",\"@id\":\"https:\/\/lunartecanarias.es\/producto\/bolso-para-movil-rosa\/#breadcrumb\",\"itemListElement\":[{\"@type\":\"ListItem\",\"position\":1,\"name\":\"Portada\",\"item\":\"https:\/\/lunartecanarias.es\/\"},{\"@type\":\"ListItem\",\"position\":2,\"name\":\"Tienda\",\"item\":\"https:\/\/lunartecanarias.es\/tienda\/\"},{\"@type\":\"ListItem\",\"position\":3,\"name\":\"Bolso para m\u00f3vil rosa\"}]},{\"@type\":\"WebSite\",\"@id\":\"https:\/\/lunartecanarias.es\/#website\",\"url\":\"https:\/\/lunartecanarias.es\/\",\"name\":\"Lunarte Canarias\",\"description\":\"Lunarte Canarias es una tienda artesanal \u00fanica que ofrece productos exclusivos hechos a mano, reflejando la tradici\u00f3n y creatividad canaria. Cada pieza es cuidadosamente elaborada, brindando una experiencia aut\u00e9ntica y original.\",\"publisher\":{\"@id\":\"https:\/\/lunartecanarias.es\/#organization\"},\"potentialAction\":[{\"@type\":\"SearchAction\",\"target\":{\"@type\":\"EntryPoint\",\"urlTemplate\":\"https:\/\/lunartecanarias.es\/?s={search_term_string}\"},\"query-input\":{\"@type\":\"PropertyValueSpecification\",\"valueRequired\":true,\"valueName\":\"search_term_string\"}}],\"inLanguage\":\"en-GB\"},{\"@type\":\"Organization\",\"@id\":\"https:\/\/lunartecanarias.es\/#organization\",\"name\":\"Lunarte Canarias\",\"alternateName\":\"Lunarte\",\"url\":\"https:\/\/lunartecanarias.es\/\",\"logo\":{\"@type\":\"ImageObject\",\"inLanguage\":\"en-GB\",\"@id\":\"https:\/\/lunartecanarias.es\/#\/schema\/logo\/image\/\",\"url\":\"https:\/\/lunartecanarias.es\/wp-content\/uploads\/2023\/01\/Logotipo-Lunarte-200x200px-01.png\",\"contentUrl\":\"https:\/\/lunartecanarias.es\/wp-content\/uploads\/2023\/01\/Logotipo-Lunarte-200x200px-01.png\",\"width\":201,\"height\":201,\"caption\":\"Lunarte Canarias\"},\"image\":{\"@id\":\"https:\/\/lunartecanarias.es\/#\/schema\/logo\/image\/\"}}]}<\/script>\n<!-- \/ Yoast SEO plugin. -->","yoast_head_json":{"title":"Bolso para m\u00f3vil rosa - Lunarte Canarias","description":"Bolso para m\u00f3vil rosa en crochet, elegante y pr\u00e1ctico. Hecho a mano con hilo 100% algod\u00f3n. Ideal para salidas r\u00e1pidas. \u00a1Encarga el tuyo en Lunarte Canarias!","robots":{"index":"index","follow":"follow","max-snippet":"max-snippet:-1","max-image-preview":"max-image-preview:large","max-video-preview":"max-video-preview:-1"},"canonical":"https:\/\/lunartecanarias.es\/en\/product\/bolso-para-movil-rosa\/","og_locale":"en_GB","og_type":"article","og_title":"Bolso para m\u00f3vil rosa - Lunarte Canarias","og_description":"Bolso para m\u00f3vil rosa en crochet, elegante y pr\u00e1ctico. Hecho a mano con hilo 100% algod\u00f3n. Ideal para salidas r\u00e1pidas. \u00a1Encarga el tuyo en Lunarte Canarias!","og_url":"https:\/\/lunartecanarias.es\/en\/product\/bolso-para-movil-rosa\/","og_site_name":"Lunarte Canarias","article_modified_time":"2024-12-28T14:03:52+00:00","og_image":[{"width":1000,"height":1333,"url":"https:\/\/lunartecanarias.es\/wp-content\/uploads\/2024\/12\/BOLSO_MOVIL_ROSA_1-1.webp","type":"image\/webp"}],"twitter_card":"summary_large_image","twitter_misc":{"Estimated reading time":"2 minutes"},"schema":{"@context":"https:\/\/schema.org","@graph":[{"@type":"WebPage","@id":"https:\/\/lunartecanarias.es\/producto\/bolso-para-movil-rosa\/","url":"https:\/\/lunartecanarias.es\/producto\/bolso-para-movil-rosa\/","name":"Bolso para m\u00f3vil rosa - Lunarte Canarias","isPartOf":{"@id":"https:\/\/lunartecanarias.es\/#website"},"primaryImageOfPage":{"@id":"https:\/\/lunartecanarias.es\/producto\/bolso-para-movil-rosa\/#primaryimage"},"image":{"@id":"https:\/\/lunartecanarias.es\/producto\/bolso-para-movil-rosa\/#primaryimage"},"thumbnailUrl":"https:\/\/lunartecanarias.es\/wp-content\/uploads\/2024\/12\/BOLSO_MOVIL_ROSA_1-1.webp","datePublished":"2023-06-16T14:59:34+00:00","dateModified":"2024-12-28T14:03:52+00:00","description":"Bolso para m\u00f3vil rosa en crochet, elegante y pr\u00e1ctico. Hecho a mano con hilo 100% algod\u00f3n. Ideal para salidas r\u00e1pidas. \u00a1Encarga el tuyo en Lunarte Canarias!","breadcrumb":{"@id":"https:\/\/lunartecanarias.es\/producto\/bolso-para-movil-rosa\/#breadcrumb"},"inLanguage":"en-GB","potentialAction":[{"@type":"ReadAction","target":["https:\/\/lunartecanarias.es\/producto\/bolso-para-movil-rosa\/"]}]},{"@type":"ImageObject","inLanguage":"en-GB","@id":"https:\/\/lunartecanarias.es\/producto\/bolso-para-movil-rosa\/#primaryimage","url":"https:\/\/lunartecanarias.es\/wp-content\/uploads\/2024\/12\/BOLSO_MOVIL_ROSA_1-1.webp","contentUrl":"https:\/\/lunartecanarias.es\/wp-content\/uploads\/2024\/12\/BOLSO_MOVIL_ROSA_1-1.webp","width":1000,"height":1333,"caption":"Bolso para m\u00f3vil rosa"},{"@type":"BreadcrumbList","@id":"https:\/\/lunartecanarias.es\/producto\/bolso-para-movil-rosa\/#breadcrumb","itemListElement":[{"@type":"ListItem","position":1,"name":"Portada","item":"https:\/\/lunartecanarias.es\/"},{"@type":"ListItem","position":2,"name":"Tienda","item":"https:\/\/lunartecanarias.es\/tienda\/"},{"@type":"ListItem","position":3,"name":"Bolso para m\u00f3vil rosa"}]},{"@type":"WebSite","@id":"https:\/\/lunartecanarias.es\/#website","url":"https:\/\/lunartecanarias.es\/","name":"Lunarte Canarias","description":"Lunarte Canarias es una tienda artesanal \u00fanica que ofrece productos exclusivos hechos a mano, reflejando la tradici\u00f3n y creatividad canaria. Cada pieza es cuidadosamente elaborada, brindando una experiencia aut\u00e9ntica y original.","publisher":{"@id":"https:\/\/lunartecanarias.es\/#organization"},"potentialAction":[{"@type":"SearchAction","target":{"@type":"EntryPoint","urlTemplate":"https:\/\/lunartecanarias.es\/?s={search_term_string}"},"query-input":{"@type":"PropertyValueSpecification","valueRequired":true,"valueName":"search_term_string"}}],"inLanguage":"en-GB"},{"@type":"Organization","@id":"https:\/\/lunartecanarias.es\/#organization","name":"Lunarte Canarias","alternateName":"Lunarte","url":"https:\/\/lunartecanarias.es\/","logo":{"@type":"ImageObject","inLanguage":"en-GB","@id":"https:\/\/lunartecanarias.es\/#\/schema\/logo\/image\/","url":"https:\/\/lunartecanarias.es\/wp-content\/uploads\/2023\/01\/Logotipo-Lunarte-200x200px-01.png","contentUrl":"https:\/\/lunartecanarias.es\/wp-content\/uploads\/2023\/01\/Logotipo-Lunarte-200x200px-01.png","width":201,"height":201,"caption":"Lunarte Canarias"},"image":{"@id":"https:\/\/lunartecanarias.es\/#\/schema\/logo\/image\/"}}]}},"_links":{"self":[{"href":"https:\/\/lunartecanarias.es\/en\/wp-json\/wp\/v2\/product\/3374","targetHints":{"allow":["GET"]}}],"collection":[{"href":"https:\/\/lunartecanarias.es\/en\/wp-json\/wp\/v2\/product"}],"about":[{"href":"https:\/\/lunartecanarias.es\/en\/wp-json\/wp\/v2\/types\/product"}],"wp:featuredmedia":[{"embeddable":true,"href":"https:\/\/lunartecanarias.es\/en\/wp-json\/wp\/v2\/media\/4140"}],"wp:attachment":[{"href":"https:\/\/lunartecanarias.es\/en\/wp-json\/wp\/v2\/media?parent=3374"}],"wp:term":[{"taxonomy":"product_brand","embeddable":true,"href":"https:\/\/lunartecanarias.es\/en\/wp-json\/wp\/v2\/product_brand?post=3374"},{"taxonomy":"product_cat","embeddable":true,"href":"https:\/\/lunartecanarias.es\/en\/wp-json\/wp\/v2\/product_cat?post=3374"},{"taxonomy":"product_tag","embeddable":true,"href":"https:\/\/lunartecanarias.es\/en\/wp-json\/wp\/v2\/product_tag?post=3374"}],"curies":[{"name":"wp","href":"https:\/\/api.w.org\/{rel}","templated":true}]}}