{"id":3392,"date":"2023-06-16T15:13:15","date_gmt":"2023-06-16T15:13:15","guid":{"rendered":"https:\/\/lunartecanarias.es\/?post_type=product&#038;p=3392"},"modified":"2024-12-25T12:57:07","modified_gmt":"2024-12-25T12:57:07","slug":"sombrero-grany-tostado","status":"publish","type":"product","link":"https:\/\/lunartecanarias.es\/en\/product\/sombrero-grany-tostado\/","title":{"rendered":"Toasted Granny Hat"},"content":{"rendered":"<div id=\"output\" class=\"page-generator__output js-generator-output\">\n<h4><strong>Product<\/strong><\/h4>\n<p>The <strong>Toasted Granny Hat<\/strong> is an unique handcrafted accessory is designed to complement your outfits with a natural and elegant touch. Made by hand in crochet with a granny-style design, this toasted-colored hat combines style and functionality, making it perfect for sun protection on warm days. Its warm tone and detailed finish make it a versatile piece, ideal for outdoor strolls, beach days, or enhancing your everyday look with a distinctive accessory.<\/p>\n<h4><strong>Materials<\/strong><\/h4>\n<p>The <strong>Toasted Granny Hat<\/strong> is crafted with 100% high-quality cotton thread. This natural material ensures softness, breathability, and comfort, making it ideal for warm climates. Its artisanal craftsmanship guarantees an exclusive, durable design with flawless finishes, perfect for those who value originality and quality in their accessories.<\/p>\n<h4><strong>Care Instructions<\/strong><\/h4>\n<p>To maintain the quality and design of your hat:<\/p>\n<ul>\n<li>Hand wash it in cold water using a gentle detergent suitable for delicate fabrics.<\/li>\n<li>Lay it flat to dry to prevent deformation and preserve its original shape.<\/li>\n<\/ul>\n<p>With these care instructions, you'll enjoy a hat that will stay impeccable for a long time.<\/p>\n<h4><strong>Shipping Information<\/strong><\/h4>\n<p>In <strong>Lunarte Canarias<\/strong>, each hat is handcrafted with dedication and attention to detail. Once you place your order:<\/p>\n<ol>\n<li>We will contact you to confirm the estimated shipping date.<\/li>\n<li>Once the garment is completed, you will receive a tracking code to monitor your order.<\/li>\n<\/ol>\n<p>If you live in Gran Canaria, you can choose to pick up your hat at our workshop or request home delivery, coordinating the drop-off with you for added convenience.<\/p>\n<h4><strong>Size<\/strong><\/h4>\n<p>Each <strong>Toasted Granny Hat<\/strong> is fully custom-made to ensure a perfect fit. After placing your order, we will contact you via email to request your measurements and personalize the garment according to your needs.<\/p>\n<\/div>\n<div id=\"output\" class=\"page-generator__output js-generator-output\">\n<p>&nbsp;<\/p>\n<\/div>","protected":false},"excerpt":{"rendered":"<ul>\n<li>Toasted Crochet Granny Hat<\/li>\n<li>100% cotton thread<\/li>\n<li>Hand wash in cold water<\/li>\n<li>Lay flat to dry<\/li>\n<li>Custom-made<\/li>\n<\/ul>\n<p>&nbsp;<\/p>\n<p>&nbsp;<\/p>","protected":false},"featured_media":3931,"template":"","meta":[],"product_brand":[],"product_cat":[37,40],"product_tag":[60,83,82],"class_list":{"0":"post-3392","1":"product","2":"type-product","3":"status-publish","4":"has-post-thumbnail","6":"product_cat-complementos","7":"product_cat-gorros-y-sombreros","8":"product_tag-crochet","9":"product_tag-grany","10":"product_tag-sombrero","12":"first","13":"instock","14":"purchasable","15":"product-type-simple"},"yoast_head":"<!-- This site is optimized with the Yoast SEO plugin v24.9 - https:\/\/yoast.com\/wordpress\/plugins\/seo\/ -->\n<title>Sombrero grany tostado - Lunarte Canarias<\/title>\n<meta name=\"description\" content=\"Sombrero grany tostado en crochet, hecho a mano con hilo 100% algod\u00f3n. Dise\u00f1o fresco, c\u00f3modo y a medida. \u00a1Encarga el tuyo ahora en Lunarte Canarias!\" \/>\n<meta name=\"robots\" content=\"index, follow, max-snippet:-1, max-image-preview:large, max-video-preview:-1\" \/>\n<link rel=\"canonical\" href=\"https:\/\/lunartecanarias.es\/en\/product\/sombrero-grany-tostado\/\" \/>\n<meta property=\"og:locale\" content=\"en_GB\" \/>\n<meta property=\"og:type\" content=\"article\" \/>\n<meta property=\"og:title\" content=\"Sombrero grany tostado - Lunarte Canarias\" \/>\n<meta property=\"og:description\" content=\"Sombrero grany tostado en crochet, hecho a mano con hilo 100% algod\u00f3n. Dise\u00f1o fresco, c\u00f3modo y a medida. \u00a1Encarga el tuyo ahora en Lunarte Canarias!\" \/>\n<meta property=\"og:url\" content=\"https:\/\/lunartecanarias.es\/en\/product\/sombrero-grany-tostado\/\" \/>\n<meta property=\"og:site_name\" content=\"Lunarte Canarias\" \/>\n<meta property=\"article:modified_time\" content=\"2024-12-25T12:57:07+00:00\" \/>\n<meta property=\"og:image\" content=\"https:\/\/lunartecanarias.es\/wp-content\/uploads\/2024\/12\/GORRO_GRANNY_MARRON_3.webp\" \/>\n\t<meta property=\"og:image:width\" content=\"1000\" \/>\n\t<meta property=\"og:image:height\" content=\"1333\" \/>\n\t<meta property=\"og:image:type\" content=\"image\/webp\" \/>\n<meta name=\"twitter:card\" content=\"summary_large_image\" \/>\n<meta name=\"twitter:label1\" content=\"Estimated reading time\" \/>\n\t<meta name=\"twitter:data1\" content=\"2 minutes\" \/>\n<script type=\"application\/ld+json\" class=\"yoast-schema-graph\">{\"@context\":\"https:\/\/schema.org\",\"@graph\":[{\"@type\":\"WebPage\",\"@id\":\"https:\/\/lunartecanarias.es\/producto\/sombrero-grany-tostado\/\",\"url\":\"https:\/\/lunartecanarias.es\/producto\/sombrero-grany-tostado\/\",\"name\":\"Sombrero grany tostado - Lunarte Canarias\",\"isPartOf\":{\"@id\":\"https:\/\/lunartecanarias.es\/#website\"},\"primaryImageOfPage\":{\"@id\":\"https:\/\/lunartecanarias.es\/producto\/sombrero-grany-tostado\/#primaryimage\"},\"image\":{\"@id\":\"https:\/\/lunartecanarias.es\/producto\/sombrero-grany-tostado\/#primaryimage\"},\"thumbnailUrl\":\"https:\/\/lunartecanarias.es\/wp-content\/uploads\/2024\/12\/GORRO_GRANNY_MARRON_3.webp\",\"datePublished\":\"2023-06-16T15:13:15+00:00\",\"dateModified\":\"2024-12-25T12:57:07+00:00\",\"description\":\"Sombrero grany tostado en crochet, hecho a mano con hilo 100% algod\u00f3n. Dise\u00f1o fresco, c\u00f3modo y a medida. \u00a1Encarga el tuyo ahora en Lunarte Canarias!\",\"breadcrumb\":{\"@id\":\"https:\/\/lunartecanarias.es\/producto\/sombrero-grany-tostado\/#breadcrumb\"},\"inLanguage\":\"en-GB\",\"potentialAction\":[{\"@type\":\"ReadAction\",\"target\":[\"https:\/\/lunartecanarias.es\/producto\/sombrero-grany-tostado\/\"]}]},{\"@type\":\"ImageObject\",\"inLanguage\":\"en-GB\",\"@id\":\"https:\/\/lunartecanarias.es\/producto\/sombrero-grany-tostado\/#primaryimage\",\"url\":\"https:\/\/lunartecanarias.es\/wp-content\/uploads\/2024\/12\/GORRO_GRANNY_MARRON_3.webp\",\"contentUrl\":\"https:\/\/lunartecanarias.es\/wp-content\/uploads\/2024\/12\/GORRO_GRANNY_MARRON_3.webp\",\"width\":1000,\"height\":1333,\"caption\":\"Sombrero grany tostado\"},{\"@type\":\"BreadcrumbList\",\"@id\":\"https:\/\/lunartecanarias.es\/producto\/sombrero-grany-tostado\/#breadcrumb\",\"itemListElement\":[{\"@type\":\"ListItem\",\"position\":1,\"name\":\"Portada\",\"item\":\"https:\/\/lunartecanarias.es\/\"},{\"@type\":\"ListItem\",\"position\":2,\"name\":\"Tienda\",\"item\":\"https:\/\/lunartecanarias.es\/tienda\/\"},{\"@type\":\"ListItem\",\"position\":3,\"name\":\"Sombrero grany tostado\"}]},{\"@type\":\"WebSite\",\"@id\":\"https:\/\/lunartecanarias.es\/#website\",\"url\":\"https:\/\/lunartecanarias.es\/\",\"name\":\"Lunarte Canarias\",\"description\":\"Lunarte Canarias es una tienda artesanal \u00fanica que ofrece productos exclusivos hechos a mano, reflejando la tradici\u00f3n y creatividad canaria. Cada pieza es cuidadosamente elaborada, brindando una experiencia aut\u00e9ntica y original.\",\"publisher\":{\"@id\":\"https:\/\/lunartecanarias.es\/#organization\"},\"potentialAction\":[{\"@type\":\"SearchAction\",\"target\":{\"@type\":\"EntryPoint\",\"urlTemplate\":\"https:\/\/lunartecanarias.es\/?s={search_term_string}\"},\"query-input\":{\"@type\":\"PropertyValueSpecification\",\"valueRequired\":true,\"valueName\":\"search_term_string\"}}],\"inLanguage\":\"en-GB\"},{\"@type\":\"Organization\",\"@id\":\"https:\/\/lunartecanarias.es\/#organization\",\"name\":\"Lunarte Canarias\",\"alternateName\":\"Lunarte\",\"url\":\"https:\/\/lunartecanarias.es\/\",\"logo\":{\"@type\":\"ImageObject\",\"inLanguage\":\"en-GB\",\"@id\":\"https:\/\/lunartecanarias.es\/#\/schema\/logo\/image\/\",\"url\":\"https:\/\/lunartecanarias.es\/wp-content\/uploads\/2023\/01\/Logotipo-Lunarte-200x200px-01.png\",\"contentUrl\":\"https:\/\/lunartecanarias.es\/wp-content\/uploads\/2023\/01\/Logotipo-Lunarte-200x200px-01.png\",\"width\":201,\"height\":201,\"caption\":\"Lunarte Canarias\"},\"image\":{\"@id\":\"https:\/\/lunartecanarias.es\/#\/schema\/logo\/image\/\"}}]}<\/script>\n<!-- \/ Yoast SEO plugin. -->","yoast_head_json":{"title":"Sombrero grany tostado - Lunarte Canarias","description":"Sombrero grany tostado en crochet, hecho a mano con hilo 100% algod\u00f3n. Dise\u00f1o fresco, c\u00f3modo y a medida. \u00a1Encarga el tuyo ahora en Lunarte Canarias!","robots":{"index":"index","follow":"follow","max-snippet":"max-snippet:-1","max-image-preview":"max-image-preview:large","max-video-preview":"max-video-preview:-1"},"canonical":"https:\/\/lunartecanarias.es\/en\/product\/sombrero-grany-tostado\/","og_locale":"en_GB","og_type":"article","og_title":"Sombrero grany tostado - Lunarte Canarias","og_description":"Sombrero grany tostado en crochet, hecho a mano con hilo 100% algod\u00f3n. Dise\u00f1o fresco, c\u00f3modo y a medida. \u00a1Encarga el tuyo ahora en Lunarte Canarias!","og_url":"https:\/\/lunartecanarias.es\/en\/product\/sombrero-grany-tostado\/","og_site_name":"Lunarte Canarias","article_modified_time":"2024-12-25T12:57:07+00:00","og_image":[{"width":1000,"height":1333,"url":"https:\/\/lunartecanarias.es\/wp-content\/uploads\/2024\/12\/GORRO_GRANNY_MARRON_3.webp","type":"image\/webp"}],"twitter_card":"summary_large_image","twitter_misc":{"Estimated reading time":"2 minutes"},"schema":{"@context":"https:\/\/schema.org","@graph":[{"@type":"WebPage","@id":"https:\/\/lunartecanarias.es\/producto\/sombrero-grany-tostado\/","url":"https:\/\/lunartecanarias.es\/producto\/sombrero-grany-tostado\/","name":"Sombrero grany tostado - Lunarte Canarias","isPartOf":{"@id":"https:\/\/lunartecanarias.es\/#website"},"primaryImageOfPage":{"@id":"https:\/\/lunartecanarias.es\/producto\/sombrero-grany-tostado\/#primaryimage"},"image":{"@id":"https:\/\/lunartecanarias.es\/producto\/sombrero-grany-tostado\/#primaryimage"},"thumbnailUrl":"https:\/\/lunartecanarias.es\/wp-content\/uploads\/2024\/12\/GORRO_GRANNY_MARRON_3.webp","datePublished":"2023-06-16T15:13:15+00:00","dateModified":"2024-12-25T12:57:07+00:00","description":"Sombrero grany tostado en crochet, hecho a mano con hilo 100% algod\u00f3n. Dise\u00f1o fresco, c\u00f3modo y a medida. \u00a1Encarga el tuyo ahora en Lunarte Canarias!","breadcrumb":{"@id":"https:\/\/lunartecanarias.es\/producto\/sombrero-grany-tostado\/#breadcrumb"},"inLanguage":"en-GB","potentialAction":[{"@type":"ReadAction","target":["https:\/\/lunartecanarias.es\/producto\/sombrero-grany-tostado\/"]}]},{"@type":"ImageObject","inLanguage":"en-GB","@id":"https:\/\/lunartecanarias.es\/producto\/sombrero-grany-tostado\/#primaryimage","url":"https:\/\/lunartecanarias.es\/wp-content\/uploads\/2024\/12\/GORRO_GRANNY_MARRON_3.webp","contentUrl":"https:\/\/lunartecanarias.es\/wp-content\/uploads\/2024\/12\/GORRO_GRANNY_MARRON_3.webp","width":1000,"height":1333,"caption":"Sombrero grany tostado"},{"@type":"BreadcrumbList","@id":"https:\/\/lunartecanarias.es\/producto\/sombrero-grany-tostado\/#breadcrumb","itemListElement":[{"@type":"ListItem","position":1,"name":"Portada","item":"https:\/\/lunartecanarias.es\/"},{"@type":"ListItem","position":2,"name":"Tienda","item":"https:\/\/lunartecanarias.es\/tienda\/"},{"@type":"ListItem","position":3,"name":"Sombrero grany tostado"}]},{"@type":"WebSite","@id":"https:\/\/lunartecanarias.es\/#website","url":"https:\/\/lunartecanarias.es\/","name":"Lunarte Canarias","description":"Lunarte Canarias es una tienda artesanal \u00fanica que ofrece productos exclusivos hechos a mano, reflejando la tradici\u00f3n y creatividad canaria. Cada pieza es cuidadosamente elaborada, brindando una experiencia aut\u00e9ntica y original.","publisher":{"@id":"https:\/\/lunartecanarias.es\/#organization"},"potentialAction":[{"@type":"SearchAction","target":{"@type":"EntryPoint","urlTemplate":"https:\/\/lunartecanarias.es\/?s={search_term_string}"},"query-input":{"@type":"PropertyValueSpecification","valueRequired":true,"valueName":"search_term_string"}}],"inLanguage":"en-GB"},{"@type":"Organization","@id":"https:\/\/lunartecanarias.es\/#organization","name":"Lunarte Canarias","alternateName":"Lunarte","url":"https:\/\/lunartecanarias.es\/","logo":{"@type":"ImageObject","inLanguage":"en-GB","@id":"https:\/\/lunartecanarias.es\/#\/schema\/logo\/image\/","url":"https:\/\/lunartecanarias.es\/wp-content\/uploads\/2023\/01\/Logotipo-Lunarte-200x200px-01.png","contentUrl":"https:\/\/lunartecanarias.es\/wp-content\/uploads\/2023\/01\/Logotipo-Lunarte-200x200px-01.png","width":201,"height":201,"caption":"Lunarte Canarias"},"image":{"@id":"https:\/\/lunartecanarias.es\/#\/schema\/logo\/image\/"}}]}},"_links":{"self":[{"href":"https:\/\/lunartecanarias.es\/en\/wp-json\/wp\/v2\/product\/3392","targetHints":{"allow":["GET"]}}],"collection":[{"href":"https:\/\/lunartecanarias.es\/en\/wp-json\/wp\/v2\/product"}],"about":[{"href":"https:\/\/lunartecanarias.es\/en\/wp-json\/wp\/v2\/types\/product"}],"wp:featuredmedia":[{"embeddable":true,"href":"https:\/\/lunartecanarias.es\/en\/wp-json\/wp\/v2\/media\/3931"}],"wp:attachment":[{"href":"https:\/\/lunartecanarias.es\/en\/wp-json\/wp\/v2\/media?parent=3392"}],"wp:term":[{"taxonomy":"product_brand","embeddable":true,"href":"https:\/\/lunartecanarias.es\/en\/wp-json\/wp\/v2\/product_brand?post=3392"},{"taxonomy":"product_cat","embeddable":true,"href":"https:\/\/lunartecanarias.es\/en\/wp-json\/wp\/v2\/product_cat?post=3392"},{"taxonomy":"product_tag","embeddable":true,"href":"https:\/\/lunartecanarias.es\/en\/wp-json\/wp\/v2\/product_tag?post=3392"}],"curies":[{"name":"wp","href":"https:\/\/api.w.org\/{rel}","templated":true}]}}