{"id":3399,"date":"2023-06-16T15:18:07","date_gmt":"2023-06-16T15:18:07","guid":{"rendered":"https:\/\/lunartecanarias.es\/?post_type=product&#038;p=3399"},"modified":"2024-12-25T21:54:36","modified_gmt":"2024-12-25T21:54:36","slug":"panuelo-para-el-pelo","status":"publish","type":"product","link":"https:\/\/lunartecanarias.es\/en\/product\/panuelo-para-el-pelo\/","title":{"rendered":"Hair scarf"},"content":{"rendered":"<div id=\"output\" class=\"page-generator__output js-generator-output\">\n<h4><strong>Product<\/strong><\/h4>\n<p>The <strong>Hair scarf<\/strong> is a versatile and colorful accessory, designed to complement any look with a handcrafted and unique touch. Handcrafted in crochet, this hair scarf combines various colors that add freshness and joy to your style. Perfect for holding your hair in place or as a decorative accessory, it is ideal for any occasion, whether for everyday wear, outdoor outings, or to add a special touch to your hairstyles.<\/p>\n<h4><strong>Materials<\/strong><\/h4>\n<p>The <strong>Hair scarf<\/strong> is made with 100% high-quality cotton yarn. This natural material ensures softness and breathability, making it perfect for warm climates. Its handcrafted construction guarantees an exclusive, durable piece designed with attention to every detail, reflecting originality and quality in every stitch.<\/p>\n<h4><strong>Care Instructions<\/strong><\/h4>\n<p>To maintain the quality and design of your hair scarf:<\/p>\n<ul>\n<li>Hand wash it in cold water using a gentle detergent suitable for delicate fabrics.<\/li>\n<li>Lay it flat to dry to preserve its shape and vibrant colors.<\/li>\n<\/ul>\n<p>With these care instructions, you\u2019ll enjoy an accessory that will stay in perfect condition for a long time.<\/p>\n<h4><strong>Shipping Information<\/strong><\/h4>\n<p>In <strong>Lunarte Canarias<\/strong>, each garment is handcrafted with dedication and care. After placing your order:<\/p>\n<ol>\n<li>We will contact you to confirm the estimated shipping date.<\/li>\n<li>You will receive a tracking code once the bikini is completed to monitor your order.<\/li>\n<\/ol>\n<p>If you live in Gran Canaria, you can choose to pick up your hair scarf at our workshop or request home delivery, coordinating the drop-off with you for added convenience.<\/p>\n<h4><strong>Size<\/strong><\/h4>\n<p>Each <strong>Hair scarf<\/strong> is fully custom-made to ensure a perfect fit. After placing your order, we will contact you via email to request your measurements and personalize the garment according to your needs.<\/p>\n<\/div>\n<div id=\"output\" class=\"page-generator__output js-generator-output\">\n<p>&nbsp;<\/p>\n<\/div>","protected":false},"excerpt":{"rendered":"<ul>\n<li>Multicolored crochet hair scarf<\/li>\n<li>100% cotton thread<\/li>\n<li>Hand wash in cold water<\/li>\n<li>Lay flat to dry<\/li>\n<li>Custom-made<\/li>\n<\/ul>\n<p>&nbsp;<\/p>\n<p>&nbsp;<\/p>","protected":false},"featured_media":4091,"template":"","meta":[],"product_brand":[],"product_cat":[41,37],"product_tag":[60,90,91],"class_list":{"0":"post-3399","1":"product","2":"type-product","3":"status-publish","4":"has-post-thumbnail","6":"product_cat-accesorios-de-pelo","7":"product_cat-complementos","8":"product_tag-crochet","9":"product_tag-panuelo","10":"product_tag-pelo","12":"first","13":"instock","14":"purchasable","15":"product-type-simple"},"yoast_head":"<!-- This site is optimized with the Yoast SEO plugin v24.9 - https:\/\/yoast.com\/wordpress\/plugins\/seo\/ -->\n<title>Pa\u00f1uelo para el pelo - Lunarte Canarias<\/title>\n<meta name=\"description\" content=\"Pa\u00f1uelo para el pelo en crochet, con colores vibrantes y dise\u00f1o artesanal. Hecho a mano con hilo 100% algod\u00f3n. \u00a1Encarga el tuyo ahora en Lunarte Canarias!\" \/>\n<meta name=\"robots\" content=\"index, follow, max-snippet:-1, max-image-preview:large, max-video-preview:-1\" \/>\n<link rel=\"canonical\" href=\"https:\/\/lunartecanarias.es\/en\/product\/panuelo-para-el-pelo\/\" \/>\n<meta property=\"og:locale\" content=\"en_GB\" \/>\n<meta property=\"og:type\" content=\"article\" \/>\n<meta property=\"og:title\" content=\"Pa\u00f1uelo para el pelo - Lunarte Canarias\" \/>\n<meta property=\"og:description\" content=\"Pa\u00f1uelo para el pelo en crochet, con colores vibrantes y dise\u00f1o artesanal. Hecho a mano con hilo 100% algod\u00f3n. \u00a1Encarga el tuyo ahora en Lunarte Canarias!\" \/>\n<meta property=\"og:url\" content=\"https:\/\/lunartecanarias.es\/en\/product\/panuelo-para-el-pelo\/\" \/>\n<meta property=\"og:site_name\" content=\"Lunarte Canarias\" \/>\n<meta property=\"article:modified_time\" content=\"2024-12-25T21:54:36+00:00\" \/>\n<meta property=\"og:image\" content=\"https:\/\/lunartecanarias.es\/wp-content\/uploads\/2024\/12\/PANUELO_NARANJA.webp\" \/>\n\t<meta property=\"og:image:width\" content=\"1000\" \/>\n\t<meta property=\"og:image:height\" content=\"1333\" \/>\n\t<meta property=\"og:image:type\" content=\"image\/webp\" \/>\n<meta name=\"twitter:card\" content=\"summary_large_image\" \/>\n<meta name=\"twitter:label1\" content=\"Estimated reading time\" \/>\n\t<meta name=\"twitter:data1\" content=\"2 minutes\" \/>\n<script type=\"application\/ld+json\" class=\"yoast-schema-graph\">{\"@context\":\"https:\/\/schema.org\",\"@graph\":[{\"@type\":\"WebPage\",\"@id\":\"https:\/\/lunartecanarias.es\/producto\/panuelo-para-el-pelo\/\",\"url\":\"https:\/\/lunartecanarias.es\/producto\/panuelo-para-el-pelo\/\",\"name\":\"Pa\u00f1uelo para el pelo - Lunarte Canarias\",\"isPartOf\":{\"@id\":\"https:\/\/lunartecanarias.es\/#website\"},\"primaryImageOfPage\":{\"@id\":\"https:\/\/lunartecanarias.es\/producto\/panuelo-para-el-pelo\/#primaryimage\"},\"image\":{\"@id\":\"https:\/\/lunartecanarias.es\/producto\/panuelo-para-el-pelo\/#primaryimage\"},\"thumbnailUrl\":\"https:\/\/lunartecanarias.es\/wp-content\/uploads\/2024\/12\/PANUELO_NARANJA.webp\",\"datePublished\":\"2023-06-16T15:18:07+00:00\",\"dateModified\":\"2024-12-25T21:54:36+00:00\",\"description\":\"Pa\u00f1uelo para el pelo en crochet, con colores vibrantes y dise\u00f1o artesanal. Hecho a mano con hilo 100% algod\u00f3n. \u00a1Encarga el tuyo ahora en Lunarte Canarias!\",\"breadcrumb\":{\"@id\":\"https:\/\/lunartecanarias.es\/producto\/panuelo-para-el-pelo\/#breadcrumb\"},\"inLanguage\":\"en-GB\",\"potentialAction\":[{\"@type\":\"ReadAction\",\"target\":[\"https:\/\/lunartecanarias.es\/producto\/panuelo-para-el-pelo\/\"]}]},{\"@type\":\"ImageObject\",\"inLanguage\":\"en-GB\",\"@id\":\"https:\/\/lunartecanarias.es\/producto\/panuelo-para-el-pelo\/#primaryimage\",\"url\":\"https:\/\/lunartecanarias.es\/wp-content\/uploads\/2024\/12\/PANUELO_NARANJA.webp\",\"contentUrl\":\"https:\/\/lunartecanarias.es\/wp-content\/uploads\/2024\/12\/PANUELO_NARANJA.webp\",\"width\":1000,\"height\":1333,\"caption\":\"Pa\u00f1uelo para el pelo\"},{\"@type\":\"BreadcrumbList\",\"@id\":\"https:\/\/lunartecanarias.es\/producto\/panuelo-para-el-pelo\/#breadcrumb\",\"itemListElement\":[{\"@type\":\"ListItem\",\"position\":1,\"name\":\"Portada\",\"item\":\"https:\/\/lunartecanarias.es\/\"},{\"@type\":\"ListItem\",\"position\":2,\"name\":\"Tienda\",\"item\":\"https:\/\/lunartecanarias.es\/tienda\/\"},{\"@type\":\"ListItem\",\"position\":3,\"name\":\"Pa\u00f1uelo para el pelo\"}]},{\"@type\":\"WebSite\",\"@id\":\"https:\/\/lunartecanarias.es\/#website\",\"url\":\"https:\/\/lunartecanarias.es\/\",\"name\":\"Lunarte Canarias\",\"description\":\"Lunarte Canarias es una tienda artesanal \u00fanica que ofrece productos exclusivos hechos a mano, reflejando la tradici\u00f3n y creatividad canaria. Cada pieza es cuidadosamente elaborada, brindando una experiencia aut\u00e9ntica y original.\",\"publisher\":{\"@id\":\"https:\/\/lunartecanarias.es\/#organization\"},\"potentialAction\":[{\"@type\":\"SearchAction\",\"target\":{\"@type\":\"EntryPoint\",\"urlTemplate\":\"https:\/\/lunartecanarias.es\/?s={search_term_string}\"},\"query-input\":{\"@type\":\"PropertyValueSpecification\",\"valueRequired\":true,\"valueName\":\"search_term_string\"}}],\"inLanguage\":\"en-GB\"},{\"@type\":\"Organization\",\"@id\":\"https:\/\/lunartecanarias.es\/#organization\",\"name\":\"Lunarte Canarias\",\"alternateName\":\"Lunarte\",\"url\":\"https:\/\/lunartecanarias.es\/\",\"logo\":{\"@type\":\"ImageObject\",\"inLanguage\":\"en-GB\",\"@id\":\"https:\/\/lunartecanarias.es\/#\/schema\/logo\/image\/\",\"url\":\"https:\/\/lunartecanarias.es\/wp-content\/uploads\/2023\/01\/Logotipo-Lunarte-200x200px-01.png\",\"contentUrl\":\"https:\/\/lunartecanarias.es\/wp-content\/uploads\/2023\/01\/Logotipo-Lunarte-200x200px-01.png\",\"width\":201,\"height\":201,\"caption\":\"Lunarte Canarias\"},\"image\":{\"@id\":\"https:\/\/lunartecanarias.es\/#\/schema\/logo\/image\/\"}}]}<\/script>\n<!-- \/ Yoast SEO plugin. -->","yoast_head_json":{"title":"Pa\u00f1uelo para el pelo - Lunarte Canarias","description":"Pa\u00f1uelo para el pelo en crochet, con colores vibrantes y dise\u00f1o artesanal. Hecho a mano con hilo 100% algod\u00f3n. \u00a1Encarga el tuyo ahora en Lunarte Canarias!","robots":{"index":"index","follow":"follow","max-snippet":"max-snippet:-1","max-image-preview":"max-image-preview:large","max-video-preview":"max-video-preview:-1"},"canonical":"https:\/\/lunartecanarias.es\/en\/product\/panuelo-para-el-pelo\/","og_locale":"en_GB","og_type":"article","og_title":"Pa\u00f1uelo para el pelo - Lunarte Canarias","og_description":"Pa\u00f1uelo para el pelo en crochet, con colores vibrantes y dise\u00f1o artesanal. Hecho a mano con hilo 100% algod\u00f3n. \u00a1Encarga el tuyo ahora en Lunarte Canarias!","og_url":"https:\/\/lunartecanarias.es\/en\/product\/panuelo-para-el-pelo\/","og_site_name":"Lunarte Canarias","article_modified_time":"2024-12-25T21:54:36+00:00","og_image":[{"width":1000,"height":1333,"url":"https:\/\/lunartecanarias.es\/wp-content\/uploads\/2024\/12\/PANUELO_NARANJA.webp","type":"image\/webp"}],"twitter_card":"summary_large_image","twitter_misc":{"Estimated reading time":"2 minutes"},"schema":{"@context":"https:\/\/schema.org","@graph":[{"@type":"WebPage","@id":"https:\/\/lunartecanarias.es\/producto\/panuelo-para-el-pelo\/","url":"https:\/\/lunartecanarias.es\/producto\/panuelo-para-el-pelo\/","name":"Pa\u00f1uelo para el pelo - Lunarte Canarias","isPartOf":{"@id":"https:\/\/lunartecanarias.es\/#website"},"primaryImageOfPage":{"@id":"https:\/\/lunartecanarias.es\/producto\/panuelo-para-el-pelo\/#primaryimage"},"image":{"@id":"https:\/\/lunartecanarias.es\/producto\/panuelo-para-el-pelo\/#primaryimage"},"thumbnailUrl":"https:\/\/lunartecanarias.es\/wp-content\/uploads\/2024\/12\/PANUELO_NARANJA.webp","datePublished":"2023-06-16T15:18:07+00:00","dateModified":"2024-12-25T21:54:36+00:00","description":"Pa\u00f1uelo para el pelo en crochet, con colores vibrantes y dise\u00f1o artesanal. Hecho a mano con hilo 100% algod\u00f3n. \u00a1Encarga el tuyo ahora en Lunarte Canarias!","breadcrumb":{"@id":"https:\/\/lunartecanarias.es\/producto\/panuelo-para-el-pelo\/#breadcrumb"},"inLanguage":"en-GB","potentialAction":[{"@type":"ReadAction","target":["https:\/\/lunartecanarias.es\/producto\/panuelo-para-el-pelo\/"]}]},{"@type":"ImageObject","inLanguage":"en-GB","@id":"https:\/\/lunartecanarias.es\/producto\/panuelo-para-el-pelo\/#primaryimage","url":"https:\/\/lunartecanarias.es\/wp-content\/uploads\/2024\/12\/PANUELO_NARANJA.webp","contentUrl":"https:\/\/lunartecanarias.es\/wp-content\/uploads\/2024\/12\/PANUELO_NARANJA.webp","width":1000,"height":1333,"caption":"Pa\u00f1uelo para el pelo"},{"@type":"BreadcrumbList","@id":"https:\/\/lunartecanarias.es\/producto\/panuelo-para-el-pelo\/#breadcrumb","itemListElement":[{"@type":"ListItem","position":1,"name":"Portada","item":"https:\/\/lunartecanarias.es\/"},{"@type":"ListItem","position":2,"name":"Tienda","item":"https:\/\/lunartecanarias.es\/tienda\/"},{"@type":"ListItem","position":3,"name":"Pa\u00f1uelo para el pelo"}]},{"@type":"WebSite","@id":"https:\/\/lunartecanarias.es\/#website","url":"https:\/\/lunartecanarias.es\/","name":"Lunarte Canarias","description":"Lunarte Canarias es una tienda artesanal \u00fanica que ofrece productos exclusivos hechos a mano, reflejando la tradici\u00f3n y creatividad canaria. Cada pieza es cuidadosamente elaborada, brindando una experiencia aut\u00e9ntica y original.","publisher":{"@id":"https:\/\/lunartecanarias.es\/#organization"},"potentialAction":[{"@type":"SearchAction","target":{"@type":"EntryPoint","urlTemplate":"https:\/\/lunartecanarias.es\/?s={search_term_string}"},"query-input":{"@type":"PropertyValueSpecification","valueRequired":true,"valueName":"search_term_string"}}],"inLanguage":"en-GB"},{"@type":"Organization","@id":"https:\/\/lunartecanarias.es\/#organization","name":"Lunarte Canarias","alternateName":"Lunarte","url":"https:\/\/lunartecanarias.es\/","logo":{"@type":"ImageObject","inLanguage":"en-GB","@id":"https:\/\/lunartecanarias.es\/#\/schema\/logo\/image\/","url":"https:\/\/lunartecanarias.es\/wp-content\/uploads\/2023\/01\/Logotipo-Lunarte-200x200px-01.png","contentUrl":"https:\/\/lunartecanarias.es\/wp-content\/uploads\/2023\/01\/Logotipo-Lunarte-200x200px-01.png","width":201,"height":201,"caption":"Lunarte Canarias"},"image":{"@id":"https:\/\/lunartecanarias.es\/#\/schema\/logo\/image\/"}}]}},"_links":{"self":[{"href":"https:\/\/lunartecanarias.es\/en\/wp-json\/wp\/v2\/product\/3399","targetHints":{"allow":["GET"]}}],"collection":[{"href":"https:\/\/lunartecanarias.es\/en\/wp-json\/wp\/v2\/product"}],"about":[{"href":"https:\/\/lunartecanarias.es\/en\/wp-json\/wp\/v2\/types\/product"}],"wp:featuredmedia":[{"embeddable":true,"href":"https:\/\/lunartecanarias.es\/en\/wp-json\/wp\/v2\/media\/4091"}],"wp:attachment":[{"href":"https:\/\/lunartecanarias.es\/en\/wp-json\/wp\/v2\/media?parent=3399"}],"wp:term":[{"taxonomy":"product_brand","embeddable":true,"href":"https:\/\/lunartecanarias.es\/en\/wp-json\/wp\/v2\/product_brand?post=3399"},{"taxonomy":"product_cat","embeddable":true,"href":"https:\/\/lunartecanarias.es\/en\/wp-json\/wp\/v2\/product_cat?post=3399"},{"taxonomy":"product_tag","embeddable":true,"href":"https:\/\/lunartecanarias.es\/en\/wp-json\/wp\/v2\/product_tag?post=3399"}],"curies":[{"name":"wp","href":"https:\/\/api.w.org\/{rel}","templated":true}]}}