{"id":3402,"date":"2023-06-16T15:21:32","date_gmt":"2023-06-16T15:21:32","guid":{"rendered":"https:\/\/lunartecanarias.es\/?post_type=product&#038;p=3402"},"modified":"2024-12-22T19:39:24","modified_gmt":"2024-12-22T19:39:24","slug":"top-anudado-crudo","status":"publish","type":"product","link":"https:\/\/lunartecanarias.es\/en\/product\/top-anudado-crudo\/","title":{"rendered":"Knotted Raw Top"},"content":{"rendered":"<div id=\"output\" class=\"page-generator__output js-generator-output\">\n<h4><strong>Product<\/strong><\/h4>\n<p>The <strong>Knotted Raw Top<\/strong> is an elegant and timeless garment is perfect for those seeking comfort and style in one piece. Handcrafted in crochet, the design features a corset-style back closure and a tied halter neckline, ensuring versatility and comfort. Its neutral raw color makes it an easy-to-pair option with any outfit, whether for casual occasions, special outings, or warm days. This top is a must-have piece that adds a sophisticated and unique touch to your look.<\/p>\n<h4><strong>Materials<\/strong><\/h4>\n<p>The <strong>Knotted Raw Top<\/strong> is crafted with 100% high-quality acrylic thread. This material ensures softness, lightness, and durability, providing all-day comfort. The artisanal craftsmanship reflects dedication and attention to detail, creating an exclusive and long-lasting garment that maintains its shape and color over time.<\/p>\n<h4><strong>Care Instructions<\/strong><\/h4>\n<p>To maintain the quality and design of your top:<\/p>\n<ul>\n<li>Hand wash it in cold water using a gentle detergent suitable for delicate fabrics.<\/li>\n<li>Lay it flat to dry to avoid deformations and preserve its original shape.<\/li>\n<\/ul>\n<p>With these care tips, your garment will remain in perfect condition for a long time.<\/p>\n<h4><strong>Shipping Information<\/strong><\/h4>\n<p>In <strong>Lunarte Canarias<\/strong>, each garment is meticulously handcrafted with care and dedication. After placing your order:<\/p>\n<ol>\n<li>We will contact you to inform you about the estimated shipping date.<\/li>\n<li>Once the garment is completed, you will receive a tracking code to monitor your order.<\/li>\n<\/ol>\n<p>If you're in Gran Canaria, you can choose to either pick up your garment at our workshop or have it delivered to your home, tailored to your convenience.<\/p>\n<h4><strong>Size<\/strong><\/h4>\n<p>Each <strong>Knotted Raw Top<\/strong> is custom-made to ensure a perfect fit. After completing your order, we will contact you via email to request your measurements and create a personalized garment tailored specifically for you.<\/p>\n<\/div>\n<div id=\"output\" class=\"page-generator__output js-generator-output\">\n<p>&nbsp;<\/p>\n<\/div>","protected":false},"excerpt":{"rendered":"<ul>\n<li>Halter Neck Top with Corset-Style Back Closure, Handcrafted in Raw Crochet<\/li>\n<li>50% acrylic yarn<\/li>\n<li>Hand wash in cold water<\/li>\n<li>Lay flat to dry<\/li>\n<li>Custom-made<\/li>\n<\/ul>\n<p>&nbsp;<\/p>","protected":false},"featured_media":3952,"template":"","meta":[],"product_brand":[],"product_cat":[21,24],"product_tag":[60,77],"class_list":{"0":"post-3402","1":"product","2":"type-product","3":"status-publish","4":"has-post-thumbnail","6":"product_cat-moda","7":"product_cat-tops-y-camisetas","8":"product_tag-crochet","9":"product_tag-top","11":"first","12":"instock","13":"featured","14":"purchasable","15":"product-type-simple"},"yoast_head":"<!-- This site is optimized with the Yoast SEO plugin v24.9 - https:\/\/yoast.com\/wordpress\/plugins\/seo\/ -->\n<title>Top anudado crudo - Lunarte Canarias<\/title>\n<meta name=\"description\" content=\"Top anudado crudo en crochet, con cierre tipo cors\u00e9 y ajuste al cuello. Hecho a mano, elegante y ajustado a medida. \u00a1Encarga el tuyo en Lunarte Canarias!\" \/>\n<meta name=\"robots\" content=\"index, follow, max-snippet:-1, max-image-preview:large, max-video-preview:-1\" \/>\n<link rel=\"canonical\" href=\"https:\/\/lunartecanarias.es\/en\/product\/top-anudado-crudo\/\" \/>\n<meta property=\"og:locale\" content=\"en_GB\" \/>\n<meta property=\"og:type\" content=\"article\" \/>\n<meta property=\"og:title\" content=\"Top anudado crudo - Lunarte Canarias\" \/>\n<meta property=\"og:description\" content=\"Top anudado crudo en crochet, con cierre tipo cors\u00e9 y ajuste al cuello. Hecho a mano, elegante y ajustado a medida. \u00a1Encarga el tuyo en Lunarte Canarias!\" \/>\n<meta property=\"og:url\" content=\"https:\/\/lunartecanarias.es\/en\/product\/top-anudado-crudo\/\" \/>\n<meta property=\"og:site_name\" content=\"Lunarte Canarias\" \/>\n<meta property=\"article:modified_time\" content=\"2024-12-22T19:39:24+00:00\" \/>\n<meta property=\"og:image\" content=\"https:\/\/lunartecanarias.es\/wp-content\/uploads\/2024\/12\/TOP_BEIGE_4.webp\" \/>\n\t<meta property=\"og:image:width\" content=\"1000\" \/>\n\t<meta property=\"og:image:height\" content=\"1333\" \/>\n\t<meta property=\"og:image:type\" content=\"image\/webp\" \/>\n<meta name=\"twitter:card\" content=\"summary_large_image\" \/>\n<meta name=\"twitter:label1\" content=\"Estimated reading time\" \/>\n\t<meta name=\"twitter:data1\" content=\"2 minutes\" \/>\n<script type=\"application\/ld+json\" class=\"yoast-schema-graph\">{\"@context\":\"https:\/\/schema.org\",\"@graph\":[{\"@type\":\"WebPage\",\"@id\":\"https:\/\/lunartecanarias.es\/producto\/top-anudado-crudo\/\",\"url\":\"https:\/\/lunartecanarias.es\/producto\/top-anudado-crudo\/\",\"name\":\"Top anudado crudo - Lunarte Canarias\",\"isPartOf\":{\"@id\":\"https:\/\/lunartecanarias.es\/#website\"},\"primaryImageOfPage\":{\"@id\":\"https:\/\/lunartecanarias.es\/producto\/top-anudado-crudo\/#primaryimage\"},\"image\":{\"@id\":\"https:\/\/lunartecanarias.es\/producto\/top-anudado-crudo\/#primaryimage\"},\"thumbnailUrl\":\"https:\/\/lunartecanarias.es\/wp-content\/uploads\/2024\/12\/TOP_BEIGE_4.webp\",\"datePublished\":\"2023-06-16T15:21:32+00:00\",\"dateModified\":\"2024-12-22T19:39:24+00:00\",\"description\":\"Top anudado crudo en crochet, con cierre tipo cors\u00e9 y ajuste al cuello. Hecho a mano, elegante y ajustado a medida. \u00a1Encarga el tuyo en Lunarte Canarias!\",\"breadcrumb\":{\"@id\":\"https:\/\/lunartecanarias.es\/producto\/top-anudado-crudo\/#breadcrumb\"},\"inLanguage\":\"en-GB\",\"potentialAction\":[{\"@type\":\"ReadAction\",\"target\":[\"https:\/\/lunartecanarias.es\/producto\/top-anudado-crudo\/\"]}]},{\"@type\":\"ImageObject\",\"inLanguage\":\"en-GB\",\"@id\":\"https:\/\/lunartecanarias.es\/producto\/top-anudado-crudo\/#primaryimage\",\"url\":\"https:\/\/lunartecanarias.es\/wp-content\/uploads\/2024\/12\/TOP_BEIGE_4.webp\",\"contentUrl\":\"https:\/\/lunartecanarias.es\/wp-content\/uploads\/2024\/12\/TOP_BEIGE_4.webp\",\"width\":1000,\"height\":1333,\"caption\":\"Top anudado crudo\"},{\"@type\":\"BreadcrumbList\",\"@id\":\"https:\/\/lunartecanarias.es\/producto\/top-anudado-crudo\/#breadcrumb\",\"itemListElement\":[{\"@type\":\"ListItem\",\"position\":1,\"name\":\"Portada\",\"item\":\"https:\/\/lunartecanarias.es\/\"},{\"@type\":\"ListItem\",\"position\":2,\"name\":\"Tienda\",\"item\":\"https:\/\/lunartecanarias.es\/tienda\/\"},{\"@type\":\"ListItem\",\"position\":3,\"name\":\"Top anudado crudo\"}]},{\"@type\":\"WebSite\",\"@id\":\"https:\/\/lunartecanarias.es\/#website\",\"url\":\"https:\/\/lunartecanarias.es\/\",\"name\":\"Lunarte Canarias\",\"description\":\"Lunarte Canarias es una tienda artesanal \u00fanica que ofrece productos exclusivos hechos a mano, reflejando la tradici\u00f3n y creatividad canaria. Cada pieza es cuidadosamente elaborada, brindando una experiencia aut\u00e9ntica y original.\",\"publisher\":{\"@id\":\"https:\/\/lunartecanarias.es\/#organization\"},\"potentialAction\":[{\"@type\":\"SearchAction\",\"target\":{\"@type\":\"EntryPoint\",\"urlTemplate\":\"https:\/\/lunartecanarias.es\/?s={search_term_string}\"},\"query-input\":{\"@type\":\"PropertyValueSpecification\",\"valueRequired\":true,\"valueName\":\"search_term_string\"}}],\"inLanguage\":\"en-GB\"},{\"@type\":\"Organization\",\"@id\":\"https:\/\/lunartecanarias.es\/#organization\",\"name\":\"Lunarte Canarias\",\"alternateName\":\"Lunarte\",\"url\":\"https:\/\/lunartecanarias.es\/\",\"logo\":{\"@type\":\"ImageObject\",\"inLanguage\":\"en-GB\",\"@id\":\"https:\/\/lunartecanarias.es\/#\/schema\/logo\/image\/\",\"url\":\"https:\/\/lunartecanarias.es\/wp-content\/uploads\/2023\/01\/Logotipo-Lunarte-200x200px-01.png\",\"contentUrl\":\"https:\/\/lunartecanarias.es\/wp-content\/uploads\/2023\/01\/Logotipo-Lunarte-200x200px-01.png\",\"width\":201,\"height\":201,\"caption\":\"Lunarte Canarias\"},\"image\":{\"@id\":\"https:\/\/lunartecanarias.es\/#\/schema\/logo\/image\/\"}}]}<\/script>\n<!-- \/ Yoast SEO plugin. -->","yoast_head_json":{"title":"Top anudado crudo - Lunarte Canarias","description":"Top anudado crudo en crochet, con cierre tipo cors\u00e9 y ajuste al cuello. Hecho a mano, elegante y ajustado a medida. \u00a1Encarga el tuyo en Lunarte Canarias!","robots":{"index":"index","follow":"follow","max-snippet":"max-snippet:-1","max-image-preview":"max-image-preview:large","max-video-preview":"max-video-preview:-1"},"canonical":"https:\/\/lunartecanarias.es\/en\/product\/top-anudado-crudo\/","og_locale":"en_GB","og_type":"article","og_title":"Top anudado crudo - Lunarte Canarias","og_description":"Top anudado crudo en crochet, con cierre tipo cors\u00e9 y ajuste al cuello. Hecho a mano, elegante y ajustado a medida. \u00a1Encarga el tuyo en Lunarte Canarias!","og_url":"https:\/\/lunartecanarias.es\/en\/product\/top-anudado-crudo\/","og_site_name":"Lunarte Canarias","article_modified_time":"2024-12-22T19:39:24+00:00","og_image":[{"width":1000,"height":1333,"url":"https:\/\/lunartecanarias.es\/wp-content\/uploads\/2024\/12\/TOP_BEIGE_4.webp","type":"image\/webp"}],"twitter_card":"summary_large_image","twitter_misc":{"Estimated reading time":"2 minutes"},"schema":{"@context":"https:\/\/schema.org","@graph":[{"@type":"WebPage","@id":"https:\/\/lunartecanarias.es\/producto\/top-anudado-crudo\/","url":"https:\/\/lunartecanarias.es\/producto\/top-anudado-crudo\/","name":"Top anudado crudo - Lunarte Canarias","isPartOf":{"@id":"https:\/\/lunartecanarias.es\/#website"},"primaryImageOfPage":{"@id":"https:\/\/lunartecanarias.es\/producto\/top-anudado-crudo\/#primaryimage"},"image":{"@id":"https:\/\/lunartecanarias.es\/producto\/top-anudado-crudo\/#primaryimage"},"thumbnailUrl":"https:\/\/lunartecanarias.es\/wp-content\/uploads\/2024\/12\/TOP_BEIGE_4.webp","datePublished":"2023-06-16T15:21:32+00:00","dateModified":"2024-12-22T19:39:24+00:00","description":"Top anudado crudo en crochet, con cierre tipo cors\u00e9 y ajuste al cuello. Hecho a mano, elegante y ajustado a medida. \u00a1Encarga el tuyo en Lunarte Canarias!","breadcrumb":{"@id":"https:\/\/lunartecanarias.es\/producto\/top-anudado-crudo\/#breadcrumb"},"inLanguage":"en-GB","potentialAction":[{"@type":"ReadAction","target":["https:\/\/lunartecanarias.es\/producto\/top-anudado-crudo\/"]}]},{"@type":"ImageObject","inLanguage":"en-GB","@id":"https:\/\/lunartecanarias.es\/producto\/top-anudado-crudo\/#primaryimage","url":"https:\/\/lunartecanarias.es\/wp-content\/uploads\/2024\/12\/TOP_BEIGE_4.webp","contentUrl":"https:\/\/lunartecanarias.es\/wp-content\/uploads\/2024\/12\/TOP_BEIGE_4.webp","width":1000,"height":1333,"caption":"Top anudado crudo"},{"@type":"BreadcrumbList","@id":"https:\/\/lunartecanarias.es\/producto\/top-anudado-crudo\/#breadcrumb","itemListElement":[{"@type":"ListItem","position":1,"name":"Portada","item":"https:\/\/lunartecanarias.es\/"},{"@type":"ListItem","position":2,"name":"Tienda","item":"https:\/\/lunartecanarias.es\/tienda\/"},{"@type":"ListItem","position":3,"name":"Top anudado crudo"}]},{"@type":"WebSite","@id":"https:\/\/lunartecanarias.es\/#website","url":"https:\/\/lunartecanarias.es\/","name":"Lunarte Canarias","description":"Lunarte Canarias es una tienda artesanal \u00fanica que ofrece productos exclusivos hechos a mano, reflejando la tradici\u00f3n y creatividad canaria. Cada pieza es cuidadosamente elaborada, brindando una experiencia aut\u00e9ntica y original.","publisher":{"@id":"https:\/\/lunartecanarias.es\/#organization"},"potentialAction":[{"@type":"SearchAction","target":{"@type":"EntryPoint","urlTemplate":"https:\/\/lunartecanarias.es\/?s={search_term_string}"},"query-input":{"@type":"PropertyValueSpecification","valueRequired":true,"valueName":"search_term_string"}}],"inLanguage":"en-GB"},{"@type":"Organization","@id":"https:\/\/lunartecanarias.es\/#organization","name":"Lunarte Canarias","alternateName":"Lunarte","url":"https:\/\/lunartecanarias.es\/","logo":{"@type":"ImageObject","inLanguage":"en-GB","@id":"https:\/\/lunartecanarias.es\/#\/schema\/logo\/image\/","url":"https:\/\/lunartecanarias.es\/wp-content\/uploads\/2023\/01\/Logotipo-Lunarte-200x200px-01.png","contentUrl":"https:\/\/lunartecanarias.es\/wp-content\/uploads\/2023\/01\/Logotipo-Lunarte-200x200px-01.png","width":201,"height":201,"caption":"Lunarte Canarias"},"image":{"@id":"https:\/\/lunartecanarias.es\/#\/schema\/logo\/image\/"}}]}},"_links":{"self":[{"href":"https:\/\/lunartecanarias.es\/en\/wp-json\/wp\/v2\/product\/3402","targetHints":{"allow":["GET"]}}],"collection":[{"href":"https:\/\/lunartecanarias.es\/en\/wp-json\/wp\/v2\/product"}],"about":[{"href":"https:\/\/lunartecanarias.es\/en\/wp-json\/wp\/v2\/types\/product"}],"wp:featuredmedia":[{"embeddable":true,"href":"https:\/\/lunartecanarias.es\/en\/wp-json\/wp\/v2\/media\/3952"}],"wp:attachment":[{"href":"https:\/\/lunartecanarias.es\/en\/wp-json\/wp\/v2\/media?parent=3402"}],"wp:term":[{"taxonomy":"product_brand","embeddable":true,"href":"https:\/\/lunartecanarias.es\/en\/wp-json\/wp\/v2\/product_brand?post=3402"},{"taxonomy":"product_cat","embeddable":true,"href":"https:\/\/lunartecanarias.es\/en\/wp-json\/wp\/v2\/product_cat?post=3402"},{"taxonomy":"product_tag","embeddable":true,"href":"https:\/\/lunartecanarias.es\/en\/wp-json\/wp\/v2\/product_tag?post=3402"}],"curies":[{"name":"wp","href":"https:\/\/api.w.org\/{rel}","templated":true}]}}