{"id":3438,"date":"2023-06-16T15:42:42","date_gmt":"2023-06-16T15:42:42","guid":{"rendered":"https:\/\/lunartecanarias.es\/?post_type=product&#038;p=3438"},"modified":"2024-12-22T18:56:54","modified_gmt":"2024-12-22T18:56:54","slug":"top-espalda-descubierta-rojo","status":"publish","type":"product","link":"https:\/\/lunartecanarias.es\/en\/product\/top-espalda-descubierta-rojo\/","title":{"rendered":"Red open-back top"},"content":{"rendered":"<div id=\"output\" class=\"page-generator__output js-generator-output\">\n<h4><strong>Product<\/strong><\/h4>\n<p>The <strong>Red open-back top<\/strong> is a bold and sophisticated piece, is designed for those who want to stand out on any occasion. Handcrafted in crochet, this halter top features a striking red color and an open-back design. Its multi-position closure allows for versatile styling and a personalized fit, offering maximum comfort and a unique touch. Perfect to pair with skirts, pants, or shorts, this top is ideal for special events, night outings, or warm days when you want to shine bright.<\/p>\n<h4><strong>Materials<\/strong><\/h4>\n<p>The <strong>Red open-back top<\/strong> is crafted with 100% high-quality cotton thread, a natural material that ensures softness and breathability. This fabric is perfect for staying cool on warm days, providing comfort without compromising style. Additionally, its artisanal craftsmanship guarantees a flawless, durable, and exclusive finish.<\/p>\n<h4><strong>Care Instructions<\/strong><\/h4>\n<p>To preserve the quality and design of your top:<\/p>\n<ul>\n<li>Hand wash it in cold water with a gentle detergent specially made for delicate fabrics.<\/li>\n<li>Lay it flat to dry to prevent deformation and preserve its original shape.<\/li>\n<\/ul>\n<p>By following these recommendations, your top will stay in perfect condition for a long time.<\/p>\n<h4><strong>Shipping Information<\/strong><\/h4>\n<p>In <strong>Lunarte Canarias<\/strong>, each garment is handcrafted with dedication and attention to detail. After placing your order:<\/p>\n<ol>\n<li>We will contact you to inform you about the estimated shipping date.<\/li>\n<li>Once the crafting process is complete, you\u2019ll receive a tracking code to monitor your order.<\/li>\n<\/ol>\n<p>If you're in Gran Canaria, you can choose to pick up your garment at our workshop or request home delivery, scheduling it according to your availability.<\/p>\n<h4><strong>Size<\/strong><\/h4>\n<p>Each <strong>Red open-back top<\/strong> custom-made to ensure a perfect fit for your body. Once you place your order, we\u2019ll reach out via email to request your measurements and ensure your garment fits you flawlessly.<\/p>\n<\/div>\n<div id=\"output\" class=\"page-generator__output js-generator-output\">\n<p>&nbsp;<\/p>\n<\/div>","protected":false},"excerpt":{"rendered":"<ul>\n<li>Red halter top with a multi-position closure and open-back design<\/li>\n<li>100% cotton thread<\/li>\n<li>Hand wash in cold water<\/li>\n<li>Lay flat to dry<\/li>\n<li>Custom-made<\/li>\n<\/ul>\n<p>&nbsp;<\/p>","protected":false},"featured_media":4002,"template":"","meta":[],"product_brand":[],"product_cat":[21,24],"product_tag":[60,77],"class_list":{"0":"post-3438","1":"product","2":"type-product","3":"status-publish","4":"has-post-thumbnail","6":"product_cat-moda","7":"product_cat-tops-y-camisetas","8":"product_tag-crochet","9":"product_tag-top","11":"first","12":"instock","13":"purchasable","14":"product-type-simple"},"yoast_head":"<!-- This site is optimized with the Yoast SEO plugin v24.9 - https:\/\/yoast.com\/wordpress\/plugins\/seo\/ -->\n<title>Top espalda descubierta rojo - Lunarte Canarias<\/title>\n<meta name=\"description\" content=\"Top espalda descubierta rojo, hecho a mano en crochet. Dise\u00f1o halter con cierre multiposici\u00f3n y ajuste a medida. \u00a1Encarga el tuyo ahora en Lunarte Canarias!\" \/>\n<meta name=\"robots\" content=\"index, follow, max-snippet:-1, max-image-preview:large, max-video-preview:-1\" \/>\n<link rel=\"canonical\" href=\"https:\/\/lunartecanarias.es\/en\/product\/top-espalda-descubierta-rojo\/\" \/>\n<meta property=\"og:locale\" content=\"en_GB\" \/>\n<meta property=\"og:type\" content=\"article\" \/>\n<meta property=\"og:title\" content=\"Top espalda descubierta rojo - Lunarte Canarias\" \/>\n<meta property=\"og:description\" content=\"Top espalda descubierta rojo, hecho a mano en crochet. Dise\u00f1o halter con cierre multiposici\u00f3n y ajuste a medida. \u00a1Encarga el tuyo ahora en Lunarte Canarias!\" \/>\n<meta property=\"og:url\" content=\"https:\/\/lunartecanarias.es\/en\/product\/top-espalda-descubierta-rojo\/\" \/>\n<meta property=\"og:site_name\" content=\"Lunarte Canarias\" \/>\n<meta property=\"article:modified_time\" content=\"2024-12-22T18:56:54+00:00\" \/>\n<meta property=\"og:image\" content=\"https:\/\/lunartecanarias.es\/wp-content\/uploads\/2024\/12\/TOP_ROJO_CRUZADO_ESPALDA_2.webp\" \/>\n\t<meta property=\"og:image:width\" content=\"1000\" \/>\n\t<meta property=\"og:image:height\" content=\"1333\" \/>\n\t<meta property=\"og:image:type\" content=\"image\/webp\" \/>\n<meta name=\"twitter:card\" content=\"summary_large_image\" \/>\n<meta name=\"twitter:label1\" content=\"Estimated reading time\" \/>\n\t<meta name=\"twitter:data1\" content=\"2 minutes\" \/>\n<script type=\"application\/ld+json\" class=\"yoast-schema-graph\">{\"@context\":\"https:\/\/schema.org\",\"@graph\":[{\"@type\":\"WebPage\",\"@id\":\"https:\/\/lunartecanarias.es\/producto\/top-espalda-descubierta-rojo\/\",\"url\":\"https:\/\/lunartecanarias.es\/producto\/top-espalda-descubierta-rojo\/\",\"name\":\"Top espalda descubierta rojo - Lunarte Canarias\",\"isPartOf\":{\"@id\":\"https:\/\/lunartecanarias.es\/#website\"},\"primaryImageOfPage\":{\"@id\":\"https:\/\/lunartecanarias.es\/producto\/top-espalda-descubierta-rojo\/#primaryimage\"},\"image\":{\"@id\":\"https:\/\/lunartecanarias.es\/producto\/top-espalda-descubierta-rojo\/#primaryimage\"},\"thumbnailUrl\":\"https:\/\/lunartecanarias.es\/wp-content\/uploads\/2024\/12\/TOP_ROJO_CRUZADO_ESPALDA_2.webp\",\"datePublished\":\"2023-06-16T15:42:42+00:00\",\"dateModified\":\"2024-12-22T18:56:54+00:00\",\"description\":\"Top espalda descubierta rojo, hecho a mano en crochet. Dise\u00f1o halter con cierre multiposici\u00f3n y ajuste a medida. \u00a1Encarga el tuyo ahora en Lunarte Canarias!\",\"breadcrumb\":{\"@id\":\"https:\/\/lunartecanarias.es\/producto\/top-espalda-descubierta-rojo\/#breadcrumb\"},\"inLanguage\":\"en-GB\",\"potentialAction\":[{\"@type\":\"ReadAction\",\"target\":[\"https:\/\/lunartecanarias.es\/producto\/top-espalda-descubierta-rojo\/\"]}]},{\"@type\":\"ImageObject\",\"inLanguage\":\"en-GB\",\"@id\":\"https:\/\/lunartecanarias.es\/producto\/top-espalda-descubierta-rojo\/#primaryimage\",\"url\":\"https:\/\/lunartecanarias.es\/wp-content\/uploads\/2024\/12\/TOP_ROJO_CRUZADO_ESPALDA_2.webp\",\"contentUrl\":\"https:\/\/lunartecanarias.es\/wp-content\/uploads\/2024\/12\/TOP_ROJO_CRUZADO_ESPALDA_2.webp\",\"width\":1000,\"height\":1333,\"caption\":\"Top espalda descubierta rojo\"},{\"@type\":\"BreadcrumbList\",\"@id\":\"https:\/\/lunartecanarias.es\/producto\/top-espalda-descubierta-rojo\/#breadcrumb\",\"itemListElement\":[{\"@type\":\"ListItem\",\"position\":1,\"name\":\"Portada\",\"item\":\"https:\/\/lunartecanarias.es\/\"},{\"@type\":\"ListItem\",\"position\":2,\"name\":\"Tienda\",\"item\":\"https:\/\/lunartecanarias.es\/tienda\/\"},{\"@type\":\"ListItem\",\"position\":3,\"name\":\"Top espalda descubierta rojo\"}]},{\"@type\":\"WebSite\",\"@id\":\"https:\/\/lunartecanarias.es\/#website\",\"url\":\"https:\/\/lunartecanarias.es\/\",\"name\":\"Lunarte Canarias\",\"description\":\"Lunarte Canarias es una tienda artesanal \u00fanica que ofrece productos exclusivos hechos a mano, reflejando la tradici\u00f3n y creatividad canaria. Cada pieza es cuidadosamente elaborada, brindando una experiencia aut\u00e9ntica y original.\",\"publisher\":{\"@id\":\"https:\/\/lunartecanarias.es\/#organization\"},\"potentialAction\":[{\"@type\":\"SearchAction\",\"target\":{\"@type\":\"EntryPoint\",\"urlTemplate\":\"https:\/\/lunartecanarias.es\/?s={search_term_string}\"},\"query-input\":{\"@type\":\"PropertyValueSpecification\",\"valueRequired\":true,\"valueName\":\"search_term_string\"}}],\"inLanguage\":\"en-GB\"},{\"@type\":\"Organization\",\"@id\":\"https:\/\/lunartecanarias.es\/#organization\",\"name\":\"Lunarte Canarias\",\"alternateName\":\"Lunarte\",\"url\":\"https:\/\/lunartecanarias.es\/\",\"logo\":{\"@type\":\"ImageObject\",\"inLanguage\":\"en-GB\",\"@id\":\"https:\/\/lunartecanarias.es\/#\/schema\/logo\/image\/\",\"url\":\"https:\/\/lunartecanarias.es\/wp-content\/uploads\/2023\/01\/Logotipo-Lunarte-200x200px-01.png\",\"contentUrl\":\"https:\/\/lunartecanarias.es\/wp-content\/uploads\/2023\/01\/Logotipo-Lunarte-200x200px-01.png\",\"width\":201,\"height\":201,\"caption\":\"Lunarte Canarias\"},\"image\":{\"@id\":\"https:\/\/lunartecanarias.es\/#\/schema\/logo\/image\/\"}}]}<\/script>\n<!-- \/ Yoast SEO plugin. -->","yoast_head_json":{"title":"Top espalda descubierta rojo - Lunarte Canarias","description":"Top espalda descubierta rojo, hecho a mano en crochet. Dise\u00f1o halter con cierre multiposici\u00f3n y ajuste a medida. \u00a1Encarga el tuyo ahora en Lunarte Canarias!","robots":{"index":"index","follow":"follow","max-snippet":"max-snippet:-1","max-image-preview":"max-image-preview:large","max-video-preview":"max-video-preview:-1"},"canonical":"https:\/\/lunartecanarias.es\/en\/product\/top-espalda-descubierta-rojo\/","og_locale":"en_GB","og_type":"article","og_title":"Top espalda descubierta rojo - Lunarte Canarias","og_description":"Top espalda descubierta rojo, hecho a mano en crochet. Dise\u00f1o halter con cierre multiposici\u00f3n y ajuste a medida. \u00a1Encarga el tuyo ahora en Lunarte Canarias!","og_url":"https:\/\/lunartecanarias.es\/en\/product\/top-espalda-descubierta-rojo\/","og_site_name":"Lunarte Canarias","article_modified_time":"2024-12-22T18:56:54+00:00","og_image":[{"width":1000,"height":1333,"url":"https:\/\/lunartecanarias.es\/wp-content\/uploads\/2024\/12\/TOP_ROJO_CRUZADO_ESPALDA_2.webp","type":"image\/webp"}],"twitter_card":"summary_large_image","twitter_misc":{"Estimated reading time":"2 minutes"},"schema":{"@context":"https:\/\/schema.org","@graph":[{"@type":"WebPage","@id":"https:\/\/lunartecanarias.es\/producto\/top-espalda-descubierta-rojo\/","url":"https:\/\/lunartecanarias.es\/producto\/top-espalda-descubierta-rojo\/","name":"Top espalda descubierta rojo - Lunarte Canarias","isPartOf":{"@id":"https:\/\/lunartecanarias.es\/#website"},"primaryImageOfPage":{"@id":"https:\/\/lunartecanarias.es\/producto\/top-espalda-descubierta-rojo\/#primaryimage"},"image":{"@id":"https:\/\/lunartecanarias.es\/producto\/top-espalda-descubierta-rojo\/#primaryimage"},"thumbnailUrl":"https:\/\/lunartecanarias.es\/wp-content\/uploads\/2024\/12\/TOP_ROJO_CRUZADO_ESPALDA_2.webp","datePublished":"2023-06-16T15:42:42+00:00","dateModified":"2024-12-22T18:56:54+00:00","description":"Top espalda descubierta rojo, hecho a mano en crochet. Dise\u00f1o halter con cierre multiposici\u00f3n y ajuste a medida. \u00a1Encarga el tuyo ahora en Lunarte Canarias!","breadcrumb":{"@id":"https:\/\/lunartecanarias.es\/producto\/top-espalda-descubierta-rojo\/#breadcrumb"},"inLanguage":"en-GB","potentialAction":[{"@type":"ReadAction","target":["https:\/\/lunartecanarias.es\/producto\/top-espalda-descubierta-rojo\/"]}]},{"@type":"ImageObject","inLanguage":"en-GB","@id":"https:\/\/lunartecanarias.es\/producto\/top-espalda-descubierta-rojo\/#primaryimage","url":"https:\/\/lunartecanarias.es\/wp-content\/uploads\/2024\/12\/TOP_ROJO_CRUZADO_ESPALDA_2.webp","contentUrl":"https:\/\/lunartecanarias.es\/wp-content\/uploads\/2024\/12\/TOP_ROJO_CRUZADO_ESPALDA_2.webp","width":1000,"height":1333,"caption":"Top espalda descubierta rojo"},{"@type":"BreadcrumbList","@id":"https:\/\/lunartecanarias.es\/producto\/top-espalda-descubierta-rojo\/#breadcrumb","itemListElement":[{"@type":"ListItem","position":1,"name":"Portada","item":"https:\/\/lunartecanarias.es\/"},{"@type":"ListItem","position":2,"name":"Tienda","item":"https:\/\/lunartecanarias.es\/tienda\/"},{"@type":"ListItem","position":3,"name":"Top espalda descubierta rojo"}]},{"@type":"WebSite","@id":"https:\/\/lunartecanarias.es\/#website","url":"https:\/\/lunartecanarias.es\/","name":"Lunarte Canarias","description":"Lunarte Canarias es una tienda artesanal \u00fanica que ofrece productos exclusivos hechos a mano, reflejando la tradici\u00f3n y creatividad canaria. Cada pieza es cuidadosamente elaborada, brindando una experiencia aut\u00e9ntica y original.","publisher":{"@id":"https:\/\/lunartecanarias.es\/#organization"},"potentialAction":[{"@type":"SearchAction","target":{"@type":"EntryPoint","urlTemplate":"https:\/\/lunartecanarias.es\/?s={search_term_string}"},"query-input":{"@type":"PropertyValueSpecification","valueRequired":true,"valueName":"search_term_string"}}],"inLanguage":"en-GB"},{"@type":"Organization","@id":"https:\/\/lunartecanarias.es\/#organization","name":"Lunarte Canarias","alternateName":"Lunarte","url":"https:\/\/lunartecanarias.es\/","logo":{"@type":"ImageObject","inLanguage":"en-GB","@id":"https:\/\/lunartecanarias.es\/#\/schema\/logo\/image\/","url":"https:\/\/lunartecanarias.es\/wp-content\/uploads\/2023\/01\/Logotipo-Lunarte-200x200px-01.png","contentUrl":"https:\/\/lunartecanarias.es\/wp-content\/uploads\/2023\/01\/Logotipo-Lunarte-200x200px-01.png","width":201,"height":201,"caption":"Lunarte Canarias"},"image":{"@id":"https:\/\/lunartecanarias.es\/#\/schema\/logo\/image\/"}}]}},"_links":{"self":[{"href":"https:\/\/lunartecanarias.es\/en\/wp-json\/wp\/v2\/product\/3438","targetHints":{"allow":["GET"]}}],"collection":[{"href":"https:\/\/lunartecanarias.es\/en\/wp-json\/wp\/v2\/product"}],"about":[{"href":"https:\/\/lunartecanarias.es\/en\/wp-json\/wp\/v2\/types\/product"}],"wp:featuredmedia":[{"embeddable":true,"href":"https:\/\/lunartecanarias.es\/en\/wp-json\/wp\/v2\/media\/4002"}],"wp:attachment":[{"href":"https:\/\/lunartecanarias.es\/en\/wp-json\/wp\/v2\/media?parent=3438"}],"wp:term":[{"taxonomy":"product_brand","embeddable":true,"href":"https:\/\/lunartecanarias.es\/en\/wp-json\/wp\/v2\/product_brand?post=3438"},{"taxonomy":"product_cat","embeddable":true,"href":"https:\/\/lunartecanarias.es\/en\/wp-json\/wp\/v2\/product_cat?post=3438"},{"taxonomy":"product_tag","embeddable":true,"href":"https:\/\/lunartecanarias.es\/en\/wp-json\/wp\/v2\/product_tag?post=3438"}],"curies":[{"name":"wp","href":"https:\/\/api.w.org\/{rel}","templated":true}]}}