{"id":3488,"date":"2023-07-18T11:37:07","date_gmt":"2023-07-18T11:37:07","guid":{"rendered":"https:\/\/lunartecanarias.es\/?post_type=product&#038;p=3488"},"modified":"2025-01-02T00:34:18","modified_gmt":"2025-01-02T00:34:18","slug":"patucos-bebe-color-mostaza","status":"publish","type":"product","link":"https:\/\/lunartecanarias.es\/en\/product\/patucos-bebe-color-mostaza\/","title":{"rendered":"Baby booties in mustard yellow"},"content":{"rendered":"<div id=\"output\" class=\"page-generator__output js-generator-output\">\n<p><strong>Product<\/strong><\/p>\n<p class=\"translation-block\">The <strong>Baby Booties in Mustard<\/strong> are an essential accessory to keep your baby\u2019s feet warm, comfortable, and protected on any occasion. Lovingly designed and handcrafted in crochet, they blend a classic style with a delicate and elegant finish. Their mustard color makes them a versatile choice, perfect for pairing with any outfit, from casual ensembles to special event attire. Beyond their practicality, these booties are an ideal gift, filled with meaning and crafted with dedication.<\/p>\n<p><strong>Materials<\/strong><\/p>\n<p>The Baby Booties in Mustard are made with 100% high-quality cotton thread, carefully selected to provide softness and protection for your baby\u2019s delicate skin. This natural material is breathable, ensuring all-day comfort while also guaranteeing durability, even with frequent use. Each pair is crafted with meticulous attention to detail, offering a truly unique experience.<\/p>\n<p><strong>Care Instructions<\/strong><\/p>\n<p>To maintain the quality of the booties, we recommend hand washing them in cold water with a gentle soap. Then, lay them flat to dry to prevent deformation and preserve their original shape. These simple care instructions ensure the garment stays looking new for longer, accompanying your baby throughout their growth stage.<\/p>\n<p><strong>Shipping Information<\/strong><\/p>\n<p class=\"translation-block\">At <strong>Lunarte Canarias<\/strong>, every garment is handcrafted with care and dedication. Once your order is placed, we\u2019ll contact you to inform you of the estimated shipping date. When the booties are ready, you\u2019ll receive a tracking code to monitor your order. If you\u2019re in Gran Canaria, you can choose <strong>local pickup<\/strong> at our workshop or request <strong>home delivery<\/strong>, tailoring the delivery to your needs.<\/p>\n<p><strong>Size<\/strong><\/p>\n<p>All our booties are made to measure to ensure a perfect fit. After placing your order, we\u2019ll contact you via email to request the baby\u2019s age, ensuring the design is personalized and tailored to their needs.<\/p>\n<\/div>\n<div id=\"output\" class=\"page-generator__output js-generator-output\">\n<p>&nbsp;<\/p>\n<\/div>","protected":false},"excerpt":{"rendered":"<ul>\n<li>Baby booties handcrafted in crochet, mustard yellow color<\/li>\n<li>100% cotton thread<\/li>\n<li>Hand wash in cold water<\/li>\n<li>Lay flat to dry<\/li>\n<li>Custom-made<\/li>\n<\/ul>\n<p>&nbsp;<\/p>","protected":false},"featured_media":4037,"template":"","meta":[],"product_brand":[],"product_cat":[32,35],"product_tag":[94,60,93],"class_list":{"0":"post-3488","1":"product","2":"type-product","3":"status-publish","4":"has-post-thumbnail","6":"product_cat-bebe","7":"product_cat-patucos","8":"product_tag-bebe","9":"product_tag-crochet","10":"product_tag-patucos","12":"first","13":"instock","14":"featured","15":"purchasable","16":"product-type-simple"},"yoast_head":"<!-- This site is optimized with the Yoast SEO plugin v24.9 - https:\/\/yoast.com\/wordpress\/plugins\/seo\/ -->\n<title>Patucos beb\u00e9 color mostaza - Lunarte Canarias<\/title>\n<meta name=\"description\" content=\"Patucos beb\u00e9 color mostaza, hechos a mano en crochet con hilo 100% algod\u00f3n. Suaves, c\u00f3modos y ajustados a medida. \u00a1Compra ahora en Lunarte Canarias!\" \/>\n<meta name=\"robots\" content=\"index, follow, max-snippet:-1, max-image-preview:large, max-video-preview:-1\" \/>\n<link rel=\"canonical\" href=\"https:\/\/lunartecanarias.es\/en\/product\/patucos-bebe-color-mostaza\/\" \/>\n<meta property=\"og:locale\" content=\"en_GB\" \/>\n<meta property=\"og:type\" content=\"article\" \/>\n<meta property=\"og:title\" content=\"Patucos beb\u00e9 color mostaza - Lunarte Canarias\" \/>\n<meta property=\"og:description\" content=\"Patucos beb\u00e9 color mostaza, hechos a mano en crochet con hilo 100% algod\u00f3n. Suaves, c\u00f3modos y ajustados a medida. \u00a1Compra ahora en Lunarte Canarias!\" \/>\n<meta property=\"og:url\" content=\"https:\/\/lunartecanarias.es\/en\/product\/patucos-bebe-color-mostaza\/\" \/>\n<meta property=\"og:site_name\" content=\"Lunarte Canarias\" \/>\n<meta property=\"article:modified_time\" content=\"2025-01-02T00:34:18+00:00\" \/>\n<meta property=\"og:image\" content=\"https:\/\/lunartecanarias.es\/wp-content\/uploads\/2024\/12\/Conjunto_mostaza_6.webp\" \/>\n\t<meta property=\"og:image:width\" content=\"1000\" \/>\n\t<meta property=\"og:image:height\" content=\"1333\" \/>\n\t<meta property=\"og:image:type\" content=\"image\/webp\" \/>\n<meta name=\"twitter:card\" content=\"summary_large_image\" \/>\n<meta name=\"twitter:label1\" content=\"Estimated reading time\" \/>\n\t<meta name=\"twitter:data1\" content=\"2 minutes\" \/>\n<script type=\"application\/ld+json\" class=\"yoast-schema-graph\">{\"@context\":\"https:\/\/schema.org\",\"@graph\":[{\"@type\":\"WebPage\",\"@id\":\"https:\/\/lunartecanarias.es\/producto\/patucos-bebe-color-mostaza\/\",\"url\":\"https:\/\/lunartecanarias.es\/producto\/patucos-bebe-color-mostaza\/\",\"name\":\"Patucos beb\u00e9 color mostaza - Lunarte Canarias\",\"isPartOf\":{\"@id\":\"https:\/\/lunartecanarias.es\/#website\"},\"primaryImageOfPage\":{\"@id\":\"https:\/\/lunartecanarias.es\/producto\/patucos-bebe-color-mostaza\/#primaryimage\"},\"image\":{\"@id\":\"https:\/\/lunartecanarias.es\/producto\/patucos-bebe-color-mostaza\/#primaryimage\"},\"thumbnailUrl\":\"https:\/\/lunartecanarias.es\/wp-content\/uploads\/2024\/12\/Conjunto_mostaza_6.webp\",\"datePublished\":\"2023-07-18T11:37:07+00:00\",\"dateModified\":\"2025-01-02T00:34:18+00:00\",\"description\":\"Patucos beb\u00e9 color mostaza, hechos a mano en crochet con hilo 100% algod\u00f3n. Suaves, c\u00f3modos y ajustados a medida. \u00a1Compra ahora en Lunarte Canarias!\",\"breadcrumb\":{\"@id\":\"https:\/\/lunartecanarias.es\/producto\/patucos-bebe-color-mostaza\/#breadcrumb\"},\"inLanguage\":\"en-GB\",\"potentialAction\":[{\"@type\":\"ReadAction\",\"target\":[\"https:\/\/lunartecanarias.es\/producto\/patucos-bebe-color-mostaza\/\"]}]},{\"@type\":\"ImageObject\",\"inLanguage\":\"en-GB\",\"@id\":\"https:\/\/lunartecanarias.es\/producto\/patucos-bebe-color-mostaza\/#primaryimage\",\"url\":\"https:\/\/lunartecanarias.es\/wp-content\/uploads\/2024\/12\/Conjunto_mostaza_6.webp\",\"contentUrl\":\"https:\/\/lunartecanarias.es\/wp-content\/uploads\/2024\/12\/Conjunto_mostaza_6.webp\",\"width\":1000,\"height\":1333,\"caption\":\"Patucos beb\u00e9 color mostaza\"},{\"@type\":\"BreadcrumbList\",\"@id\":\"https:\/\/lunartecanarias.es\/producto\/patucos-bebe-color-mostaza\/#breadcrumb\",\"itemListElement\":[{\"@type\":\"ListItem\",\"position\":1,\"name\":\"Portada\",\"item\":\"https:\/\/lunartecanarias.es\/\"},{\"@type\":\"ListItem\",\"position\":2,\"name\":\"Tienda\",\"item\":\"https:\/\/lunartecanarias.es\/tienda\/\"},{\"@type\":\"ListItem\",\"position\":3,\"name\":\"Patucos beb\u00e9 color mostaza\"}]},{\"@type\":\"WebSite\",\"@id\":\"https:\/\/lunartecanarias.es\/#website\",\"url\":\"https:\/\/lunartecanarias.es\/\",\"name\":\"Lunarte Canarias\",\"description\":\"Lunarte Canarias es una tienda artesanal \u00fanica que ofrece productos exclusivos hechos a mano, reflejando la tradici\u00f3n y creatividad canaria. Cada pieza es cuidadosamente elaborada, brindando una experiencia aut\u00e9ntica y original.\",\"publisher\":{\"@id\":\"https:\/\/lunartecanarias.es\/#organization\"},\"potentialAction\":[{\"@type\":\"SearchAction\",\"target\":{\"@type\":\"EntryPoint\",\"urlTemplate\":\"https:\/\/lunartecanarias.es\/?s={search_term_string}\"},\"query-input\":{\"@type\":\"PropertyValueSpecification\",\"valueRequired\":true,\"valueName\":\"search_term_string\"}}],\"inLanguage\":\"en-GB\"},{\"@type\":\"Organization\",\"@id\":\"https:\/\/lunartecanarias.es\/#organization\",\"name\":\"Lunarte Canarias\",\"alternateName\":\"Lunarte\",\"url\":\"https:\/\/lunartecanarias.es\/\",\"logo\":{\"@type\":\"ImageObject\",\"inLanguage\":\"en-GB\",\"@id\":\"https:\/\/lunartecanarias.es\/#\/schema\/logo\/image\/\",\"url\":\"https:\/\/lunartecanarias.es\/wp-content\/uploads\/2023\/01\/Logotipo-Lunarte-200x200px-01.png\",\"contentUrl\":\"https:\/\/lunartecanarias.es\/wp-content\/uploads\/2023\/01\/Logotipo-Lunarte-200x200px-01.png\",\"width\":201,\"height\":201,\"caption\":\"Lunarte Canarias\"},\"image\":{\"@id\":\"https:\/\/lunartecanarias.es\/#\/schema\/logo\/image\/\"}}]}<\/script>\n<!-- \/ Yoast SEO plugin. -->","yoast_head_json":{"title":"Patucos beb\u00e9 color mostaza - Lunarte Canarias","description":"Patucos beb\u00e9 color mostaza, hechos a mano en crochet con hilo 100% algod\u00f3n. Suaves, c\u00f3modos y ajustados a medida. \u00a1Compra ahora en Lunarte Canarias!","robots":{"index":"index","follow":"follow","max-snippet":"max-snippet:-1","max-image-preview":"max-image-preview:large","max-video-preview":"max-video-preview:-1"},"canonical":"https:\/\/lunartecanarias.es\/en\/product\/patucos-bebe-color-mostaza\/","og_locale":"en_GB","og_type":"article","og_title":"Patucos beb\u00e9 color mostaza - Lunarte Canarias","og_description":"Patucos beb\u00e9 color mostaza, hechos a mano en crochet con hilo 100% algod\u00f3n. Suaves, c\u00f3modos y ajustados a medida. \u00a1Compra ahora en Lunarte Canarias!","og_url":"https:\/\/lunartecanarias.es\/en\/product\/patucos-bebe-color-mostaza\/","og_site_name":"Lunarte Canarias","article_modified_time":"2025-01-02T00:34:18+00:00","og_image":[{"width":1000,"height":1333,"url":"https:\/\/lunartecanarias.es\/wp-content\/uploads\/2024\/12\/Conjunto_mostaza_6.webp","type":"image\/webp"}],"twitter_card":"summary_large_image","twitter_misc":{"Estimated reading time":"2 minutes"},"schema":{"@context":"https:\/\/schema.org","@graph":[{"@type":"WebPage","@id":"https:\/\/lunartecanarias.es\/producto\/patucos-bebe-color-mostaza\/","url":"https:\/\/lunartecanarias.es\/producto\/patucos-bebe-color-mostaza\/","name":"Patucos beb\u00e9 color mostaza - Lunarte Canarias","isPartOf":{"@id":"https:\/\/lunartecanarias.es\/#website"},"primaryImageOfPage":{"@id":"https:\/\/lunartecanarias.es\/producto\/patucos-bebe-color-mostaza\/#primaryimage"},"image":{"@id":"https:\/\/lunartecanarias.es\/producto\/patucos-bebe-color-mostaza\/#primaryimage"},"thumbnailUrl":"https:\/\/lunartecanarias.es\/wp-content\/uploads\/2024\/12\/Conjunto_mostaza_6.webp","datePublished":"2023-07-18T11:37:07+00:00","dateModified":"2025-01-02T00:34:18+00:00","description":"Patucos beb\u00e9 color mostaza, hechos a mano en crochet con hilo 100% algod\u00f3n. Suaves, c\u00f3modos y ajustados a medida. \u00a1Compra ahora en Lunarte Canarias!","breadcrumb":{"@id":"https:\/\/lunartecanarias.es\/producto\/patucos-bebe-color-mostaza\/#breadcrumb"},"inLanguage":"en-GB","potentialAction":[{"@type":"ReadAction","target":["https:\/\/lunartecanarias.es\/producto\/patucos-bebe-color-mostaza\/"]}]},{"@type":"ImageObject","inLanguage":"en-GB","@id":"https:\/\/lunartecanarias.es\/producto\/patucos-bebe-color-mostaza\/#primaryimage","url":"https:\/\/lunartecanarias.es\/wp-content\/uploads\/2024\/12\/Conjunto_mostaza_6.webp","contentUrl":"https:\/\/lunartecanarias.es\/wp-content\/uploads\/2024\/12\/Conjunto_mostaza_6.webp","width":1000,"height":1333,"caption":"Patucos beb\u00e9 color mostaza"},{"@type":"BreadcrumbList","@id":"https:\/\/lunartecanarias.es\/producto\/patucos-bebe-color-mostaza\/#breadcrumb","itemListElement":[{"@type":"ListItem","position":1,"name":"Portada","item":"https:\/\/lunartecanarias.es\/"},{"@type":"ListItem","position":2,"name":"Tienda","item":"https:\/\/lunartecanarias.es\/tienda\/"},{"@type":"ListItem","position":3,"name":"Patucos beb\u00e9 color mostaza"}]},{"@type":"WebSite","@id":"https:\/\/lunartecanarias.es\/#website","url":"https:\/\/lunartecanarias.es\/","name":"Lunarte Canarias","description":"Lunarte Canarias es una tienda artesanal \u00fanica que ofrece productos exclusivos hechos a mano, reflejando la tradici\u00f3n y creatividad canaria. Cada pieza es cuidadosamente elaborada, brindando una experiencia aut\u00e9ntica y original.","publisher":{"@id":"https:\/\/lunartecanarias.es\/#organization"},"potentialAction":[{"@type":"SearchAction","target":{"@type":"EntryPoint","urlTemplate":"https:\/\/lunartecanarias.es\/?s={search_term_string}"},"query-input":{"@type":"PropertyValueSpecification","valueRequired":true,"valueName":"search_term_string"}}],"inLanguage":"en-GB"},{"@type":"Organization","@id":"https:\/\/lunartecanarias.es\/#organization","name":"Lunarte Canarias","alternateName":"Lunarte","url":"https:\/\/lunartecanarias.es\/","logo":{"@type":"ImageObject","inLanguage":"en-GB","@id":"https:\/\/lunartecanarias.es\/#\/schema\/logo\/image\/","url":"https:\/\/lunartecanarias.es\/wp-content\/uploads\/2023\/01\/Logotipo-Lunarte-200x200px-01.png","contentUrl":"https:\/\/lunartecanarias.es\/wp-content\/uploads\/2023\/01\/Logotipo-Lunarte-200x200px-01.png","width":201,"height":201,"caption":"Lunarte Canarias"},"image":{"@id":"https:\/\/lunartecanarias.es\/#\/schema\/logo\/image\/"}}]}},"_links":{"self":[{"href":"https:\/\/lunartecanarias.es\/en\/wp-json\/wp\/v2\/product\/3488","targetHints":{"allow":["GET"]}}],"collection":[{"href":"https:\/\/lunartecanarias.es\/en\/wp-json\/wp\/v2\/product"}],"about":[{"href":"https:\/\/lunartecanarias.es\/en\/wp-json\/wp\/v2\/types\/product"}],"wp:featuredmedia":[{"embeddable":true,"href":"https:\/\/lunartecanarias.es\/en\/wp-json\/wp\/v2\/media\/4037"}],"wp:attachment":[{"href":"https:\/\/lunartecanarias.es\/en\/wp-json\/wp\/v2\/media?parent=3488"}],"wp:term":[{"taxonomy":"product_brand","embeddable":true,"href":"https:\/\/lunartecanarias.es\/en\/wp-json\/wp\/v2\/product_brand?post=3488"},{"taxonomy":"product_cat","embeddable":true,"href":"https:\/\/lunartecanarias.es\/en\/wp-json\/wp\/v2\/product_cat?post=3488"},{"taxonomy":"product_tag","embeddable":true,"href":"https:\/\/lunartecanarias.es\/en\/wp-json\/wp\/v2\/product_tag?post=3488"}],"curies":[{"name":"wp","href":"https:\/\/api.w.org\/{rel}","templated":true}]}}