{"id":487,"date":"2022-01-14T17:28:29","date_gmt":"2022-01-14T17:28:29","guid":{"rendered":"https:\/\/demo.creativethemes.com\/blocksy\/floreo\/?post_type=product&#038;p=487"},"modified":"2024-12-01T13:29:55","modified_gmt":"2024-12-01T13:29:55","slug":"cardigan-flecos-en-crochet","status":"publish","type":"product","link":"https:\/\/lunartecanarias.es\/en\/product\/cardigan-flecos-en-crochet\/","title":{"rendered":"Fringed cardigan"},"content":{"rendered":"<div id=\"output\" class=\"page-generator__output js-generator-output\">\n<p><strong>Product<\/strong><\/p>\n<p>This elegant Fringed Crochet Cardigan is a unique garment, designed with wide sleeves and decorated with fringes that give it a bohemian and sophisticated style. Its deep blue color with silver highlights makes it a versatile piece, perfect for any occasion, from special events to a casual look with a touch of glamour. Each cardigan is handcrafted, with attention to every detail, ensuring the quality and exclusivity that Lunarte Canarias offers in its unique designs.<\/p>\n<p><strong>Materials<\/strong><\/p>\n<p>The Fringed Crochet Cardigan is made with high-quality yarn composed of 96% acrylic and 4% metallic material. This blend of materials ensures softness, durability, and an elegant shine that enhances its unique and attractive design.<\/p>\n<p><strong>Care Instructions<\/strong><\/p>\n<p>To preserve the quality of your cardigan and maintain its original features, it is essential to follow the care instructions. We recommend hand washing it in cold water with a mild detergent. Additionally, it is important to lay it flat to dry to prevent it from losing its shape. By following these recommendations, you'll enjoy this unique garment for a long time.<\/p>\n<p><strong>Shipping Information<\/strong><\/p>\n<p>At Lunarte Canarias, each garment is handcrafted with dedication and care. This means that each order is unique. Once your order is placed, we will contact you to provide the estimated shipping date. When the garment is finished, you will receive a tracking code to stay updated on the status of your order. If you're in Gran Canaria, you can choose either local pickup at our workshop or home delivery. We will coordinate with you to ensure the delivery is scheduled at the most convenient time.<\/p>\n<p><strong>Size<\/strong><\/p>\n<p>Our garments are made entirely to measure to ensure a perfect fit. Once your order is confirmed, we will contact you via email to request the necessary measurements. This way, your cardigan will be crafted exclusively for you.<\/p>\n<\/div>\n<div id=\"output\" class=\"page-generator__output js-generator-output\">\n<p>&nbsp;<\/p>\n<\/div>","protected":false},"excerpt":{"rendered":"<ul>\n<li>Blue 3\/4 kimono cardigan with wide sleeves and fringe decoration, featuring silver highlights.<\/li>\n<li>96% acrylic, 4% metallic yarn<\/li>\n<li>Hand wash in cold water<\/li>\n<li>Lay flat to dry<\/li>\n<li>Custom-made<\/li>\n<\/ul>\n<p>&nbsp;<\/p>\n<p>&nbsp;<\/p>","protected":false},"featured_media":3612,"template":"","meta":[],"product_brand":[],"product_cat":[23,21],"product_tag":[58,59,60],"class_list":{"0":"post-487","1":"product","2":"type-product","3":"status-publish","4":"has-post-thumbnail","6":"product_cat-abrigos","7":"product_cat-moda","8":"product_tag-abrigo","9":"product_tag-cardigan","10":"product_tag-crochet","12":"first","13":"instock","14":"purchasable","15":"product-type-simple"},"yoast_head":"<!-- This site is optimized with the Yoast SEO plugin v24.9 - https:\/\/yoast.com\/wordpress\/plugins\/seo\/ -->\n<title>C\u00e1rdigan flecos en crochet - Lunarte Canarias<\/title>\n<meta name=\"description\" content=\"C\u00e1rdigan flecos en crochet con manga tres cuartos, hecho a mano con dise\u00f1o exclusivo. Perfecto para cualquier ocasi\u00f3n. Compra ahora en Lunarte Canarias.\" \/>\n<meta name=\"robots\" content=\"index, follow, max-snippet:-1, max-image-preview:large, max-video-preview:-1\" \/>\n<link rel=\"canonical\" href=\"https:\/\/lunartecanarias.es\/en\/product\/cardigan-flecos-en-crochet\/\" \/>\n<meta property=\"og:locale\" content=\"en_GB\" \/>\n<meta property=\"og:type\" content=\"article\" \/>\n<meta property=\"og:title\" content=\"C\u00e1rdigan flecos en crochet - Lunarte Canarias\" \/>\n<meta property=\"og:description\" content=\"C\u00e1rdigan flecos en crochet con manga tres cuartos, hecho a mano con dise\u00f1o exclusivo. Perfecto para cualquier ocasi\u00f3n. Compra ahora en Lunarte Canarias.\" \/>\n<meta property=\"og:url\" content=\"https:\/\/lunartecanarias.es\/en\/product\/cardigan-flecos-en-crochet\/\" \/>\n<meta property=\"og:site_name\" content=\"Lunarte Canarias\" \/>\n<meta property=\"article:modified_time\" content=\"2024-12-01T13:29:55+00:00\" \/>\n<meta property=\"og:image\" content=\"https:\/\/lunartecanarias.es\/wp-content\/uploads\/2022\/01\/CARDIGAN_FLECOS_4.webp\" \/>\n\t<meta property=\"og:image:width\" content=\"1000\" \/>\n\t<meta property=\"og:image:height\" content=\"1333\" \/>\n\t<meta property=\"og:image:type\" content=\"image\/webp\" \/>\n<meta name=\"twitter:card\" content=\"summary_large_image\" \/>\n<meta name=\"twitter:label1\" content=\"Estimated reading time\" \/>\n\t<meta name=\"twitter:data1\" content=\"2 minutes\" \/>\n<script type=\"application\/ld+json\" class=\"yoast-schema-graph\">{\"@context\":\"https:\/\/schema.org\",\"@graph\":[{\"@type\":\"WebPage\",\"@id\":\"https:\/\/lunartecanarias.es\/producto\/cardigan-flecos-en-crochet\/\",\"url\":\"https:\/\/lunartecanarias.es\/producto\/cardigan-flecos-en-crochet\/\",\"name\":\"C\u00e1rdigan flecos en crochet - Lunarte Canarias\",\"isPartOf\":{\"@id\":\"https:\/\/lunartecanarias.es\/#website\"},\"primaryImageOfPage\":{\"@id\":\"https:\/\/lunartecanarias.es\/producto\/cardigan-flecos-en-crochet\/#primaryimage\"},\"image\":{\"@id\":\"https:\/\/lunartecanarias.es\/producto\/cardigan-flecos-en-crochet\/#primaryimage\"},\"thumbnailUrl\":\"https:\/\/lunartecanarias.es\/wp-content\/uploads\/2022\/01\/CARDIGAN_FLECOS_4.webp\",\"datePublished\":\"2022-01-14T17:28:29+00:00\",\"dateModified\":\"2024-12-01T13:29:55+00:00\",\"description\":\"C\u00e1rdigan flecos en crochet con manga tres cuartos, hecho a mano con dise\u00f1o exclusivo. Perfecto para cualquier ocasi\u00f3n. Compra ahora en Lunarte Canarias.\",\"breadcrumb\":{\"@id\":\"https:\/\/lunartecanarias.es\/producto\/cardigan-flecos-en-crochet\/#breadcrumb\"},\"inLanguage\":\"en-GB\",\"potentialAction\":[{\"@type\":\"ReadAction\",\"target\":[\"https:\/\/lunartecanarias.es\/producto\/cardigan-flecos-en-crochet\/\"]}]},{\"@type\":\"ImageObject\",\"inLanguage\":\"en-GB\",\"@id\":\"https:\/\/lunartecanarias.es\/producto\/cardigan-flecos-en-crochet\/#primaryimage\",\"url\":\"https:\/\/lunartecanarias.es\/wp-content\/uploads\/2022\/01\/CARDIGAN_FLECOS_4.webp\",\"contentUrl\":\"https:\/\/lunartecanarias.es\/wp-content\/uploads\/2022\/01\/CARDIGAN_FLECOS_4.webp\",\"width\":1000,\"height\":1333,\"caption\":\"cardigan flecos crochet\"},{\"@type\":\"BreadcrumbList\",\"@id\":\"https:\/\/lunartecanarias.es\/producto\/cardigan-flecos-en-crochet\/#breadcrumb\",\"itemListElement\":[{\"@type\":\"ListItem\",\"position\":1,\"name\":\"Portada\",\"item\":\"https:\/\/lunartecanarias.es\/\"},{\"@type\":\"ListItem\",\"position\":2,\"name\":\"Tienda\",\"item\":\"https:\/\/lunartecanarias.es\/tienda\/\"},{\"@type\":\"ListItem\",\"position\":3,\"name\":\"C\u00e1rdigan flecos\"}]},{\"@type\":\"WebSite\",\"@id\":\"https:\/\/lunartecanarias.es\/#website\",\"url\":\"https:\/\/lunartecanarias.es\/\",\"name\":\"Lunarte Canarias\",\"description\":\"Lunarte Canarias es una tienda artesanal \u00fanica que ofrece productos exclusivos hechos a mano, reflejando la tradici\u00f3n y creatividad canaria. Cada pieza es cuidadosamente elaborada, brindando una experiencia aut\u00e9ntica y original.\",\"publisher\":{\"@id\":\"https:\/\/lunartecanarias.es\/#organization\"},\"potentialAction\":[{\"@type\":\"SearchAction\",\"target\":{\"@type\":\"EntryPoint\",\"urlTemplate\":\"https:\/\/lunartecanarias.es\/?s={search_term_string}\"},\"query-input\":{\"@type\":\"PropertyValueSpecification\",\"valueRequired\":true,\"valueName\":\"search_term_string\"}}],\"inLanguage\":\"en-GB\"},{\"@type\":\"Organization\",\"@id\":\"https:\/\/lunartecanarias.es\/#organization\",\"name\":\"Lunarte Canarias\",\"alternateName\":\"Lunarte\",\"url\":\"https:\/\/lunartecanarias.es\/\",\"logo\":{\"@type\":\"ImageObject\",\"inLanguage\":\"en-GB\",\"@id\":\"https:\/\/lunartecanarias.es\/#\/schema\/logo\/image\/\",\"url\":\"https:\/\/lunartecanarias.es\/wp-content\/uploads\/2023\/01\/Logotipo-Lunarte-200x200px-01.png\",\"contentUrl\":\"https:\/\/lunartecanarias.es\/wp-content\/uploads\/2023\/01\/Logotipo-Lunarte-200x200px-01.png\",\"width\":201,\"height\":201,\"caption\":\"Lunarte Canarias\"},\"image\":{\"@id\":\"https:\/\/lunartecanarias.es\/#\/schema\/logo\/image\/\"}}]}<\/script>\n<!-- \/ Yoast SEO plugin. -->","yoast_head_json":{"title":"C\u00e1rdigan flecos en crochet - Lunarte Canarias","description":"C\u00e1rdigan flecos en crochet con manga tres cuartos, hecho a mano con dise\u00f1o exclusivo. Perfecto para cualquier ocasi\u00f3n. Compra ahora en Lunarte Canarias.","robots":{"index":"index","follow":"follow","max-snippet":"max-snippet:-1","max-image-preview":"max-image-preview:large","max-video-preview":"max-video-preview:-1"},"canonical":"https:\/\/lunartecanarias.es\/en\/product\/cardigan-flecos-en-crochet\/","og_locale":"en_GB","og_type":"article","og_title":"C\u00e1rdigan flecos en crochet - Lunarte Canarias","og_description":"C\u00e1rdigan flecos en crochet con manga tres cuartos, hecho a mano con dise\u00f1o exclusivo. Perfecto para cualquier ocasi\u00f3n. Compra ahora en Lunarte Canarias.","og_url":"https:\/\/lunartecanarias.es\/en\/product\/cardigan-flecos-en-crochet\/","og_site_name":"Lunarte Canarias","article_modified_time":"2024-12-01T13:29:55+00:00","og_image":[{"width":1000,"height":1333,"url":"https:\/\/lunartecanarias.es\/wp-content\/uploads\/2022\/01\/CARDIGAN_FLECOS_4.webp","type":"image\/webp"}],"twitter_card":"summary_large_image","twitter_misc":{"Estimated reading time":"2 minutes"},"schema":{"@context":"https:\/\/schema.org","@graph":[{"@type":"WebPage","@id":"https:\/\/lunartecanarias.es\/producto\/cardigan-flecos-en-crochet\/","url":"https:\/\/lunartecanarias.es\/producto\/cardigan-flecos-en-crochet\/","name":"C\u00e1rdigan flecos en crochet - Lunarte Canarias","isPartOf":{"@id":"https:\/\/lunartecanarias.es\/#website"},"primaryImageOfPage":{"@id":"https:\/\/lunartecanarias.es\/producto\/cardigan-flecos-en-crochet\/#primaryimage"},"image":{"@id":"https:\/\/lunartecanarias.es\/producto\/cardigan-flecos-en-crochet\/#primaryimage"},"thumbnailUrl":"https:\/\/lunartecanarias.es\/wp-content\/uploads\/2022\/01\/CARDIGAN_FLECOS_4.webp","datePublished":"2022-01-14T17:28:29+00:00","dateModified":"2024-12-01T13:29:55+00:00","description":"C\u00e1rdigan flecos en crochet con manga tres cuartos, hecho a mano con dise\u00f1o exclusivo. Perfecto para cualquier ocasi\u00f3n. Compra ahora en Lunarte Canarias.","breadcrumb":{"@id":"https:\/\/lunartecanarias.es\/producto\/cardigan-flecos-en-crochet\/#breadcrumb"},"inLanguage":"en-GB","potentialAction":[{"@type":"ReadAction","target":["https:\/\/lunartecanarias.es\/producto\/cardigan-flecos-en-crochet\/"]}]},{"@type":"ImageObject","inLanguage":"en-GB","@id":"https:\/\/lunartecanarias.es\/producto\/cardigan-flecos-en-crochet\/#primaryimage","url":"https:\/\/lunartecanarias.es\/wp-content\/uploads\/2022\/01\/CARDIGAN_FLECOS_4.webp","contentUrl":"https:\/\/lunartecanarias.es\/wp-content\/uploads\/2022\/01\/CARDIGAN_FLECOS_4.webp","width":1000,"height":1333,"caption":"cardigan flecos crochet"},{"@type":"BreadcrumbList","@id":"https:\/\/lunartecanarias.es\/producto\/cardigan-flecos-en-crochet\/#breadcrumb","itemListElement":[{"@type":"ListItem","position":1,"name":"Portada","item":"https:\/\/lunartecanarias.es\/"},{"@type":"ListItem","position":2,"name":"Tienda","item":"https:\/\/lunartecanarias.es\/tienda\/"},{"@type":"ListItem","position":3,"name":"C\u00e1rdigan flecos"}]},{"@type":"WebSite","@id":"https:\/\/lunartecanarias.es\/#website","url":"https:\/\/lunartecanarias.es\/","name":"Lunarte Canarias","description":"Lunarte Canarias es una tienda artesanal \u00fanica que ofrece productos exclusivos hechos a mano, reflejando la tradici\u00f3n y creatividad canaria. Cada pieza es cuidadosamente elaborada, brindando una experiencia aut\u00e9ntica y original.","publisher":{"@id":"https:\/\/lunartecanarias.es\/#organization"},"potentialAction":[{"@type":"SearchAction","target":{"@type":"EntryPoint","urlTemplate":"https:\/\/lunartecanarias.es\/?s={search_term_string}"},"query-input":{"@type":"PropertyValueSpecification","valueRequired":true,"valueName":"search_term_string"}}],"inLanguage":"en-GB"},{"@type":"Organization","@id":"https:\/\/lunartecanarias.es\/#organization","name":"Lunarte Canarias","alternateName":"Lunarte","url":"https:\/\/lunartecanarias.es\/","logo":{"@type":"ImageObject","inLanguage":"en-GB","@id":"https:\/\/lunartecanarias.es\/#\/schema\/logo\/image\/","url":"https:\/\/lunartecanarias.es\/wp-content\/uploads\/2023\/01\/Logotipo-Lunarte-200x200px-01.png","contentUrl":"https:\/\/lunartecanarias.es\/wp-content\/uploads\/2023\/01\/Logotipo-Lunarte-200x200px-01.png","width":201,"height":201,"caption":"Lunarte Canarias"},"image":{"@id":"https:\/\/lunartecanarias.es\/#\/schema\/logo\/image\/"}}]}},"_links":{"self":[{"href":"https:\/\/lunartecanarias.es\/en\/wp-json\/wp\/v2\/product\/487","targetHints":{"allow":["GET"]}}],"collection":[{"href":"https:\/\/lunartecanarias.es\/en\/wp-json\/wp\/v2\/product"}],"about":[{"href":"https:\/\/lunartecanarias.es\/en\/wp-json\/wp\/v2\/types\/product"}],"wp:featuredmedia":[{"embeddable":true,"href":"https:\/\/lunartecanarias.es\/en\/wp-json\/wp\/v2\/media\/3612"}],"wp:attachment":[{"href":"https:\/\/lunartecanarias.es\/en\/wp-json\/wp\/v2\/media?parent=487"}],"wp:term":[{"taxonomy":"product_brand","embeddable":true,"href":"https:\/\/lunartecanarias.es\/en\/wp-json\/wp\/v2\/product_brand?post=487"},{"taxonomy":"product_cat","embeddable":true,"href":"https:\/\/lunartecanarias.es\/en\/wp-json\/wp\/v2\/product_cat?post=487"},{"taxonomy":"product_tag","embeddable":true,"href":"https:\/\/lunartecanarias.es\/en\/wp-json\/wp\/v2\/product_tag?post=487"}],"curies":[{"name":"wp","href":"https:\/\/api.w.org\/{rel}","templated":true}]}}